{"id":8164,"date":"2025-04-29T13:37:32","date_gmt":"2025-04-29T13:37:32","guid":{"rendered":"https:\/\/amberhuman.lt\/?post_type=product&#038;p=8164"},"modified":"2026-01-29T14:31:53","modified_gmt":"2026-01-29T14:31:53","slug":"briliantai-skaidraus-gintaro-auskarai","status":"publish","type":"product","link":"https:\/\/amberhuman.lt\/en\/product\/briliantai-skaidraus-gintaro-auskarai\/","title":{"rendered":"\"Diamonds\" Clear Amber Earrings"},"content":{"rendered":"<p>\"Diamonds\" Clear Amber Earrings<\/p>\n<p>Exclusive earrings made of natural clear angled amber. Light, elegant and perfect for both everyday and special occasions.<\/p>\n<p>The size of the amber is about 14*11mm.<\/p>","protected":false},"excerpt":{"rendered":"<p>\u201eBriliantai\u201d Skaidraus Gintaro Auskarai I\u0161skirtiniai auskarai i\u0161 nat\u016bralaus skaidraus kampuoto gintaro. Lengvi, eleganti\u0161ki ir puikiai tinkantys tiek kasdienai, tiek ypatingoms progoms. Gintariuko dydis apie 14*11mm..<\/p>","protected":false},"featured_media":8167,"template":"","meta":[],"product_brand":[],"product_cat":[207,159],"product_tag":[],"class_list":{"0":"post-8164","1":"product","2":"type-product","3":"status-publish","4":"has-post-thumbnail","6":"product_cat-auskarai","7":"product_cat-moterims","9":"first","10":"instock","11":"taxable","12":"shipping-taxable","13":"purchasable","14":"product-type-variable"},"yoast_head":"<!-- This site is optimized with the Yoast SEO plugin v27.4 - https:\/\/yoast.com\/product\/yoast-seo-wordpress\/ -->\n<title>\u201eBriliantai\u201d Skaidraus Gintaro Auskarai - AmberHuman<\/title>\n<meta name=\"robots\" content=\"index, follow, max-snippet:-1, max-image-preview:large, max-video-preview:-1\" \/>\n<link rel=\"canonical\" href=\"https:\/\/amberhuman.lt\/en\/product\/briliantai-skaidraus-gintaro-auskarai\/\" \/>\n<meta property=\"og:locale\" content=\"en_GB\" \/>\n<meta property=\"og:type\" content=\"article\" \/>\n<meta property=\"og:title\" content=\"\u201eBriliantai\u201d Skaidraus Gintaro Auskarai - AmberHuman\" \/>\n<meta property=\"og:description\" content=\"\u201eBriliantai\u201d Skaidraus Gintaro Auskarai I\u0161skirtiniai auskarai i\u0161 nat\u016bralaus skaidraus kampuoto gintaro. Lengvi, eleganti\u0161ki ir puikiai tinkantys tiek kasdienai, tiek ypatingoms progoms. Gintariuko dydis apie 14*11mm..\" \/>\n<meta property=\"og:url\" content=\"https:\/\/amberhuman.lt\/en\/product\/briliantai-skaidraus-gintaro-auskarai\/\" \/>\n<meta property=\"og:site_name\" content=\"AmberHuman\" \/>\n<meta property=\"article:modified_time\" content=\"2026-01-29T14:31:53+00:00\" \/>\n<meta property=\"og:image\" content=\"https:\/\/amberhuman.lt\/wp-content\/uploads\/2025\/04\/img_5982_2-scaled.jpg\" \/>\n\t<meta property=\"og:image:width\" content=\"2560\" \/>\n\t<meta property=\"og:image:height\" content=\"1303\" \/>\n\t<meta property=\"og:image:type\" content=\"image\/jpeg\" \/>\n<meta name=\"twitter:card\" content=\"summary_large_image\" \/>\n<meta name=\"twitter:label1\" content=\"Estimated reading time\" \/>\n\t<meta name=\"twitter:data1\" content=\"1 minute\" \/>\n<script type=\"application\/ld+json\" class=\"yoast-schema-graph\">{\"@context\":\"https:\\\/\\\/schema.org\",\"@graph\":[{\"@type\":\"WebPage\",\"@id\":\"https:\\\/\\\/amberhuman.lt\\\/product\\\/briliantai-skaidraus-gintaro-auskarai\\\/\",\"url\":\"https:\\\/\\\/amberhuman.lt\\\/product\\\/briliantai-skaidraus-gintaro-auskarai\\\/\",\"name\":\"\u201eBriliantai\u201d Skaidraus Gintaro Auskarai - AmberHuman\",\"isPartOf\":{\"@id\":\"https:\\\/\\\/amberhuman.lt\\\/#website\"},\"primaryImageOfPage\":{\"@id\":\"https:\\\/\\\/amberhuman.lt\\\/product\\\/briliantai-skaidraus-gintaro-auskarai\\\/#primaryimage\"},\"image\":{\"@id\":\"https:\\\/\\\/amberhuman.lt\\\/product\\\/briliantai-skaidraus-gintaro-auskarai\\\/#primaryimage\"},\"thumbnailUrl\":\"https:\\\/\\\/amberhuman.lt\\\/wp-content\\\/uploads\\\/2025\\\/04\\\/img_5982_2-scaled.jpg\",\"datePublished\":\"2025-04-29T13:37:32+00:00\",\"dateModified\":\"2026-01-29T14:31:53+00:00\",\"breadcrumb\":{\"@id\":\"https:\\\/\\\/amberhuman.lt\\\/product\\\/briliantai-skaidraus-gintaro-auskarai\\\/#breadcrumb\"},\"inLanguage\":\"en-GB\",\"potentialAction\":[{\"@type\":\"ReadAction\",\"target\":[\"https:\\\/\\\/amberhuman.lt\\\/product\\\/briliantai-skaidraus-gintaro-auskarai\\\/\"]}]},{\"@type\":\"ImageObject\",\"inLanguage\":\"en-GB\",\"@id\":\"https:\\\/\\\/amberhuman.lt\\\/product\\\/briliantai-skaidraus-gintaro-auskarai\\\/#primaryimage\",\"url\":\"https:\\\/\\\/amberhuman.lt\\\/wp-content\\\/uploads\\\/2025\\\/04\\\/img_5982_2-scaled.jpg\",\"contentUrl\":\"https:\\\/\\\/amberhuman.lt\\\/wp-content\\\/uploads\\\/2025\\\/04\\\/img_5982_2-scaled.jpg\",\"width\":2560,\"height\":1303,\"caption\":\"\u201eBriliantai\u201d Skaidraus Gintaro Auskarai\"},{\"@type\":\"BreadcrumbList\",\"@id\":\"https:\\\/\\\/amberhuman.lt\\\/product\\\/briliantai-skaidraus-gintaro-auskarai\\\/#breadcrumb\",\"itemListElement\":[{\"@type\":\"ListItem\",\"position\":1,\"name\":\"Home\",\"item\":\"https:\\\/\\\/amberhuman.lt\\\/\"},{\"@type\":\"ListItem\",\"position\":2,\"name\":\"Parduotuv\u0117\",\"item\":\"https:\\\/\\\/amberhuman.lt\\\/parduotuve\\\/\"},{\"@type\":\"ListItem\",\"position\":3,\"name\":\"\u201eBriliantai\u201d Skaidraus Gintaro Auskarai\"}]},{\"@type\":\"WebSite\",\"@id\":\"https:\\\/\\\/amberhuman.lt\\\/#website\",\"url\":\"https:\\\/\\\/amberhuman.lt\\\/\",\"name\":\"amberhuman.lt\",\"description\":\"\",\"publisher\":{\"@id\":\"https:\\\/\\\/amberhuman.lt\\\/#organization\"},\"potentialAction\":[{\"@type\":\"SearchAction\",\"target\":{\"@type\":\"EntryPoint\",\"urlTemplate\":\"https:\\\/\\\/amberhuman.lt\\\/?s={search_term_string}\"},\"query-input\":{\"@type\":\"PropertyValueSpecification\",\"valueRequired\":true,\"valueName\":\"search_term_string\"}}],\"inLanguage\":\"en-GB\"},{\"@type\":\"Organization\",\"@id\":\"https:\\\/\\\/amberhuman.lt\\\/#organization\",\"name\":\"AmberHuman\",\"url\":\"https:\\\/\\\/amberhuman.lt\\\/\",\"logo\":{\"@type\":\"ImageObject\",\"inLanguage\":\"en-GB\",\"@id\":\"https:\\\/\\\/amberhuman.lt\\\/#\\\/schema\\\/logo\\\/image\\\/\",\"url\":\"https:\\\/\\\/amberhuman.lt\\\/wp-content\\\/uploads\\\/2021\\\/03\\\/logo2.png\",\"contentUrl\":\"https:\\\/\\\/amberhuman.lt\\\/wp-content\\\/uploads\\\/2021\\\/03\\\/logo2.png\",\"width\":300,\"height\":70,\"caption\":\"AmberHuman\"},\"image\":{\"@id\":\"https:\\\/\\\/amberhuman.lt\\\/#\\\/schema\\\/logo\\\/image\\\/\"}}]}<\/script>\n<!-- \/ Yoast SEO plugin. -->","yoast_head_json":{"title":"\u201eBriliantai\u201d Skaidraus Gintaro Auskarai - AmberHuman","robots":{"index":"index","follow":"follow","max-snippet":"max-snippet:-1","max-image-preview":"max-image-preview:large","max-video-preview":"max-video-preview:-1"},"canonical":"https:\/\/amberhuman.lt\/en\/product\/briliantai-skaidraus-gintaro-auskarai\/","og_locale":"en_GB","og_type":"article","og_title":"\u201eBriliantai\u201d Skaidraus Gintaro Auskarai - AmberHuman","og_description":"\u201eBriliantai\u201d Skaidraus Gintaro Auskarai I\u0161skirtiniai auskarai i\u0161 nat\u016bralaus skaidraus kampuoto gintaro. Lengvi, eleganti\u0161ki ir puikiai tinkantys tiek kasdienai, tiek ypatingoms progoms. Gintariuko dydis apie 14*11mm..","og_url":"https:\/\/amberhuman.lt\/en\/product\/briliantai-skaidraus-gintaro-auskarai\/","og_site_name":"AmberHuman","article_modified_time":"2026-01-29T14:31:53+00:00","og_image":[{"width":2560,"height":1303,"url":"https:\/\/amberhuman.lt\/wp-content\/uploads\/2025\/04\/img_5982_2-scaled.jpg","type":"image\/jpeg"}],"twitter_card":"summary_large_image","twitter_misc":{"Estimated reading time":"1 minute"},"schema":{"@context":"https:\/\/schema.org","@graph":[{"@type":"WebPage","@id":"https:\/\/amberhuman.lt\/product\/briliantai-skaidraus-gintaro-auskarai\/","url":"https:\/\/amberhuman.lt\/product\/briliantai-skaidraus-gintaro-auskarai\/","name":"\u201eBriliantai\u201d Skaidraus Gintaro Auskarai - AmberHuman","isPartOf":{"@id":"https:\/\/amberhuman.lt\/#website"},"primaryImageOfPage":{"@id":"https:\/\/amberhuman.lt\/product\/briliantai-skaidraus-gintaro-auskarai\/#primaryimage"},"image":{"@id":"https:\/\/amberhuman.lt\/product\/briliantai-skaidraus-gintaro-auskarai\/#primaryimage"},"thumbnailUrl":"https:\/\/amberhuman.lt\/wp-content\/uploads\/2025\/04\/img_5982_2-scaled.jpg","datePublished":"2025-04-29T13:37:32+00:00","dateModified":"2026-01-29T14:31:53+00:00","breadcrumb":{"@id":"https:\/\/amberhuman.lt\/product\/briliantai-skaidraus-gintaro-auskarai\/#breadcrumb"},"inLanguage":"en-GB","potentialAction":[{"@type":"ReadAction","target":["https:\/\/amberhuman.lt\/product\/briliantai-skaidraus-gintaro-auskarai\/"]}]},{"@type":"ImageObject","inLanguage":"en-GB","@id":"https:\/\/amberhuman.lt\/product\/briliantai-skaidraus-gintaro-auskarai\/#primaryimage","url":"https:\/\/amberhuman.lt\/wp-content\/uploads\/2025\/04\/img_5982_2-scaled.jpg","contentUrl":"https:\/\/amberhuman.lt\/wp-content\/uploads\/2025\/04\/img_5982_2-scaled.jpg","width":2560,"height":1303,"caption":"\u201eBriliantai\u201d Skaidraus Gintaro Auskarai"},{"@type":"BreadcrumbList","@id":"https:\/\/amberhuman.lt\/product\/briliantai-skaidraus-gintaro-auskarai\/#breadcrumb","itemListElement":[{"@type":"ListItem","position":1,"name":"Home","item":"https:\/\/amberhuman.lt\/"},{"@type":"ListItem","position":2,"name":"Parduotuv\u0117","item":"https:\/\/amberhuman.lt\/parduotuve\/"},{"@type":"ListItem","position":3,"name":"\u201eBriliantai\u201d Skaidraus Gintaro Auskarai"}]},{"@type":"WebSite","@id":"https:\/\/amberhuman.lt\/#website","url":"https:\/\/amberhuman.lt\/","name":"amberhuman.lt","description":"","publisher":{"@id":"https:\/\/amberhuman.lt\/#organization"},"potentialAction":[{"@type":"SearchAction","target":{"@type":"EntryPoint","urlTemplate":"https:\/\/amberhuman.lt\/?s={search_term_string}"},"query-input":{"@type":"PropertyValueSpecification","valueRequired":true,"valueName":"search_term_string"}}],"inLanguage":"en-GB"},{"@type":"Organization","@id":"https:\/\/amberhuman.lt\/#organization","name":"AmberHuman","url":"https:\/\/amberhuman.lt\/","logo":{"@type":"ImageObject","inLanguage":"en-GB","@id":"https:\/\/amberhuman.lt\/#\/schema\/logo\/image\/","url":"https:\/\/amberhuman.lt\/wp-content\/uploads\/2021\/03\/logo2.png","contentUrl":"https:\/\/amberhuman.lt\/wp-content\/uploads\/2021\/03\/logo2.png","width":300,"height":70,"caption":"AmberHuman"},"image":{"@id":"https:\/\/amberhuman.lt\/#\/schema\/logo\/image\/"}}]}},"_links":{"self":[{"href":"https:\/\/amberhuman.lt\/en\/wp-json\/wp\/v2\/product\/8164","targetHints":{"allow":["GET"]}}],"collection":[{"href":"https:\/\/amberhuman.lt\/en\/wp-json\/wp\/v2\/product"}],"about":[{"href":"https:\/\/amberhuman.lt\/en\/wp-json\/wp\/v2\/types\/product"}],"wp:featuredmedia":[{"embeddable":true,"href":"https:\/\/amberhuman.lt\/en\/wp-json\/wp\/v2\/media\/8167"}],"wp:attachment":[{"href":"https:\/\/amberhuman.lt\/en\/wp-json\/wp\/v2\/media?parent=8164"}],"wp:term":[{"taxonomy":"product_brand","embeddable":true,"href":"https:\/\/amberhuman.lt\/en\/wp-json\/wp\/v2\/product_brand?post=8164"},{"taxonomy":"product_cat","embeddable":true,"href":"https:\/\/amberhuman.lt\/en\/wp-json\/wp\/v2\/product_cat?post=8164"},{"taxonomy":"product_tag","embeddable":true,"href":"https:\/\/amberhuman.lt\/en\/wp-json\/wp\/v2\/product_tag?post=8164"}],"curies":[{"name":"wp","href":"https:\/\/api.w.org\/{rel}","templated":true}]}}