{"id":7952,"date":"2024-07-27T13:27:19","date_gmt":"2024-07-27T13:27:19","guid":{"rendered":"https:\/\/amberhuman.lt\/?post_type=product&#038;p=7952"},"modified":"2024-07-27T17:35:42","modified_gmt":"2024-07-27T17:35:42","slug":"verinys-spalvotas-dziaugmas","status":"publish","type":"product","link":"https:\/\/amberhuman.lt\/en\/product\/verinys-spalvotas-dziaugmas\/","title":{"rendered":"Necklace &quot;Colorful Joy&quot;"},"content":{"rendered":"<p>Blizguas, spalvoto gintaro, tobulai apvali\u0173 rutuliuk\u0173 v\u0117rinys &#8222;D\u017eiaugsmas&#8221; su metalin\u0117m detal\u0117m ant kau\u010diukin\u0117s virvel\u0117s<\/p>\n<p>Skirtingi modeliai:<\/p>\n<ol>\n<li>Rutuliuk\u0173 diametras: ~10,5-13mm<\/li>\n<\/ol>\n<p>V\u0117rinio ilgis pasirenkamas: ~44cm<\/p>\n<p>____________________________<\/p>\n<p>2. Rutuliuk\u0173 diametras: ~10,5-13mm<\/p>\n<p>V\u0117rinio ilgis pasirenkamas: ~46cm<\/p>\n<p>____________________________<\/p>\n<p>3. Rutuliuk\u0173 diametras: ~9,5-13,5mm<\/p>\n<p>V\u0117rinio ilgis pasirenkamas: ~44cm<\/p>\n<p>____________________________<\/p>\n<p>4. Rutuliuk\u0173 diametras: ~11-13mm<\/p>\n<p>V\u0117rinio ilgis pasirenkamas: ~42cm<\/p>\n<div><\/div>\n<div><em>*The size\/color of the amber pieces may vary slightly from what is shown in the photo.<\/em><\/div>","protected":false},"excerpt":{"rendered":"<p>Natural Baltic amber necklace<\/p>","protected":false},"featured_media":7960,"template":"","meta":[],"product_brand":[],"product_cat":[159,157,169],"product_tag":[316],"class_list":{"0":"post-7952","1":"product","2":"type-product","3":"status-publish","4":"has-post-thumbnail","6":"product_cat-moterims","7":"product_cat-gintaro-papuosalai-suaugusiems","8":"product_cat-veriniai-moterims","9":"product_tag-rutuliukai","11":"first","12":"instock","13":"taxable","14":"shipping-taxable","15":"purchasable","16":"product-type-variable"},"yoast_head":"<!-- This site is optimized with the Yoast SEO plugin v27.4 - https:\/\/yoast.com\/product\/yoast-seo-wordpress\/ -->\n<title>V\u0117rinys &quot;Spalvotas D\u017eiaugmas&quot; - AmberHuman<\/title>\n<meta name=\"robots\" content=\"index, follow, max-snippet:-1, max-image-preview:large, max-video-preview:-1\" \/>\n<link rel=\"canonical\" href=\"https:\/\/amberhuman.lt\/en\/product\/verinys-spalvotas-dziaugmas\/\" \/>\n<meta property=\"og:locale\" content=\"en_GB\" \/>\n<meta property=\"og:type\" content=\"article\" \/>\n<meta property=\"og:title\" content=\"V\u0117rinys &quot;Spalvotas D\u017eiaugmas&quot; - AmberHuman\" \/>\n<meta property=\"og:description\" content=\"Nat\u016bralaus Baltijos gintaro v\u0117rinys\" \/>\n<meta property=\"og:url\" content=\"https:\/\/amberhuman.lt\/en\/product\/verinys-spalvotas-dziaugmas\/\" \/>\n<meta property=\"og:site_name\" content=\"AmberHuman\" \/>\n<meta property=\"article:modified_time\" content=\"2024-07-27T17:35:42+00:00\" \/>\n<meta property=\"og:image\" content=\"https:\/\/amberhuman.lt\/wp-content\/uploads\/2024\/07\/DSC07357-001-scaled.jpg\" \/>\n\t<meta property=\"og:image:width\" content=\"2419\" \/>\n\t<meta property=\"og:image:height\" content=\"2560\" \/>\n\t<meta property=\"og:image:type\" content=\"image\/jpeg\" \/>\n<meta name=\"twitter:card\" content=\"summary_large_image\" \/>\n<script type=\"application\/ld+json\" class=\"yoast-schema-graph\">{\"@context\":\"https:\\\/\\\/schema.org\",\"@graph\":[{\"@type\":\"WebPage\",\"@id\":\"https:\\\/\\\/amberhuman.lt\\\/product\\\/verinys-spalvotas-dziaugmas\\\/\",\"url\":\"https:\\\/\\\/amberhuman.lt\\\/product\\\/verinys-spalvotas-dziaugmas\\\/\",\"name\":\"V\u0117rinys \\\"Spalvotas D\u017eiaugmas\\\" - AmberHuman\",\"isPartOf\":{\"@id\":\"https:\\\/\\\/amberhuman.lt\\\/#website\"},\"primaryImageOfPage\":{\"@id\":\"https:\\\/\\\/amberhuman.lt\\\/product\\\/verinys-spalvotas-dziaugmas\\\/#primaryimage\"},\"image\":{\"@id\":\"https:\\\/\\\/amberhuman.lt\\\/product\\\/verinys-spalvotas-dziaugmas\\\/#primaryimage\"},\"thumbnailUrl\":\"https:\\\/\\\/amberhuman.lt\\\/wp-content\\\/uploads\\\/2024\\\/07\\\/DSC07357-001-scaled.jpg\",\"datePublished\":\"2024-07-27T13:27:19+00:00\",\"dateModified\":\"2024-07-27T17:35:42+00:00\",\"breadcrumb\":{\"@id\":\"https:\\\/\\\/amberhuman.lt\\\/product\\\/verinys-spalvotas-dziaugmas\\\/#breadcrumb\"},\"inLanguage\":\"en-GB\",\"potentialAction\":[{\"@type\":\"ReadAction\",\"target\":[\"https:\\\/\\\/amberhuman.lt\\\/product\\\/verinys-spalvotas-dziaugmas\\\/\"]}]},{\"@type\":\"ImageObject\",\"inLanguage\":\"en-GB\",\"@id\":\"https:\\\/\\\/amberhuman.lt\\\/product\\\/verinys-spalvotas-dziaugmas\\\/#primaryimage\",\"url\":\"https:\\\/\\\/amberhuman.lt\\\/wp-content\\\/uploads\\\/2024\\\/07\\\/DSC07357-001-scaled.jpg\",\"contentUrl\":\"https:\\\/\\\/amberhuman.lt\\\/wp-content\\\/uploads\\\/2024\\\/07\\\/DSC07357-001-scaled.jpg\",\"width\":2419,\"height\":2560,\"caption\":\"V\u0117rinys \\\"Spalvotas D\u017eiaugmas\\\"\"},{\"@type\":\"BreadcrumbList\",\"@id\":\"https:\\\/\\\/amberhuman.lt\\\/product\\\/verinys-spalvotas-dziaugmas\\\/#breadcrumb\",\"itemListElement\":[{\"@type\":\"ListItem\",\"position\":1,\"name\":\"Home\",\"item\":\"https:\\\/\\\/amberhuman.lt\\\/\"},{\"@type\":\"ListItem\",\"position\":2,\"name\":\"Parduotuv\u0117\",\"item\":\"https:\\\/\\\/amberhuman.lt\\\/parduotuve\\\/\"},{\"@type\":\"ListItem\",\"position\":3,\"name\":\"V\u0117rinys &#8220;Spalvotas D\u017eiaugmas&#8221;\"}]},{\"@type\":\"WebSite\",\"@id\":\"https:\\\/\\\/amberhuman.lt\\\/#website\",\"url\":\"https:\\\/\\\/amberhuman.lt\\\/\",\"name\":\"amberhuman.lt\",\"description\":\"\",\"publisher\":{\"@id\":\"https:\\\/\\\/amberhuman.lt\\\/#organization\"},\"potentialAction\":[{\"@type\":\"SearchAction\",\"target\":{\"@type\":\"EntryPoint\",\"urlTemplate\":\"https:\\\/\\\/amberhuman.lt\\\/?s={search_term_string}\"},\"query-input\":{\"@type\":\"PropertyValueSpecification\",\"valueRequired\":true,\"valueName\":\"search_term_string\"}}],\"inLanguage\":\"en-GB\"},{\"@type\":\"Organization\",\"@id\":\"https:\\\/\\\/amberhuman.lt\\\/#organization\",\"name\":\"AmberHuman\",\"url\":\"https:\\\/\\\/amberhuman.lt\\\/\",\"logo\":{\"@type\":\"ImageObject\",\"inLanguage\":\"en-GB\",\"@id\":\"https:\\\/\\\/amberhuman.lt\\\/#\\\/schema\\\/logo\\\/image\\\/\",\"url\":\"https:\\\/\\\/amberhuman.lt\\\/wp-content\\\/uploads\\\/2021\\\/03\\\/logo2.png\",\"contentUrl\":\"https:\\\/\\\/amberhuman.lt\\\/wp-content\\\/uploads\\\/2021\\\/03\\\/logo2.png\",\"width\":300,\"height\":70,\"caption\":\"AmberHuman\"},\"image\":{\"@id\":\"https:\\\/\\\/amberhuman.lt\\\/#\\\/schema\\\/logo\\\/image\\\/\"}}]}<\/script>\n<!-- \/ Yoast SEO plugin. -->","yoast_head_json":{"title":"V\u0117rinys \"Spalvotas D\u017eiaugmas\" - AmberHuman","robots":{"index":"index","follow":"follow","max-snippet":"max-snippet:-1","max-image-preview":"max-image-preview:large","max-video-preview":"max-video-preview:-1"},"canonical":"https:\/\/amberhuman.lt\/en\/product\/verinys-spalvotas-dziaugmas\/","og_locale":"en_GB","og_type":"article","og_title":"V\u0117rinys \"Spalvotas D\u017eiaugmas\" - AmberHuman","og_description":"Nat\u016bralaus Baltijos gintaro v\u0117rinys","og_url":"https:\/\/amberhuman.lt\/en\/product\/verinys-spalvotas-dziaugmas\/","og_site_name":"AmberHuman","article_modified_time":"2024-07-27T17:35:42+00:00","og_image":[{"width":2419,"height":2560,"url":"https:\/\/amberhuman.lt\/wp-content\/uploads\/2024\/07\/DSC07357-001-scaled.jpg","type":"image\/jpeg"}],"twitter_card":"summary_large_image","schema":{"@context":"https:\/\/schema.org","@graph":[{"@type":"WebPage","@id":"https:\/\/amberhuman.lt\/product\/verinys-spalvotas-dziaugmas\/","url":"https:\/\/amberhuman.lt\/product\/verinys-spalvotas-dziaugmas\/","name":"V\u0117rinys \"Spalvotas D\u017eiaugmas\" - AmberHuman","isPartOf":{"@id":"https:\/\/amberhuman.lt\/#website"},"primaryImageOfPage":{"@id":"https:\/\/amberhuman.lt\/product\/verinys-spalvotas-dziaugmas\/#primaryimage"},"image":{"@id":"https:\/\/amberhuman.lt\/product\/verinys-spalvotas-dziaugmas\/#primaryimage"},"thumbnailUrl":"https:\/\/amberhuman.lt\/wp-content\/uploads\/2024\/07\/DSC07357-001-scaled.jpg","datePublished":"2024-07-27T13:27:19+00:00","dateModified":"2024-07-27T17:35:42+00:00","breadcrumb":{"@id":"https:\/\/amberhuman.lt\/product\/verinys-spalvotas-dziaugmas\/#breadcrumb"},"inLanguage":"en-GB","potentialAction":[{"@type":"ReadAction","target":["https:\/\/amberhuman.lt\/product\/verinys-spalvotas-dziaugmas\/"]}]},{"@type":"ImageObject","inLanguage":"en-GB","@id":"https:\/\/amberhuman.lt\/product\/verinys-spalvotas-dziaugmas\/#primaryimage","url":"https:\/\/amberhuman.lt\/wp-content\/uploads\/2024\/07\/DSC07357-001-scaled.jpg","contentUrl":"https:\/\/amberhuman.lt\/wp-content\/uploads\/2024\/07\/DSC07357-001-scaled.jpg","width":2419,"height":2560,"caption":"V\u0117rinys \"Spalvotas D\u017eiaugmas\""},{"@type":"BreadcrumbList","@id":"https:\/\/amberhuman.lt\/product\/verinys-spalvotas-dziaugmas\/#breadcrumb","itemListElement":[{"@type":"ListItem","position":1,"name":"Home","item":"https:\/\/amberhuman.lt\/"},{"@type":"ListItem","position":2,"name":"Parduotuv\u0117","item":"https:\/\/amberhuman.lt\/parduotuve\/"},{"@type":"ListItem","position":3,"name":"V\u0117rinys &#8220;Spalvotas D\u017eiaugmas&#8221;"}]},{"@type":"WebSite","@id":"https:\/\/amberhuman.lt\/#website","url":"https:\/\/amberhuman.lt\/","name":"amberhuman.lt","description":"","publisher":{"@id":"https:\/\/amberhuman.lt\/#organization"},"potentialAction":[{"@type":"SearchAction","target":{"@type":"EntryPoint","urlTemplate":"https:\/\/amberhuman.lt\/?s={search_term_string}"},"query-input":{"@type":"PropertyValueSpecification","valueRequired":true,"valueName":"search_term_string"}}],"inLanguage":"en-GB"},{"@type":"Organization","@id":"https:\/\/amberhuman.lt\/#organization","name":"AmberHuman","url":"https:\/\/amberhuman.lt\/","logo":{"@type":"ImageObject","inLanguage":"en-GB","@id":"https:\/\/amberhuman.lt\/#\/schema\/logo\/image\/","url":"https:\/\/amberhuman.lt\/wp-content\/uploads\/2021\/03\/logo2.png","contentUrl":"https:\/\/amberhuman.lt\/wp-content\/uploads\/2021\/03\/logo2.png","width":300,"height":70,"caption":"AmberHuman"},"image":{"@id":"https:\/\/amberhuman.lt\/#\/schema\/logo\/image\/"}}]}},"_links":{"self":[{"href":"https:\/\/amberhuman.lt\/en\/wp-json\/wp\/v2\/product\/7952","targetHints":{"allow":["GET"]}}],"collection":[{"href":"https:\/\/amberhuman.lt\/en\/wp-json\/wp\/v2\/product"}],"about":[{"href":"https:\/\/amberhuman.lt\/en\/wp-json\/wp\/v2\/types\/product"}],"wp:featuredmedia":[{"embeddable":true,"href":"https:\/\/amberhuman.lt\/en\/wp-json\/wp\/v2\/media\/7960"}],"wp:attachment":[{"href":"https:\/\/amberhuman.lt\/en\/wp-json\/wp\/v2\/media?parent=7952"}],"wp:term":[{"taxonomy":"product_brand","embeddable":true,"href":"https:\/\/amberhuman.lt\/en\/wp-json\/wp\/v2\/product_brand?post=7952"},{"taxonomy":"product_cat","embeddable":true,"href":"https:\/\/amberhuman.lt\/en\/wp-json\/wp\/v2\/product_cat?post=7952"},{"taxonomy":"product_tag","embeddable":true,"href":"https:\/\/amberhuman.lt\/en\/wp-json\/wp\/v2\/product_tag?post=7952"}],"curies":[{"name":"wp","href":"https:\/\/api.w.org\/{rel}","templated":true}]}}