{"id":7896,"date":"2024-07-23T18:14:57","date_gmt":"2024-07-23T18:14:57","guid":{"rendered":"https:\/\/amberhuman.lt\/?post_type=product&#038;p=7896"},"modified":"2024-07-23T18:43:43","modified_gmt":"2024-07-23T18:43:43","slug":"pakabutis-automobiliui-aplink-pasauli-italija","status":"publish","type":"product","link":"https:\/\/amberhuman.lt\/en\/product\/pakabutis-automobiliui-aplink-pasauli-italija\/","title":{"rendered":"Car charm &quot;Around the world - Italy&quot;"},"content":{"rendered":"<p>Pakabutis automobiliui &#8222;Aplink pasaul\u012f&#8221; i\u0161 netaisyklingos formos apvali\u0173, neblizgi\u0173 ir blizgi\u0173 gintar\u0117li\u0173 su kry\u017eiaus arba netaisyklingos formos pakabu\u010diu<\/p>\n<p>Diameter of irregularly shaped round amber beads: ~5mm<\/p>\n<p>Length: ~23cm, hanging part: ~5cm<\/p>\n<div><\/div>\n<div><\/div>\n<div><em>*Amber color\/size may vary slightly from what is shown in the photo<\/em><\/div>","protected":false},"excerpt":{"rendered":"<p>Car pendant<\/p>","protected":false},"featured_media":7899,"template":"","meta":[],"product_brand":[],"product_cat":[326,327,159,157,292,162],"product_tag":[317],"class_list":{"0":"post-7896","1":"product","2":"type-product","3":"status-publish","4":"has-post-thumbnail","6":"product_cat-aksesuarai-automobiliui","7":"product_cat-aksesuarai-automobiliui-vyrams","8":"product_cat-moterims","9":"product_cat-gintaro-papuosalai-suaugusiems","10":"product_cat-suvenyrai","11":"product_cat-vyrams","12":"product_tag-barokas","14":"first","15":"instock","16":"taxable","17":"shipping-taxable","18":"purchasable","19":"product-type-variable"},"yoast_head":"<!-- This site is optimized with the Yoast SEO plugin v27.4 - https:\/\/yoast.com\/product\/yoast-seo-wordpress\/ -->\n<title>Pakabukas automobiliui &quot;Aplink pasaul\u012f - Italija&quot; - AmberHuman<\/title>\n<meta name=\"robots\" content=\"index, follow, max-snippet:-1, max-image-preview:large, max-video-preview:-1\" \/>\n<link rel=\"canonical\" href=\"https:\/\/amberhuman.lt\/en\/product\/pakabutis-automobiliui-aplink-pasauli-italija\/\" \/>\n<meta property=\"og:locale\" content=\"en_GB\" \/>\n<meta property=\"og:type\" content=\"article\" \/>\n<meta property=\"og:title\" content=\"Pakabukas automobiliui &quot;Aplink pasaul\u012f - Italija&quot; - AmberHuman\" \/>\n<meta property=\"og:description\" content=\"Pakabukas automobiliui\" \/>\n<meta property=\"og:url\" content=\"https:\/\/amberhuman.lt\/en\/product\/pakabutis-automobiliui-aplink-pasauli-italija\/\" \/>\n<meta property=\"og:site_name\" content=\"AmberHuman\" \/>\n<meta property=\"article:modified_time\" content=\"2024-07-23T18:43:43+00:00\" \/>\n<meta property=\"og:image\" content=\"https:\/\/amberhuman.lt\/wp-content\/uploads\/2024\/07\/DSC08296-001-scaled.jpg\" \/>\n\t<meta property=\"og:image:width\" content=\"2214\" \/>\n\t<meta property=\"og:image:height\" content=\"2560\" \/>\n\t<meta property=\"og:image:type\" content=\"image\/jpeg\" \/>\n<meta name=\"twitter:card\" content=\"summary_large_image\" \/>\n<script type=\"application\/ld+json\" class=\"yoast-schema-graph\">{\"@context\":\"https:\\\/\\\/schema.org\",\"@graph\":[{\"@type\":\"WebPage\",\"@id\":\"https:\\\/\\\/amberhuman.lt\\\/product\\\/pakabutis-automobiliui-aplink-pasauli-italija\\\/\",\"url\":\"https:\\\/\\\/amberhuman.lt\\\/product\\\/pakabutis-automobiliui-aplink-pasauli-italija\\\/\",\"name\":\"Pakabukas automobiliui \\\"Aplink pasaul\u012f - Italija\\\" - AmberHuman\",\"isPartOf\":{\"@id\":\"https:\\\/\\\/amberhuman.lt\\\/#website\"},\"primaryImageOfPage\":{\"@id\":\"https:\\\/\\\/amberhuman.lt\\\/product\\\/pakabutis-automobiliui-aplink-pasauli-italija\\\/#primaryimage\"},\"image\":{\"@id\":\"https:\\\/\\\/amberhuman.lt\\\/product\\\/pakabutis-automobiliui-aplink-pasauli-italija\\\/#primaryimage\"},\"thumbnailUrl\":\"https:\\\/\\\/amberhuman.lt\\\/wp-content\\\/uploads\\\/2024\\\/07\\\/DSC08296-001-scaled.jpg\",\"datePublished\":\"2024-07-23T18:14:57+00:00\",\"dateModified\":\"2024-07-23T18:43:43+00:00\",\"breadcrumb\":{\"@id\":\"https:\\\/\\\/amberhuman.lt\\\/product\\\/pakabutis-automobiliui-aplink-pasauli-italija\\\/#breadcrumb\"},\"inLanguage\":\"en-GB\",\"potentialAction\":[{\"@type\":\"ReadAction\",\"target\":[\"https:\\\/\\\/amberhuman.lt\\\/product\\\/pakabutis-automobiliui-aplink-pasauli-italija\\\/\"]}]},{\"@type\":\"ImageObject\",\"inLanguage\":\"en-GB\",\"@id\":\"https:\\\/\\\/amberhuman.lt\\\/product\\\/pakabutis-automobiliui-aplink-pasauli-italija\\\/#primaryimage\",\"url\":\"https:\\\/\\\/amberhuman.lt\\\/wp-content\\\/uploads\\\/2024\\\/07\\\/DSC08296-001-scaled.jpg\",\"contentUrl\":\"https:\\\/\\\/amberhuman.lt\\\/wp-content\\\/uploads\\\/2024\\\/07\\\/DSC08296-001-scaled.jpg\",\"width\":2214,\"height\":2560,\"caption\":\"Pakabukas automobiliui \\\"Aplink pasaul\u012f - Italija\\\"\"},{\"@type\":\"BreadcrumbList\",\"@id\":\"https:\\\/\\\/amberhuman.lt\\\/product\\\/pakabutis-automobiliui-aplink-pasauli-italija\\\/#breadcrumb\",\"itemListElement\":[{\"@type\":\"ListItem\",\"position\":1,\"name\":\"Home\",\"item\":\"https:\\\/\\\/amberhuman.lt\\\/\"},{\"@type\":\"ListItem\",\"position\":2,\"name\":\"Parduotuv\u0117\",\"item\":\"https:\\\/\\\/amberhuman.lt\\\/parduotuve\\\/\"},{\"@type\":\"ListItem\",\"position\":3,\"name\":\"Pakabukas automobiliui &#8220;Aplink pasaul\u012f &#8211; Italija&#8221;\"}]},{\"@type\":\"WebSite\",\"@id\":\"https:\\\/\\\/amberhuman.lt\\\/#website\",\"url\":\"https:\\\/\\\/amberhuman.lt\\\/\",\"name\":\"amberhuman.lt\",\"description\":\"\",\"publisher\":{\"@id\":\"https:\\\/\\\/amberhuman.lt\\\/#organization\"},\"potentialAction\":[{\"@type\":\"SearchAction\",\"target\":{\"@type\":\"EntryPoint\",\"urlTemplate\":\"https:\\\/\\\/amberhuman.lt\\\/?s={search_term_string}\"},\"query-input\":{\"@type\":\"PropertyValueSpecification\",\"valueRequired\":true,\"valueName\":\"search_term_string\"}}],\"inLanguage\":\"en-GB\"},{\"@type\":\"Organization\",\"@id\":\"https:\\\/\\\/amberhuman.lt\\\/#organization\",\"name\":\"AmberHuman\",\"url\":\"https:\\\/\\\/amberhuman.lt\\\/\",\"logo\":{\"@type\":\"ImageObject\",\"inLanguage\":\"en-GB\",\"@id\":\"https:\\\/\\\/amberhuman.lt\\\/#\\\/schema\\\/logo\\\/image\\\/\",\"url\":\"https:\\\/\\\/amberhuman.lt\\\/wp-content\\\/uploads\\\/2021\\\/03\\\/logo2.png\",\"contentUrl\":\"https:\\\/\\\/amberhuman.lt\\\/wp-content\\\/uploads\\\/2021\\\/03\\\/logo2.png\",\"width\":300,\"height\":70,\"caption\":\"AmberHuman\"},\"image\":{\"@id\":\"https:\\\/\\\/amberhuman.lt\\\/#\\\/schema\\\/logo\\\/image\\\/\"}}]}<\/script>\n<!-- \/ Yoast SEO plugin. -->","yoast_head_json":{"title":"Pakabukas automobiliui \"Aplink pasaul\u012f - Italija\" - AmberHuman","robots":{"index":"index","follow":"follow","max-snippet":"max-snippet:-1","max-image-preview":"max-image-preview:large","max-video-preview":"max-video-preview:-1"},"canonical":"https:\/\/amberhuman.lt\/en\/product\/pakabutis-automobiliui-aplink-pasauli-italija\/","og_locale":"en_GB","og_type":"article","og_title":"Pakabukas automobiliui \"Aplink pasaul\u012f - Italija\" - AmberHuman","og_description":"Pakabukas automobiliui","og_url":"https:\/\/amberhuman.lt\/en\/product\/pakabutis-automobiliui-aplink-pasauli-italija\/","og_site_name":"AmberHuman","article_modified_time":"2024-07-23T18:43:43+00:00","og_image":[{"width":2214,"height":2560,"url":"https:\/\/amberhuman.lt\/wp-content\/uploads\/2024\/07\/DSC08296-001-scaled.jpg","type":"image\/jpeg"}],"twitter_card":"summary_large_image","schema":{"@context":"https:\/\/schema.org","@graph":[{"@type":"WebPage","@id":"https:\/\/amberhuman.lt\/product\/pakabutis-automobiliui-aplink-pasauli-italija\/","url":"https:\/\/amberhuman.lt\/product\/pakabutis-automobiliui-aplink-pasauli-italija\/","name":"Pakabukas automobiliui \"Aplink pasaul\u012f - Italija\" - AmberHuman","isPartOf":{"@id":"https:\/\/amberhuman.lt\/#website"},"primaryImageOfPage":{"@id":"https:\/\/amberhuman.lt\/product\/pakabutis-automobiliui-aplink-pasauli-italija\/#primaryimage"},"image":{"@id":"https:\/\/amberhuman.lt\/product\/pakabutis-automobiliui-aplink-pasauli-italija\/#primaryimage"},"thumbnailUrl":"https:\/\/amberhuman.lt\/wp-content\/uploads\/2024\/07\/DSC08296-001-scaled.jpg","datePublished":"2024-07-23T18:14:57+00:00","dateModified":"2024-07-23T18:43:43+00:00","breadcrumb":{"@id":"https:\/\/amberhuman.lt\/product\/pakabutis-automobiliui-aplink-pasauli-italija\/#breadcrumb"},"inLanguage":"en-GB","potentialAction":[{"@type":"ReadAction","target":["https:\/\/amberhuman.lt\/product\/pakabutis-automobiliui-aplink-pasauli-italija\/"]}]},{"@type":"ImageObject","inLanguage":"en-GB","@id":"https:\/\/amberhuman.lt\/product\/pakabutis-automobiliui-aplink-pasauli-italija\/#primaryimage","url":"https:\/\/amberhuman.lt\/wp-content\/uploads\/2024\/07\/DSC08296-001-scaled.jpg","contentUrl":"https:\/\/amberhuman.lt\/wp-content\/uploads\/2024\/07\/DSC08296-001-scaled.jpg","width":2214,"height":2560,"caption":"Pakabukas automobiliui \"Aplink pasaul\u012f - Italija\""},{"@type":"BreadcrumbList","@id":"https:\/\/amberhuman.lt\/product\/pakabutis-automobiliui-aplink-pasauli-italija\/#breadcrumb","itemListElement":[{"@type":"ListItem","position":1,"name":"Home","item":"https:\/\/amberhuman.lt\/"},{"@type":"ListItem","position":2,"name":"Parduotuv\u0117","item":"https:\/\/amberhuman.lt\/parduotuve\/"},{"@type":"ListItem","position":3,"name":"Pakabukas automobiliui &#8220;Aplink pasaul\u012f &#8211; Italija&#8221;"}]},{"@type":"WebSite","@id":"https:\/\/amberhuman.lt\/#website","url":"https:\/\/amberhuman.lt\/","name":"amberhuman.lt","description":"","publisher":{"@id":"https:\/\/amberhuman.lt\/#organization"},"potentialAction":[{"@type":"SearchAction","target":{"@type":"EntryPoint","urlTemplate":"https:\/\/amberhuman.lt\/?s={search_term_string}"},"query-input":{"@type":"PropertyValueSpecification","valueRequired":true,"valueName":"search_term_string"}}],"inLanguage":"en-GB"},{"@type":"Organization","@id":"https:\/\/amberhuman.lt\/#organization","name":"AmberHuman","url":"https:\/\/amberhuman.lt\/","logo":{"@type":"ImageObject","inLanguage":"en-GB","@id":"https:\/\/amberhuman.lt\/#\/schema\/logo\/image\/","url":"https:\/\/amberhuman.lt\/wp-content\/uploads\/2021\/03\/logo2.png","contentUrl":"https:\/\/amberhuman.lt\/wp-content\/uploads\/2021\/03\/logo2.png","width":300,"height":70,"caption":"AmberHuman"},"image":{"@id":"https:\/\/amberhuman.lt\/#\/schema\/logo\/image\/"}}]}},"_links":{"self":[{"href":"https:\/\/amberhuman.lt\/en\/wp-json\/wp\/v2\/product\/7896","targetHints":{"allow":["GET"]}}],"collection":[{"href":"https:\/\/amberhuman.lt\/en\/wp-json\/wp\/v2\/product"}],"about":[{"href":"https:\/\/amberhuman.lt\/en\/wp-json\/wp\/v2\/types\/product"}],"wp:featuredmedia":[{"embeddable":true,"href":"https:\/\/amberhuman.lt\/en\/wp-json\/wp\/v2\/media\/7899"}],"wp:attachment":[{"href":"https:\/\/amberhuman.lt\/en\/wp-json\/wp\/v2\/media?parent=7896"}],"wp:term":[{"taxonomy":"product_brand","embeddable":true,"href":"https:\/\/amberhuman.lt\/en\/wp-json\/wp\/v2\/product_brand?post=7896"},{"taxonomy":"product_cat","embeddable":true,"href":"https:\/\/amberhuman.lt\/en\/wp-json\/wp\/v2\/product_cat?post=7896"},{"taxonomy":"product_tag","embeddable":true,"href":"https:\/\/amberhuman.lt\/en\/wp-json\/wp\/v2\/product_tag?post=7896"}],"curies":[{"name":"wp","href":"https:\/\/api.w.org\/{rel}","templated":true}]}}