{"id":7431,"date":"2024-07-18T18:24:33","date_gmt":"2024-07-18T18:24:33","guid":{"rendered":"https:\/\/amberhuman.lt\/?post_type=product&#038;p=7431"},"modified":"2024-07-18T19:27:35","modified_gmt":"2024-07-18T19:27:35","slug":"komplektas-menulio-uztemimas","status":"publish","type":"product","link":"https:\/\/amberhuman.lt\/en\/product\/komplektas-menulio-uztemimas\/","title":{"rendered":"Komplektas &#8222;M\u0117nulio u\u017etemimas&#8221;"},"content":{"rendered":"<p><strong><em>Necklace<\/em><\/strong><\/p>\n<p>V\u0117rinys \u201cM\u0117nulio U\u017etemimas\u201d &#8211;\u00a0 Tai nuostabi ir i\u0161skirtin\u0117 kolekcija, kurioje persipina sodrios vy\u0161nin\u0117s ir gaivios m\u0117tos spalvos. Tobulai apvai\u0173 rutuliuk\u0173 kolekcija.<\/p>\n<p>Rutuliuk\u0173 diametras: ~6,5-7mm<\/p>\n<p>V\u0117rinio ilgis pasirenkamas: 42cm \u2013 45cm \u2013 50cm<\/p>\n<p><em><strong>Bracelet<\/strong><\/em><\/p>\n<p>Apyrank\u0117 \u201cM\u0117nulio U\u017etemimas\u201d \u2013 tai nuostabi ir i\u0161skirtin\u0117 kolekcija, kurioje persipina sodrios vy\u0161nin\u0117s ir gaivios m\u0117tos spalvos. Tobulai apvai\u0173 rutuliuk\u0173 kolekcija.<\/p>\n<p>Ball diameter: ~5mm<\/p>\n<p>&nbsp;<\/p>\n<p>Patinka komplektas, bet nori tik v\u0117rinio &#8211; sek nuorod\u0105 <strong><a href=\"https:\/\/amberhuman.lt\/en\/product\/verinys-menulio-uztemimas\/\">here! <\/a><\/strong><\/p>\n<p>Patinka komplektas, bet nori tik apyrank\u0117s &#8211; sek nuorod\u0105 <strong><a href=\"https:\/\/amberhuman.lt\/en\/product\/apyranke-menulio-uztemimas\/\">here!<\/a><\/strong><\/p>\n<p>&nbsp;<\/p>\n<div><em>*Apyrank\u0117s ilgis &#8211; tai rie\u0161o apimtis be laisvumo<\/em><\/div>\n<div><em>*The size\/color of the amber pieces may vary slightly from what is shown in the photo.<\/em><\/div>","protected":false},"excerpt":{"rendered":"<p>V\u0117rinio ir apyrank\u0117s komplektas<\/p>","protected":false},"featured_media":7537,"template":"","meta":[],"product_brand":[],"product_cat":[159,172,157],"product_tag":[316],"class_list":{"0":"post-7431","1":"product","2":"type-product","3":"status-publish","4":"has-post-thumbnail","6":"product_cat-moterims","7":"product_cat-rinkiniai-moterims","8":"product_cat-gintaro-papuosalai-suaugusiems","9":"product_tag-rutuliukai","11":"first","12":"instock","13":"taxable","14":"shipping-taxable","15":"purchasable","16":"product-type-variable"},"yoast_head":"<!-- This site is optimized with the Yoast SEO plugin v27.4 - https:\/\/yoast.com\/product\/yoast-seo-wordpress\/ -->\n<title>Komplektas &quot;M\u0117nulio u\u017etemimas&quot; - AmberHuman<\/title>\n<meta name=\"robots\" content=\"index, follow, max-snippet:-1, max-image-preview:large, max-video-preview:-1\" \/>\n<link rel=\"canonical\" href=\"https:\/\/amberhuman.lt\/en\/product\/komplektas-menulio-uztemimas\/\" \/>\n<meta property=\"og:locale\" content=\"en_GB\" \/>\n<meta property=\"og:type\" content=\"article\" \/>\n<meta property=\"og:title\" content=\"Komplektas &quot;M\u0117nulio u\u017etemimas&quot; - AmberHuman\" \/>\n<meta property=\"og:description\" content=\"V\u0117rinio ir apyrank\u0117s komplektas\" \/>\n<meta property=\"og:url\" content=\"https:\/\/amberhuman.lt\/en\/product\/komplektas-menulio-uztemimas\/\" \/>\n<meta property=\"og:site_name\" content=\"AmberHuman\" \/>\n<meta property=\"article:modified_time\" content=\"2024-07-18T19:27:35+00:00\" \/>\n<meta property=\"og:image\" content=\"https:\/\/amberhuman.lt\/wp-content\/uploads\/2024\/07\/DSC07499-001.jpg\" \/>\n\t<meta property=\"og:image:width\" content=\"2095\" \/>\n\t<meta property=\"og:image:height\" content=\"1944\" \/>\n\t<meta property=\"og:image:type\" content=\"image\/jpeg\" \/>\n<meta name=\"twitter:card\" content=\"summary_large_image\" \/>\n<meta name=\"twitter:label1\" content=\"Estimated reading time\" \/>\n\t<meta name=\"twitter:data1\" content=\"1 minute\" \/>\n<script type=\"application\/ld+json\" class=\"yoast-schema-graph\">{\"@context\":\"https:\\\/\\\/schema.org\",\"@graph\":[{\"@type\":\"WebPage\",\"@id\":\"https:\\\/\\\/amberhuman.lt\\\/product\\\/komplektas-menulio-uztemimas\\\/\",\"url\":\"https:\\\/\\\/amberhuman.lt\\\/product\\\/komplektas-menulio-uztemimas\\\/\",\"name\":\"Komplektas \\\"M\u0117nulio u\u017etemimas\\\" - AmberHuman\",\"isPartOf\":{\"@id\":\"https:\\\/\\\/amberhuman.lt\\\/#website\"},\"primaryImageOfPage\":{\"@id\":\"https:\\\/\\\/amberhuman.lt\\\/product\\\/komplektas-menulio-uztemimas\\\/#primaryimage\"},\"image\":{\"@id\":\"https:\\\/\\\/amberhuman.lt\\\/product\\\/komplektas-menulio-uztemimas\\\/#primaryimage\"},\"thumbnailUrl\":\"https:\\\/\\\/amberhuman.lt\\\/wp-content\\\/uploads\\\/2024\\\/07\\\/DSC07499-001.jpg\",\"datePublished\":\"2024-07-18T18:24:33+00:00\",\"dateModified\":\"2024-07-18T19:27:35+00:00\",\"breadcrumb\":{\"@id\":\"https:\\\/\\\/amberhuman.lt\\\/product\\\/komplektas-menulio-uztemimas\\\/#breadcrumb\"},\"inLanguage\":\"en-GB\",\"potentialAction\":[{\"@type\":\"ReadAction\",\"target\":[\"https:\\\/\\\/amberhuman.lt\\\/product\\\/komplektas-menulio-uztemimas\\\/\"]}]},{\"@type\":\"ImageObject\",\"inLanguage\":\"en-GB\",\"@id\":\"https:\\\/\\\/amberhuman.lt\\\/product\\\/komplektas-menulio-uztemimas\\\/#primaryimage\",\"url\":\"https:\\\/\\\/amberhuman.lt\\\/wp-content\\\/uploads\\\/2024\\\/07\\\/DSC07499-001.jpg\",\"contentUrl\":\"https:\\\/\\\/amberhuman.lt\\\/wp-content\\\/uploads\\\/2024\\\/07\\\/DSC07499-001.jpg\",\"width\":2095,\"height\":1944,\"caption\":\"Komplektas \\\"M\u0117nulio u\u017etemimas\\\"\"},{\"@type\":\"BreadcrumbList\",\"@id\":\"https:\\\/\\\/amberhuman.lt\\\/product\\\/komplektas-menulio-uztemimas\\\/#breadcrumb\",\"itemListElement\":[{\"@type\":\"ListItem\",\"position\":1,\"name\":\"Home\",\"item\":\"https:\\\/\\\/amberhuman.lt\\\/\"},{\"@type\":\"ListItem\",\"position\":2,\"name\":\"Parduotuv\u0117\",\"item\":\"https:\\\/\\\/amberhuman.lt\\\/parduotuve\\\/\"},{\"@type\":\"ListItem\",\"position\":3,\"name\":\"Komplektas &#8222;M\u0117nulio u\u017etemimas&#8221;\"}]},{\"@type\":\"WebSite\",\"@id\":\"https:\\\/\\\/amberhuman.lt\\\/#website\",\"url\":\"https:\\\/\\\/amberhuman.lt\\\/\",\"name\":\"amberhuman.lt\",\"description\":\"\",\"publisher\":{\"@id\":\"https:\\\/\\\/amberhuman.lt\\\/#organization\"},\"potentialAction\":[{\"@type\":\"SearchAction\",\"target\":{\"@type\":\"EntryPoint\",\"urlTemplate\":\"https:\\\/\\\/amberhuman.lt\\\/?s={search_term_string}\"},\"query-input\":{\"@type\":\"PropertyValueSpecification\",\"valueRequired\":true,\"valueName\":\"search_term_string\"}}],\"inLanguage\":\"en-GB\"},{\"@type\":\"Organization\",\"@id\":\"https:\\\/\\\/amberhuman.lt\\\/#organization\",\"name\":\"AmberHuman\",\"url\":\"https:\\\/\\\/amberhuman.lt\\\/\",\"logo\":{\"@type\":\"ImageObject\",\"inLanguage\":\"en-GB\",\"@id\":\"https:\\\/\\\/amberhuman.lt\\\/#\\\/schema\\\/logo\\\/image\\\/\",\"url\":\"https:\\\/\\\/amberhuman.lt\\\/wp-content\\\/uploads\\\/2021\\\/03\\\/logo2.png\",\"contentUrl\":\"https:\\\/\\\/amberhuman.lt\\\/wp-content\\\/uploads\\\/2021\\\/03\\\/logo2.png\",\"width\":300,\"height\":70,\"caption\":\"AmberHuman\"},\"image\":{\"@id\":\"https:\\\/\\\/amberhuman.lt\\\/#\\\/schema\\\/logo\\\/image\\\/\"}}]}<\/script>\n<!-- \/ Yoast SEO plugin. -->","yoast_head_json":{"title":"Komplektas \"M\u0117nulio u\u017etemimas\" - AmberHuman","robots":{"index":"index","follow":"follow","max-snippet":"max-snippet:-1","max-image-preview":"max-image-preview:large","max-video-preview":"max-video-preview:-1"},"canonical":"https:\/\/amberhuman.lt\/en\/product\/komplektas-menulio-uztemimas\/","og_locale":"en_GB","og_type":"article","og_title":"Komplektas \"M\u0117nulio u\u017etemimas\" - AmberHuman","og_description":"V\u0117rinio ir apyrank\u0117s komplektas","og_url":"https:\/\/amberhuman.lt\/en\/product\/komplektas-menulio-uztemimas\/","og_site_name":"AmberHuman","article_modified_time":"2024-07-18T19:27:35+00:00","og_image":[{"width":2095,"height":1944,"url":"https:\/\/amberhuman.lt\/wp-content\/uploads\/2024\/07\/DSC07499-001.jpg","type":"image\/jpeg"}],"twitter_card":"summary_large_image","twitter_misc":{"Estimated reading time":"1 minute"},"schema":{"@context":"https:\/\/schema.org","@graph":[{"@type":"WebPage","@id":"https:\/\/amberhuman.lt\/product\/komplektas-menulio-uztemimas\/","url":"https:\/\/amberhuman.lt\/product\/komplektas-menulio-uztemimas\/","name":"Komplektas \"M\u0117nulio u\u017etemimas\" - AmberHuman","isPartOf":{"@id":"https:\/\/amberhuman.lt\/#website"},"primaryImageOfPage":{"@id":"https:\/\/amberhuman.lt\/product\/komplektas-menulio-uztemimas\/#primaryimage"},"image":{"@id":"https:\/\/amberhuman.lt\/product\/komplektas-menulio-uztemimas\/#primaryimage"},"thumbnailUrl":"https:\/\/amberhuman.lt\/wp-content\/uploads\/2024\/07\/DSC07499-001.jpg","datePublished":"2024-07-18T18:24:33+00:00","dateModified":"2024-07-18T19:27:35+00:00","breadcrumb":{"@id":"https:\/\/amberhuman.lt\/product\/komplektas-menulio-uztemimas\/#breadcrumb"},"inLanguage":"en-GB","potentialAction":[{"@type":"ReadAction","target":["https:\/\/amberhuman.lt\/product\/komplektas-menulio-uztemimas\/"]}]},{"@type":"ImageObject","inLanguage":"en-GB","@id":"https:\/\/amberhuman.lt\/product\/komplektas-menulio-uztemimas\/#primaryimage","url":"https:\/\/amberhuman.lt\/wp-content\/uploads\/2024\/07\/DSC07499-001.jpg","contentUrl":"https:\/\/amberhuman.lt\/wp-content\/uploads\/2024\/07\/DSC07499-001.jpg","width":2095,"height":1944,"caption":"Komplektas \"M\u0117nulio u\u017etemimas\""},{"@type":"BreadcrumbList","@id":"https:\/\/amberhuman.lt\/product\/komplektas-menulio-uztemimas\/#breadcrumb","itemListElement":[{"@type":"ListItem","position":1,"name":"Home","item":"https:\/\/amberhuman.lt\/"},{"@type":"ListItem","position":2,"name":"Parduotuv\u0117","item":"https:\/\/amberhuman.lt\/parduotuve\/"},{"@type":"ListItem","position":3,"name":"Komplektas &#8222;M\u0117nulio u\u017etemimas&#8221;"}]},{"@type":"WebSite","@id":"https:\/\/amberhuman.lt\/#website","url":"https:\/\/amberhuman.lt\/","name":"amberhuman.lt","description":"","publisher":{"@id":"https:\/\/amberhuman.lt\/#organization"},"potentialAction":[{"@type":"SearchAction","target":{"@type":"EntryPoint","urlTemplate":"https:\/\/amberhuman.lt\/?s={search_term_string}"},"query-input":{"@type":"PropertyValueSpecification","valueRequired":true,"valueName":"search_term_string"}}],"inLanguage":"en-GB"},{"@type":"Organization","@id":"https:\/\/amberhuman.lt\/#organization","name":"AmberHuman","url":"https:\/\/amberhuman.lt\/","logo":{"@type":"ImageObject","inLanguage":"en-GB","@id":"https:\/\/amberhuman.lt\/#\/schema\/logo\/image\/","url":"https:\/\/amberhuman.lt\/wp-content\/uploads\/2021\/03\/logo2.png","contentUrl":"https:\/\/amberhuman.lt\/wp-content\/uploads\/2021\/03\/logo2.png","width":300,"height":70,"caption":"AmberHuman"},"image":{"@id":"https:\/\/amberhuman.lt\/#\/schema\/logo\/image\/"}}]}},"_links":{"self":[{"href":"https:\/\/amberhuman.lt\/en\/wp-json\/wp\/v2\/product\/7431","targetHints":{"allow":["GET"]}}],"collection":[{"href":"https:\/\/amberhuman.lt\/en\/wp-json\/wp\/v2\/product"}],"about":[{"href":"https:\/\/amberhuman.lt\/en\/wp-json\/wp\/v2\/types\/product"}],"wp:featuredmedia":[{"embeddable":true,"href":"https:\/\/amberhuman.lt\/en\/wp-json\/wp\/v2\/media\/7537"}],"wp:attachment":[{"href":"https:\/\/amberhuman.lt\/en\/wp-json\/wp\/v2\/media?parent=7431"}],"wp:term":[{"taxonomy":"product_brand","embeddable":true,"href":"https:\/\/amberhuman.lt\/en\/wp-json\/wp\/v2\/product_brand?post=7431"},{"taxonomy":"product_cat","embeddable":true,"href":"https:\/\/amberhuman.lt\/en\/wp-json\/wp\/v2\/product_cat?post=7431"},{"taxonomy":"product_tag","embeddable":true,"href":"https:\/\/amberhuman.lt\/en\/wp-json\/wp\/v2\/product_tag?post=7431"}],"curies":[{"name":"wp","href":"https:\/\/api.w.org\/{rel}","templated":true}]}}