{"id":7298,"date":"2024-07-16T18:36:08","date_gmt":"2024-07-16T18:36:08","guid":{"rendered":"https:\/\/amberhuman.lt\/?post_type=product&#038;p=7298"},"modified":"2026-01-29T14:34:14","modified_gmt":"2026-01-29T14:34:14","slug":"klasikine-apyranke-didieji-kanjonai","status":"publish","type":"product","link":"https:\/\/amberhuman.lt\/en\/product\/klasikine-apyranke-didieji-kanjonai\/","title":{"rendered":"Classic bracelet &quot;Grand Canyons&quot;"},"content":{"rendered":"<p>Classic bracelet &quot;Grand Canyons&quot;<\/p>\n<p>Shiny, rare-colored classic bracelet &quot;Grand Canyons&quot;<\/p>\n<p>Amber pieces height: ~55-74mm, width: ~20-30mm<\/p>\n<p>Weight: 121.7g<\/p>\n<p>Length: ~19cm for wrist<\/p>\n<p>&nbsp;<\/p>\n<p><em>*The color of the amber pieces may differ slightly from what is shown in the photo.<\/em><\/p>\n<p>&nbsp;<\/p>","protected":false},"excerpt":{"rendered":"<p>One-of-a-kind, collectible bracelet<\/p>","protected":false},"featured_media":7307,"template":"","meta":[],"product_brand":[],"product_cat":[156,159,324],"product_tag":[315,325],"class_list":{"0":"post-7298","1":"product","2":"type-product","3":"status-publish","4":"has-post-thumbnail","6":"product_cat-apyrankes","7":"product_cat-moterims","8":"product_cat-vienetiniai-papuosalai","9":"product_tag-klasikine-kolekcija","10":"product_tag-vienetiniai","12":"first","13":"instock","14":"taxable","15":"shipping-taxable","16":"purchasable","17":"product-type-simple"},"yoast_head":"<!-- This site is optimized with the Yoast SEO plugin v27.4 - https:\/\/yoast.com\/product\/yoast-seo-wordpress\/ -->\n<title>Klasikin\u0117 apyrank\u0117 &quot;Didieji kanjonai&quot; - AmberHuman<\/title>\n<meta name=\"robots\" content=\"index, follow, max-snippet:-1, max-image-preview:large, max-video-preview:-1\" \/>\n<link rel=\"canonical\" href=\"https:\/\/amberhuman.lt\/en\/product\/klasikine-apyranke-didieji-kanjonai\/\" \/>\n<meta property=\"og:locale\" content=\"en_GB\" \/>\n<meta property=\"og:type\" content=\"article\" \/>\n<meta property=\"og:title\" content=\"Klasikin\u0117 apyrank\u0117 &quot;Didieji kanjonai&quot; - AmberHuman\" \/>\n<meta property=\"og:description\" content=\"Vienetin\u0117, kolekcin\u0117 apyrank\u0117\" \/>\n<meta property=\"og:url\" content=\"https:\/\/amberhuman.lt\/en\/product\/klasikine-apyranke-didieji-kanjonai\/\" \/>\n<meta property=\"og:site_name\" content=\"AmberHuman\" \/>\n<meta property=\"article:modified_time\" content=\"2026-01-29T14:34:14+00:00\" \/>\n<meta property=\"og:image\" content=\"https:\/\/amberhuman.lt\/wp-content\/uploads\/2024\/07\/DSC07199-001-scaled.jpg\" \/>\n\t<meta property=\"og:image:width\" content=\"2344\" \/>\n\t<meta property=\"og:image:height\" content=\"2560\" \/>\n\t<meta property=\"og:image:type\" content=\"image\/jpeg\" \/>\n<meta name=\"twitter:card\" content=\"summary_large_image\" \/>\n<meta name=\"twitter:label1\" content=\"Estimated reading time\" \/>\n\t<meta name=\"twitter:data1\" content=\"1 minute\" \/>\n<script type=\"application\/ld+json\" class=\"yoast-schema-graph\">{\"@context\":\"https:\\\/\\\/schema.org\",\"@graph\":[{\"@type\":\"WebPage\",\"@id\":\"https:\\\/\\\/amberhuman.lt\\\/product\\\/klasikine-apyranke-didieji-kanjonai\\\/\",\"url\":\"https:\\\/\\\/amberhuman.lt\\\/product\\\/klasikine-apyranke-didieji-kanjonai\\\/\",\"name\":\"Klasikin\u0117 apyrank\u0117 \\\"Didieji kanjonai\\\" - AmberHuman\",\"isPartOf\":{\"@id\":\"https:\\\/\\\/amberhuman.lt\\\/#website\"},\"primaryImageOfPage\":{\"@id\":\"https:\\\/\\\/amberhuman.lt\\\/product\\\/klasikine-apyranke-didieji-kanjonai\\\/#primaryimage\"},\"image\":{\"@id\":\"https:\\\/\\\/amberhuman.lt\\\/product\\\/klasikine-apyranke-didieji-kanjonai\\\/#primaryimage\"},\"thumbnailUrl\":\"https:\\\/\\\/amberhuman.lt\\\/wp-content\\\/uploads\\\/2024\\\/07\\\/DSC07199-001-scaled.jpg\",\"datePublished\":\"2024-07-16T18:36:08+00:00\",\"dateModified\":\"2026-01-29T14:34:14+00:00\",\"breadcrumb\":{\"@id\":\"https:\\\/\\\/amberhuman.lt\\\/product\\\/klasikine-apyranke-didieji-kanjonai\\\/#breadcrumb\"},\"inLanguage\":\"en-GB\",\"potentialAction\":[{\"@type\":\"ReadAction\",\"target\":[\"https:\\\/\\\/amberhuman.lt\\\/product\\\/klasikine-apyranke-didieji-kanjonai\\\/\"]}]},{\"@type\":\"ImageObject\",\"inLanguage\":\"en-GB\",\"@id\":\"https:\\\/\\\/amberhuman.lt\\\/product\\\/klasikine-apyranke-didieji-kanjonai\\\/#primaryimage\",\"url\":\"https:\\\/\\\/amberhuman.lt\\\/wp-content\\\/uploads\\\/2024\\\/07\\\/DSC07199-001-scaled.jpg\",\"contentUrl\":\"https:\\\/\\\/amberhuman.lt\\\/wp-content\\\/uploads\\\/2024\\\/07\\\/DSC07199-001-scaled.jpg\",\"width\":2344,\"height\":2560,\"caption\":\"Klasikin\u0117 apyrank\u0117 &#8220;Didieji kanjonai&#8221;\"},{\"@type\":\"BreadcrumbList\",\"@id\":\"https:\\\/\\\/amberhuman.lt\\\/product\\\/klasikine-apyranke-didieji-kanjonai\\\/#breadcrumb\",\"itemListElement\":[{\"@type\":\"ListItem\",\"position\":1,\"name\":\"Home\",\"item\":\"https:\\\/\\\/amberhuman.lt\\\/\"},{\"@type\":\"ListItem\",\"position\":2,\"name\":\"Parduotuv\u0117\",\"item\":\"https:\\\/\\\/amberhuman.lt\\\/parduotuve\\\/\"},{\"@type\":\"ListItem\",\"position\":3,\"name\":\"Klasikin\u0117 apyrank\u0117 &#8220;Didieji kanjonai&#8221;\"}]},{\"@type\":\"WebSite\",\"@id\":\"https:\\\/\\\/amberhuman.lt\\\/#website\",\"url\":\"https:\\\/\\\/amberhuman.lt\\\/\",\"name\":\"amberhuman.lt\",\"description\":\"\",\"publisher\":{\"@id\":\"https:\\\/\\\/amberhuman.lt\\\/#organization\"},\"potentialAction\":[{\"@type\":\"SearchAction\",\"target\":{\"@type\":\"EntryPoint\",\"urlTemplate\":\"https:\\\/\\\/amberhuman.lt\\\/?s={search_term_string}\"},\"query-input\":{\"@type\":\"PropertyValueSpecification\",\"valueRequired\":true,\"valueName\":\"search_term_string\"}}],\"inLanguage\":\"en-GB\"},{\"@type\":\"Organization\",\"@id\":\"https:\\\/\\\/amberhuman.lt\\\/#organization\",\"name\":\"AmberHuman\",\"url\":\"https:\\\/\\\/amberhuman.lt\\\/\",\"logo\":{\"@type\":\"ImageObject\",\"inLanguage\":\"en-GB\",\"@id\":\"https:\\\/\\\/amberhuman.lt\\\/#\\\/schema\\\/logo\\\/image\\\/\",\"url\":\"https:\\\/\\\/amberhuman.lt\\\/wp-content\\\/uploads\\\/2021\\\/03\\\/logo2.png\",\"contentUrl\":\"https:\\\/\\\/amberhuman.lt\\\/wp-content\\\/uploads\\\/2021\\\/03\\\/logo2.png\",\"width\":300,\"height\":70,\"caption\":\"AmberHuman\"},\"image\":{\"@id\":\"https:\\\/\\\/amberhuman.lt\\\/#\\\/schema\\\/logo\\\/image\\\/\"}}]}<\/script>\n<!-- \/ Yoast SEO plugin. -->","yoast_head_json":{"title":"Klasikin\u0117 apyrank\u0117 \"Didieji kanjonai\" - AmberHuman","robots":{"index":"index","follow":"follow","max-snippet":"max-snippet:-1","max-image-preview":"max-image-preview:large","max-video-preview":"max-video-preview:-1"},"canonical":"https:\/\/amberhuman.lt\/en\/product\/klasikine-apyranke-didieji-kanjonai\/","og_locale":"en_GB","og_type":"article","og_title":"Klasikin\u0117 apyrank\u0117 \"Didieji kanjonai\" - AmberHuman","og_description":"Vienetin\u0117, kolekcin\u0117 apyrank\u0117","og_url":"https:\/\/amberhuman.lt\/en\/product\/klasikine-apyranke-didieji-kanjonai\/","og_site_name":"AmberHuman","article_modified_time":"2026-01-29T14:34:14+00:00","og_image":[{"width":2344,"height":2560,"url":"https:\/\/amberhuman.lt\/wp-content\/uploads\/2024\/07\/DSC07199-001-scaled.jpg","type":"image\/jpeg"}],"twitter_card":"summary_large_image","twitter_misc":{"Estimated reading time":"1 minute"},"schema":{"@context":"https:\/\/schema.org","@graph":[{"@type":"WebPage","@id":"https:\/\/amberhuman.lt\/product\/klasikine-apyranke-didieji-kanjonai\/","url":"https:\/\/amberhuman.lt\/product\/klasikine-apyranke-didieji-kanjonai\/","name":"Klasikin\u0117 apyrank\u0117 \"Didieji kanjonai\" - AmberHuman","isPartOf":{"@id":"https:\/\/amberhuman.lt\/#website"},"primaryImageOfPage":{"@id":"https:\/\/amberhuman.lt\/product\/klasikine-apyranke-didieji-kanjonai\/#primaryimage"},"image":{"@id":"https:\/\/amberhuman.lt\/product\/klasikine-apyranke-didieji-kanjonai\/#primaryimage"},"thumbnailUrl":"https:\/\/amberhuman.lt\/wp-content\/uploads\/2024\/07\/DSC07199-001-scaled.jpg","datePublished":"2024-07-16T18:36:08+00:00","dateModified":"2026-01-29T14:34:14+00:00","breadcrumb":{"@id":"https:\/\/amberhuman.lt\/product\/klasikine-apyranke-didieji-kanjonai\/#breadcrumb"},"inLanguage":"en-GB","potentialAction":[{"@type":"ReadAction","target":["https:\/\/amberhuman.lt\/product\/klasikine-apyranke-didieji-kanjonai\/"]}]},{"@type":"ImageObject","inLanguage":"en-GB","@id":"https:\/\/amberhuman.lt\/product\/klasikine-apyranke-didieji-kanjonai\/#primaryimage","url":"https:\/\/amberhuman.lt\/wp-content\/uploads\/2024\/07\/DSC07199-001-scaled.jpg","contentUrl":"https:\/\/amberhuman.lt\/wp-content\/uploads\/2024\/07\/DSC07199-001-scaled.jpg","width":2344,"height":2560,"caption":"Klasikin\u0117 apyrank\u0117 &#8220;Didieji kanjonai&#8221;"},{"@type":"BreadcrumbList","@id":"https:\/\/amberhuman.lt\/product\/klasikine-apyranke-didieji-kanjonai\/#breadcrumb","itemListElement":[{"@type":"ListItem","position":1,"name":"Home","item":"https:\/\/amberhuman.lt\/"},{"@type":"ListItem","position":2,"name":"Parduotuv\u0117","item":"https:\/\/amberhuman.lt\/parduotuve\/"},{"@type":"ListItem","position":3,"name":"Klasikin\u0117 apyrank\u0117 &#8220;Didieji kanjonai&#8221;"}]},{"@type":"WebSite","@id":"https:\/\/amberhuman.lt\/#website","url":"https:\/\/amberhuman.lt\/","name":"amberhuman.lt","description":"","publisher":{"@id":"https:\/\/amberhuman.lt\/#organization"},"potentialAction":[{"@type":"SearchAction","target":{"@type":"EntryPoint","urlTemplate":"https:\/\/amberhuman.lt\/?s={search_term_string}"},"query-input":{"@type":"PropertyValueSpecification","valueRequired":true,"valueName":"search_term_string"}}],"inLanguage":"en-GB"},{"@type":"Organization","@id":"https:\/\/amberhuman.lt\/#organization","name":"AmberHuman","url":"https:\/\/amberhuman.lt\/","logo":{"@type":"ImageObject","inLanguage":"en-GB","@id":"https:\/\/amberhuman.lt\/#\/schema\/logo\/image\/","url":"https:\/\/amberhuman.lt\/wp-content\/uploads\/2021\/03\/logo2.png","contentUrl":"https:\/\/amberhuman.lt\/wp-content\/uploads\/2021\/03\/logo2.png","width":300,"height":70,"caption":"AmberHuman"},"image":{"@id":"https:\/\/amberhuman.lt\/#\/schema\/logo\/image\/"}}]}},"_links":{"self":[{"href":"https:\/\/amberhuman.lt\/en\/wp-json\/wp\/v2\/product\/7298","targetHints":{"allow":["GET"]}}],"collection":[{"href":"https:\/\/amberhuman.lt\/en\/wp-json\/wp\/v2\/product"}],"about":[{"href":"https:\/\/amberhuman.lt\/en\/wp-json\/wp\/v2\/types\/product"}],"wp:featuredmedia":[{"embeddable":true,"href":"https:\/\/amberhuman.lt\/en\/wp-json\/wp\/v2\/media\/7307"}],"wp:attachment":[{"href":"https:\/\/amberhuman.lt\/en\/wp-json\/wp\/v2\/media?parent=7298"}],"wp:term":[{"taxonomy":"product_brand","embeddable":true,"href":"https:\/\/amberhuman.lt\/en\/wp-json\/wp\/v2\/product_brand?post=7298"},{"taxonomy":"product_cat","embeddable":true,"href":"https:\/\/amberhuman.lt\/en\/wp-json\/wp\/v2\/product_cat?post=7298"},{"taxonomy":"product_tag","embeddable":true,"href":"https:\/\/amberhuman.lt\/en\/wp-json\/wp\/v2\/product_tag?post=7298"}],"curies":[{"name":"wp","href":"https:\/\/api.w.org\/{rel}","templated":true}]}}