{"id":6636,"date":"2024-07-03T11:25:04","date_gmt":"2024-07-03T11:25:04","guid":{"rendered":"https:\/\/amberhuman.lt\/?post_type=product&#038;p=6636"},"modified":"2024-07-03T11:36:32","modified_gmt":"2024-07-03T11:36:32","slug":"vaikiskas-verinys-zeme","status":"publish","type":"product","link":"https:\/\/amberhuman.lt\/en\/product\/vaikiskas-verinys-zeme\/","title":{"rendered":"Children&#039;s necklace &quot;Earth&quot;"},"content":{"rendered":"<p>Neblizgaus gintaro, tobulai apvali\u0173, \u017eem\u0117s spalvos gintaro rutuliuk\u0173 v\u0117rinys &#8222;\u017dem\u0117&#8221; su akcentiniais \u017ealiais stiklo kristalais<\/p>\n<p>Gintaro rutuliuk\u0173 diametras: ~5mm ir ~3,5mm<\/p>\n<p>V\u0117rinio ilgis pasirenkamas: 33cm &#8211; 35cm &#8211; 38cm<\/p>\n<div><\/div>\n<div><em>*The size\/color of the amber pieces may vary slightly from what is shown in the photo.<\/em><\/div>","protected":false},"excerpt":{"rendered":"<p>Tobulai apvali\u0173 rutuliuk\u0173 v\u0117rinys vaikams<\/p>","protected":false},"featured_media":6640,"template":"","meta":[],"product_brand":[],"product_cat":[173,175],"product_tag":[316],"class_list":{"0":"post-6636","1":"product","2":"type-product","3":"status-publish","4":"has-post-thumbnail","6":"product_cat-vaikiski","7":"product_cat-veriniai-vaikams","8":"product_tag-rutuliukai","10":"first","11":"instock","12":"taxable","13":"shipping-taxable","14":"purchasable","15":"product-type-variable"},"yoast_head":"<!-- This site is optimized with the Yoast SEO plugin v27.4 - https:\/\/yoast.com\/product\/yoast-seo-wordpress\/ -->\n<title>Vaiki\u0161kas v\u0117rinys &quot;\u017dem\u0117&quot; - AmberHuman<\/title>\n<meta name=\"robots\" content=\"index, follow, max-snippet:-1, max-image-preview:large, max-video-preview:-1\" \/>\n<link rel=\"canonical\" href=\"https:\/\/amberhuman.lt\/en\/product\/vaikiskas-verinys-zeme\/\" \/>\n<meta property=\"og:locale\" content=\"en_GB\" \/>\n<meta property=\"og:type\" content=\"article\" \/>\n<meta property=\"og:title\" content=\"Vaiki\u0161kas v\u0117rinys &quot;\u017dem\u0117&quot; - AmberHuman\" \/>\n<meta property=\"og:description\" content=\"Tobulai apvali\u0173 rutuliuk\u0173 v\u0117rinys vaikams\" \/>\n<meta property=\"og:url\" content=\"https:\/\/amberhuman.lt\/en\/product\/vaikiskas-verinys-zeme\/\" \/>\n<meta property=\"og:site_name\" content=\"AmberHuman\" \/>\n<meta property=\"article:modified_time\" content=\"2024-07-03T11:36:32+00:00\" \/>\n<meta property=\"og:image\" content=\"https:\/\/amberhuman.lt\/wp-content\/uploads\/2024\/07\/DSC05259-001.jpg\" \/>\n\t<meta property=\"og:image:width\" content=\"1554\" \/>\n\t<meta property=\"og:image:height\" content=\"1705\" \/>\n\t<meta property=\"og:image:type\" content=\"image\/jpeg\" \/>\n<meta name=\"twitter:card\" content=\"summary_large_image\" \/>\n<script type=\"application\/ld+json\" class=\"yoast-schema-graph\">{\"@context\":\"https:\\\/\\\/schema.org\",\"@graph\":[{\"@type\":\"WebPage\",\"@id\":\"https:\\\/\\\/amberhuman.lt\\\/product\\\/vaikiskas-verinys-zeme\\\/\",\"url\":\"https:\\\/\\\/amberhuman.lt\\\/product\\\/vaikiskas-verinys-zeme\\\/\",\"name\":\"Vaiki\u0161kas v\u0117rinys \\\"\u017dem\u0117\\\" - AmberHuman\",\"isPartOf\":{\"@id\":\"https:\\\/\\\/amberhuman.lt\\\/#website\"},\"primaryImageOfPage\":{\"@id\":\"https:\\\/\\\/amberhuman.lt\\\/product\\\/vaikiskas-verinys-zeme\\\/#primaryimage\"},\"image\":{\"@id\":\"https:\\\/\\\/amberhuman.lt\\\/product\\\/vaikiskas-verinys-zeme\\\/#primaryimage\"},\"thumbnailUrl\":\"https:\\\/\\\/amberhuman.lt\\\/wp-content\\\/uploads\\\/2024\\\/07\\\/DSC05259-001.jpg\",\"datePublished\":\"2024-07-03T11:25:04+00:00\",\"dateModified\":\"2024-07-03T11:36:32+00:00\",\"breadcrumb\":{\"@id\":\"https:\\\/\\\/amberhuman.lt\\\/product\\\/vaikiskas-verinys-zeme\\\/#breadcrumb\"},\"inLanguage\":\"en-GB\",\"potentialAction\":[{\"@type\":\"ReadAction\",\"target\":[\"https:\\\/\\\/amberhuman.lt\\\/product\\\/vaikiskas-verinys-zeme\\\/\"]}]},{\"@type\":\"ImageObject\",\"inLanguage\":\"en-GB\",\"@id\":\"https:\\\/\\\/amberhuman.lt\\\/product\\\/vaikiskas-verinys-zeme\\\/#primaryimage\",\"url\":\"https:\\\/\\\/amberhuman.lt\\\/wp-content\\\/uploads\\\/2024\\\/07\\\/DSC05259-001.jpg\",\"contentUrl\":\"https:\\\/\\\/amberhuman.lt\\\/wp-content\\\/uploads\\\/2024\\\/07\\\/DSC05259-001.jpg\",\"width\":1554,\"height\":1705,\"caption\":\"Vaiki\u0161kas v\u0117rinys \\\"\u017dem\u0117\\\"\"},{\"@type\":\"BreadcrumbList\",\"@id\":\"https:\\\/\\\/amberhuman.lt\\\/product\\\/vaikiskas-verinys-zeme\\\/#breadcrumb\",\"itemListElement\":[{\"@type\":\"ListItem\",\"position\":1,\"name\":\"Home\",\"item\":\"https:\\\/\\\/amberhuman.lt\\\/\"},{\"@type\":\"ListItem\",\"position\":2,\"name\":\"Parduotuv\u0117\",\"item\":\"https:\\\/\\\/amberhuman.lt\\\/parduotuve\\\/\"},{\"@type\":\"ListItem\",\"position\":3,\"name\":\"Vaiki\u0161kas v\u0117rinys &#8222;\u017dem\u0117&#8221;\"}]},{\"@type\":\"WebSite\",\"@id\":\"https:\\\/\\\/amberhuman.lt\\\/#website\",\"url\":\"https:\\\/\\\/amberhuman.lt\\\/\",\"name\":\"amberhuman.lt\",\"description\":\"\",\"publisher\":{\"@id\":\"https:\\\/\\\/amberhuman.lt\\\/#organization\"},\"potentialAction\":[{\"@type\":\"SearchAction\",\"target\":{\"@type\":\"EntryPoint\",\"urlTemplate\":\"https:\\\/\\\/amberhuman.lt\\\/?s={search_term_string}\"},\"query-input\":{\"@type\":\"PropertyValueSpecification\",\"valueRequired\":true,\"valueName\":\"search_term_string\"}}],\"inLanguage\":\"en-GB\"},{\"@type\":\"Organization\",\"@id\":\"https:\\\/\\\/amberhuman.lt\\\/#organization\",\"name\":\"AmberHuman\",\"url\":\"https:\\\/\\\/amberhuman.lt\\\/\",\"logo\":{\"@type\":\"ImageObject\",\"inLanguage\":\"en-GB\",\"@id\":\"https:\\\/\\\/amberhuman.lt\\\/#\\\/schema\\\/logo\\\/image\\\/\",\"url\":\"https:\\\/\\\/amberhuman.lt\\\/wp-content\\\/uploads\\\/2021\\\/03\\\/logo2.png\",\"contentUrl\":\"https:\\\/\\\/amberhuman.lt\\\/wp-content\\\/uploads\\\/2021\\\/03\\\/logo2.png\",\"width\":300,\"height\":70,\"caption\":\"AmberHuman\"},\"image\":{\"@id\":\"https:\\\/\\\/amberhuman.lt\\\/#\\\/schema\\\/logo\\\/image\\\/\"}}]}<\/script>\n<!-- \/ Yoast SEO plugin. -->","yoast_head_json":{"title":"Vaiki\u0161kas v\u0117rinys \"\u017dem\u0117\" - AmberHuman","robots":{"index":"index","follow":"follow","max-snippet":"max-snippet:-1","max-image-preview":"max-image-preview:large","max-video-preview":"max-video-preview:-1"},"canonical":"https:\/\/amberhuman.lt\/en\/product\/vaikiskas-verinys-zeme\/","og_locale":"en_GB","og_type":"article","og_title":"Vaiki\u0161kas v\u0117rinys \"\u017dem\u0117\" - AmberHuman","og_description":"Tobulai apvali\u0173 rutuliuk\u0173 v\u0117rinys vaikams","og_url":"https:\/\/amberhuman.lt\/en\/product\/vaikiskas-verinys-zeme\/","og_site_name":"AmberHuman","article_modified_time":"2024-07-03T11:36:32+00:00","og_image":[{"width":1554,"height":1705,"url":"https:\/\/amberhuman.lt\/wp-content\/uploads\/2024\/07\/DSC05259-001.jpg","type":"image\/jpeg"}],"twitter_card":"summary_large_image","schema":{"@context":"https:\/\/schema.org","@graph":[{"@type":"WebPage","@id":"https:\/\/amberhuman.lt\/product\/vaikiskas-verinys-zeme\/","url":"https:\/\/amberhuman.lt\/product\/vaikiskas-verinys-zeme\/","name":"Vaiki\u0161kas v\u0117rinys \"\u017dem\u0117\" - AmberHuman","isPartOf":{"@id":"https:\/\/amberhuman.lt\/#website"},"primaryImageOfPage":{"@id":"https:\/\/amberhuman.lt\/product\/vaikiskas-verinys-zeme\/#primaryimage"},"image":{"@id":"https:\/\/amberhuman.lt\/product\/vaikiskas-verinys-zeme\/#primaryimage"},"thumbnailUrl":"https:\/\/amberhuman.lt\/wp-content\/uploads\/2024\/07\/DSC05259-001.jpg","datePublished":"2024-07-03T11:25:04+00:00","dateModified":"2024-07-03T11:36:32+00:00","breadcrumb":{"@id":"https:\/\/amberhuman.lt\/product\/vaikiskas-verinys-zeme\/#breadcrumb"},"inLanguage":"en-GB","potentialAction":[{"@type":"ReadAction","target":["https:\/\/amberhuman.lt\/product\/vaikiskas-verinys-zeme\/"]}]},{"@type":"ImageObject","inLanguage":"en-GB","@id":"https:\/\/amberhuman.lt\/product\/vaikiskas-verinys-zeme\/#primaryimage","url":"https:\/\/amberhuman.lt\/wp-content\/uploads\/2024\/07\/DSC05259-001.jpg","contentUrl":"https:\/\/amberhuman.lt\/wp-content\/uploads\/2024\/07\/DSC05259-001.jpg","width":1554,"height":1705,"caption":"Vaiki\u0161kas v\u0117rinys \"\u017dem\u0117\""},{"@type":"BreadcrumbList","@id":"https:\/\/amberhuman.lt\/product\/vaikiskas-verinys-zeme\/#breadcrumb","itemListElement":[{"@type":"ListItem","position":1,"name":"Home","item":"https:\/\/amberhuman.lt\/"},{"@type":"ListItem","position":2,"name":"Parduotuv\u0117","item":"https:\/\/amberhuman.lt\/parduotuve\/"},{"@type":"ListItem","position":3,"name":"Vaiki\u0161kas v\u0117rinys &#8222;\u017dem\u0117&#8221;"}]},{"@type":"WebSite","@id":"https:\/\/amberhuman.lt\/#website","url":"https:\/\/amberhuman.lt\/","name":"amberhuman.lt","description":"","publisher":{"@id":"https:\/\/amberhuman.lt\/#organization"},"potentialAction":[{"@type":"SearchAction","target":{"@type":"EntryPoint","urlTemplate":"https:\/\/amberhuman.lt\/?s={search_term_string}"},"query-input":{"@type":"PropertyValueSpecification","valueRequired":true,"valueName":"search_term_string"}}],"inLanguage":"en-GB"},{"@type":"Organization","@id":"https:\/\/amberhuman.lt\/#organization","name":"AmberHuman","url":"https:\/\/amberhuman.lt\/","logo":{"@type":"ImageObject","inLanguage":"en-GB","@id":"https:\/\/amberhuman.lt\/#\/schema\/logo\/image\/","url":"https:\/\/amberhuman.lt\/wp-content\/uploads\/2021\/03\/logo2.png","contentUrl":"https:\/\/amberhuman.lt\/wp-content\/uploads\/2021\/03\/logo2.png","width":300,"height":70,"caption":"AmberHuman"},"image":{"@id":"https:\/\/amberhuman.lt\/#\/schema\/logo\/image\/"}}]}},"_links":{"self":[{"href":"https:\/\/amberhuman.lt\/en\/wp-json\/wp\/v2\/product\/6636","targetHints":{"allow":["GET"]}}],"collection":[{"href":"https:\/\/amberhuman.lt\/en\/wp-json\/wp\/v2\/product"}],"about":[{"href":"https:\/\/amberhuman.lt\/en\/wp-json\/wp\/v2\/types\/product"}],"wp:featuredmedia":[{"embeddable":true,"href":"https:\/\/amberhuman.lt\/en\/wp-json\/wp\/v2\/media\/6640"}],"wp:attachment":[{"href":"https:\/\/amberhuman.lt\/en\/wp-json\/wp\/v2\/media?parent=6636"}],"wp:term":[{"taxonomy":"product_brand","embeddable":true,"href":"https:\/\/amberhuman.lt\/en\/wp-json\/wp\/v2\/product_brand?post=6636"},{"taxonomy":"product_cat","embeddable":true,"href":"https:\/\/amberhuman.lt\/en\/wp-json\/wp\/v2\/product_cat?post=6636"},{"taxonomy":"product_tag","embeddable":true,"href":"https:\/\/amberhuman.lt\/en\/wp-json\/wp\/v2\/product_tag?post=6636"}],"curies":[{"name":"wp","href":"https:\/\/api.w.org\/{rel}","templated":true}]}}