{"id":6148,"date":"2024-06-30T12:06:32","date_gmt":"2024-06-30T12:06:32","guid":{"rendered":"https:\/\/amberhuman.lt\/?post_type=product&#038;p=6148"},"modified":"2024-06-30T12:20:56","modified_gmt":"2024-06-30T12:20:56","slug":"komplektas-sirdziu-dama","status":"publish","type":"product","link":"https:\/\/amberhuman.lt\/en\/product\/komplektas-sirdziu-dama\/","title":{"rendered":"Komplektas &#8222;\u0160ird\u017ei\u0173 dama&#8221;"},"content":{"rendered":"<p><strong><em>Necklace<\/em><\/strong><\/p>\n<p>Neblizgaus ir blizgaus gintaro, tobulai apvali\u0173, tamsios vy\u0161nios ir skaidrios spalvos gintaro rutuliuk\u0173 v\u0117rinys \u201c\u0160ird\u017ei\u0173 dama\u201d su akcentine gintarine \u0161irdele, hematitu, stikliniais kristalais, ametistu.<\/p>\n<p>Spalvingas, smagus \u2013 tavo laimingoms dienoms!<\/p>\n<p>Gintaro rutuliuko diametras: ~6-6,5mm<\/p>\n<p>V\u0117rinio ilgis pasirenkamas: 42cm \u2013 45cm \u2013 50cm<\/p>\n<p><em><strong>Bracelet<\/strong><\/em><\/p>\n<p>\u012evairi\u0173 spalv\u0173 ir form\u0173 apyrank\u0117 \u201c\u0160ird\u017ei\u0173 dama\u201d su akcentine gintarine \u0161irdele ir stiklini\u0173 kristal\u0173 (raudoni), ametist\u0173 (violetinis) ir hematit\u0173 (auksin\u0117s spalvos) intarpais.<\/p>\n<p>\u017daisminga ir vasari\u0161ka apyrank\u0117 and gumel\u0117s<\/p>\n<p>Amber beads diameter: ~6mm<\/p>\n<p>\u0160irdel\u0117s i\u0161matavimai: ~9mmx13mm<\/p>\n<p>&nbsp;<\/p>\n<p>Patinka komplektas, bet nori tik v\u0117rinio &#8211; sek nuorod\u0105 <strong><a href=\"https:\/\/amberhuman.lt\/en\/product\/verinys-gyvybes-medis-copy\/\">here! <\/a><\/strong><\/p>\n<p>Patinka komplektas, bet nori tik apyrank\u0117s &#8211; sek nuorod\u0105 <strong><a href=\"https:\/\/amberhuman.lt\/en\/product\/apyranke-sirdziu-dama\/\">here!<\/a><\/strong><\/p>\n<p>&nbsp;<\/p>\n<div><em>*Apyrank\u0117s ilgis &#8211; tai rie\u0161o apimtis be laisvumo<\/em><\/div>\n<div><em>*The size\/color of the amber pieces may vary slightly from what is shown in the photo.<\/em><\/div>","protected":false},"excerpt":{"rendered":"<p>V\u0117rinio ir apyrank\u0117s komplektas<\/p>","protected":false},"featured_media":6173,"template":"","meta":[],"product_brand":[],"product_cat":[159,172],"product_tag":[316],"class_list":{"0":"post-6148","1":"product","2":"type-product","3":"status-publish","4":"has-post-thumbnail","6":"product_cat-moterims","7":"product_cat-rinkiniai-moterims","8":"product_tag-rutuliukai","10":"first","11":"instock","12":"taxable","13":"shipping-taxable","14":"purchasable","15":"product-type-variable"},"yoast_head":"<!-- This site is optimized with the Yoast SEO plugin v27.4 - https:\/\/yoast.com\/product\/yoast-seo-wordpress\/ -->\n<title>Komplektas &quot;\u0160ird\u017ei\u0173 dama&quot; - AmberHuman<\/title>\n<meta name=\"robots\" content=\"index, follow, max-snippet:-1, max-image-preview:large, max-video-preview:-1\" \/>\n<link rel=\"canonical\" href=\"https:\/\/amberhuman.lt\/en\/product\/komplektas-sirdziu-dama\/\" \/>\n<meta property=\"og:locale\" content=\"en_GB\" \/>\n<meta property=\"og:type\" content=\"article\" \/>\n<meta property=\"og:title\" content=\"Komplektas &quot;\u0160ird\u017ei\u0173 dama&quot; - AmberHuman\" \/>\n<meta property=\"og:description\" content=\"V\u0117rinio ir apyrank\u0117s komplektas\" \/>\n<meta property=\"og:url\" content=\"https:\/\/amberhuman.lt\/en\/product\/komplektas-sirdziu-dama\/\" \/>\n<meta property=\"og:site_name\" content=\"AmberHuman\" \/>\n<meta property=\"article:modified_time\" content=\"2024-06-30T12:20:56+00:00\" \/>\n<meta property=\"og:image\" content=\"https:\/\/amberhuman.lt\/wp-content\/uploads\/2024\/06\/DSC04041-001.jpg\" \/>\n\t<meta property=\"og:image:width\" content=\"2233\" \/>\n\t<meta property=\"og:image:height\" content=\"2063\" \/>\n\t<meta property=\"og:image:type\" content=\"image\/jpeg\" \/>\n<meta name=\"twitter:card\" content=\"summary_large_image\" \/>\n<meta name=\"twitter:label1\" content=\"Estimated reading time\" \/>\n\t<meta name=\"twitter:data1\" content=\"1 minute\" \/>\n<script type=\"application\/ld+json\" class=\"yoast-schema-graph\">{\"@context\":\"https:\\\/\\\/schema.org\",\"@graph\":[{\"@type\":\"WebPage\",\"@id\":\"https:\\\/\\\/amberhuman.lt\\\/product\\\/komplektas-sirdziu-dama\\\/\",\"url\":\"https:\\\/\\\/amberhuman.lt\\\/product\\\/komplektas-sirdziu-dama\\\/\",\"name\":\"Komplektas \\\"\u0160ird\u017ei\u0173 dama\\\" - AmberHuman\",\"isPartOf\":{\"@id\":\"https:\\\/\\\/amberhuman.lt\\\/#website\"},\"primaryImageOfPage\":{\"@id\":\"https:\\\/\\\/amberhuman.lt\\\/product\\\/komplektas-sirdziu-dama\\\/#primaryimage\"},\"image\":{\"@id\":\"https:\\\/\\\/amberhuman.lt\\\/product\\\/komplektas-sirdziu-dama\\\/#primaryimage\"},\"thumbnailUrl\":\"https:\\\/\\\/amberhuman.lt\\\/wp-content\\\/uploads\\\/2024\\\/06\\\/DSC04041-001.jpg\",\"datePublished\":\"2024-06-30T12:06:32+00:00\",\"dateModified\":\"2024-06-30T12:20:56+00:00\",\"breadcrumb\":{\"@id\":\"https:\\\/\\\/amberhuman.lt\\\/product\\\/komplektas-sirdziu-dama\\\/#breadcrumb\"},\"inLanguage\":\"en-GB\",\"potentialAction\":[{\"@type\":\"ReadAction\",\"target\":[\"https:\\\/\\\/amberhuman.lt\\\/product\\\/komplektas-sirdziu-dama\\\/\"]}]},{\"@type\":\"ImageObject\",\"inLanguage\":\"en-GB\",\"@id\":\"https:\\\/\\\/amberhuman.lt\\\/product\\\/komplektas-sirdziu-dama\\\/#primaryimage\",\"url\":\"https:\\\/\\\/amberhuman.lt\\\/wp-content\\\/uploads\\\/2024\\\/06\\\/DSC04041-001.jpg\",\"contentUrl\":\"https:\\\/\\\/amberhuman.lt\\\/wp-content\\\/uploads\\\/2024\\\/06\\\/DSC04041-001.jpg\",\"width\":2233,\"height\":2063,\"caption\":\"Komplektas \\\"\u0160ird\u017ei\u0173 dama\\\"\"},{\"@type\":\"BreadcrumbList\",\"@id\":\"https:\\\/\\\/amberhuman.lt\\\/product\\\/komplektas-sirdziu-dama\\\/#breadcrumb\",\"itemListElement\":[{\"@type\":\"ListItem\",\"position\":1,\"name\":\"Home\",\"item\":\"https:\\\/\\\/amberhuman.lt\\\/\"},{\"@type\":\"ListItem\",\"position\":2,\"name\":\"Parduotuv\u0117\",\"item\":\"https:\\\/\\\/amberhuman.lt\\\/parduotuve\\\/\"},{\"@type\":\"ListItem\",\"position\":3,\"name\":\"Komplektas &#8222;\u0160ird\u017ei\u0173 dama&#8221;\"}]},{\"@type\":\"WebSite\",\"@id\":\"https:\\\/\\\/amberhuman.lt\\\/#website\",\"url\":\"https:\\\/\\\/amberhuman.lt\\\/\",\"name\":\"amberhuman.lt\",\"description\":\"\",\"publisher\":{\"@id\":\"https:\\\/\\\/amberhuman.lt\\\/#organization\"},\"potentialAction\":[{\"@type\":\"SearchAction\",\"target\":{\"@type\":\"EntryPoint\",\"urlTemplate\":\"https:\\\/\\\/amberhuman.lt\\\/?s={search_term_string}\"},\"query-input\":{\"@type\":\"PropertyValueSpecification\",\"valueRequired\":true,\"valueName\":\"search_term_string\"}}],\"inLanguage\":\"en-GB\"},{\"@type\":\"Organization\",\"@id\":\"https:\\\/\\\/amberhuman.lt\\\/#organization\",\"name\":\"AmberHuman\",\"url\":\"https:\\\/\\\/amberhuman.lt\\\/\",\"logo\":{\"@type\":\"ImageObject\",\"inLanguage\":\"en-GB\",\"@id\":\"https:\\\/\\\/amberhuman.lt\\\/#\\\/schema\\\/logo\\\/image\\\/\",\"url\":\"https:\\\/\\\/amberhuman.lt\\\/wp-content\\\/uploads\\\/2021\\\/03\\\/logo2.png\",\"contentUrl\":\"https:\\\/\\\/amberhuman.lt\\\/wp-content\\\/uploads\\\/2021\\\/03\\\/logo2.png\",\"width\":300,\"height\":70,\"caption\":\"AmberHuman\"},\"image\":{\"@id\":\"https:\\\/\\\/amberhuman.lt\\\/#\\\/schema\\\/logo\\\/image\\\/\"}}]}<\/script>\n<!-- \/ Yoast SEO plugin. -->","yoast_head_json":{"title":"Komplektas \"\u0160ird\u017ei\u0173 dama\" - AmberHuman","robots":{"index":"index","follow":"follow","max-snippet":"max-snippet:-1","max-image-preview":"max-image-preview:large","max-video-preview":"max-video-preview:-1"},"canonical":"https:\/\/amberhuman.lt\/en\/product\/komplektas-sirdziu-dama\/","og_locale":"en_GB","og_type":"article","og_title":"Komplektas \"\u0160ird\u017ei\u0173 dama\" - AmberHuman","og_description":"V\u0117rinio ir apyrank\u0117s komplektas","og_url":"https:\/\/amberhuman.lt\/en\/product\/komplektas-sirdziu-dama\/","og_site_name":"AmberHuman","article_modified_time":"2024-06-30T12:20:56+00:00","og_image":[{"width":2233,"height":2063,"url":"https:\/\/amberhuman.lt\/wp-content\/uploads\/2024\/06\/DSC04041-001.jpg","type":"image\/jpeg"}],"twitter_card":"summary_large_image","twitter_misc":{"Estimated reading time":"1 minute"},"schema":{"@context":"https:\/\/schema.org","@graph":[{"@type":"WebPage","@id":"https:\/\/amberhuman.lt\/product\/komplektas-sirdziu-dama\/","url":"https:\/\/amberhuman.lt\/product\/komplektas-sirdziu-dama\/","name":"Komplektas \"\u0160ird\u017ei\u0173 dama\" - AmberHuman","isPartOf":{"@id":"https:\/\/amberhuman.lt\/#website"},"primaryImageOfPage":{"@id":"https:\/\/amberhuman.lt\/product\/komplektas-sirdziu-dama\/#primaryimage"},"image":{"@id":"https:\/\/amberhuman.lt\/product\/komplektas-sirdziu-dama\/#primaryimage"},"thumbnailUrl":"https:\/\/amberhuman.lt\/wp-content\/uploads\/2024\/06\/DSC04041-001.jpg","datePublished":"2024-06-30T12:06:32+00:00","dateModified":"2024-06-30T12:20:56+00:00","breadcrumb":{"@id":"https:\/\/amberhuman.lt\/product\/komplektas-sirdziu-dama\/#breadcrumb"},"inLanguage":"en-GB","potentialAction":[{"@type":"ReadAction","target":["https:\/\/amberhuman.lt\/product\/komplektas-sirdziu-dama\/"]}]},{"@type":"ImageObject","inLanguage":"en-GB","@id":"https:\/\/amberhuman.lt\/product\/komplektas-sirdziu-dama\/#primaryimage","url":"https:\/\/amberhuman.lt\/wp-content\/uploads\/2024\/06\/DSC04041-001.jpg","contentUrl":"https:\/\/amberhuman.lt\/wp-content\/uploads\/2024\/06\/DSC04041-001.jpg","width":2233,"height":2063,"caption":"Komplektas \"\u0160ird\u017ei\u0173 dama\""},{"@type":"BreadcrumbList","@id":"https:\/\/amberhuman.lt\/product\/komplektas-sirdziu-dama\/#breadcrumb","itemListElement":[{"@type":"ListItem","position":1,"name":"Home","item":"https:\/\/amberhuman.lt\/"},{"@type":"ListItem","position":2,"name":"Parduotuv\u0117","item":"https:\/\/amberhuman.lt\/parduotuve\/"},{"@type":"ListItem","position":3,"name":"Komplektas &#8222;\u0160ird\u017ei\u0173 dama&#8221;"}]},{"@type":"WebSite","@id":"https:\/\/amberhuman.lt\/#website","url":"https:\/\/amberhuman.lt\/","name":"amberhuman.lt","description":"","publisher":{"@id":"https:\/\/amberhuman.lt\/#organization"},"potentialAction":[{"@type":"SearchAction","target":{"@type":"EntryPoint","urlTemplate":"https:\/\/amberhuman.lt\/?s={search_term_string}"},"query-input":{"@type":"PropertyValueSpecification","valueRequired":true,"valueName":"search_term_string"}}],"inLanguage":"en-GB"},{"@type":"Organization","@id":"https:\/\/amberhuman.lt\/#organization","name":"AmberHuman","url":"https:\/\/amberhuman.lt\/","logo":{"@type":"ImageObject","inLanguage":"en-GB","@id":"https:\/\/amberhuman.lt\/#\/schema\/logo\/image\/","url":"https:\/\/amberhuman.lt\/wp-content\/uploads\/2021\/03\/logo2.png","contentUrl":"https:\/\/amberhuman.lt\/wp-content\/uploads\/2021\/03\/logo2.png","width":300,"height":70,"caption":"AmberHuman"},"image":{"@id":"https:\/\/amberhuman.lt\/#\/schema\/logo\/image\/"}}]}},"_links":{"self":[{"href":"https:\/\/amberhuman.lt\/en\/wp-json\/wp\/v2\/product\/6148","targetHints":{"allow":["GET"]}}],"collection":[{"href":"https:\/\/amberhuman.lt\/en\/wp-json\/wp\/v2\/product"}],"about":[{"href":"https:\/\/amberhuman.lt\/en\/wp-json\/wp\/v2\/types\/product"}],"wp:featuredmedia":[{"embeddable":true,"href":"https:\/\/amberhuman.lt\/en\/wp-json\/wp\/v2\/media\/6173"}],"wp:attachment":[{"href":"https:\/\/amberhuman.lt\/en\/wp-json\/wp\/v2\/media?parent=6148"}],"wp:term":[{"taxonomy":"product_brand","embeddable":true,"href":"https:\/\/amberhuman.lt\/en\/wp-json\/wp\/v2\/product_brand?post=6148"},{"taxonomy":"product_cat","embeddable":true,"href":"https:\/\/amberhuman.lt\/en\/wp-json\/wp\/v2\/product_cat?post=6148"},{"taxonomy":"product_tag","embeddable":true,"href":"https:\/\/amberhuman.lt\/en\/wp-json\/wp\/v2\/product_tag?post=6148"}],"curies":[{"name":"wp","href":"https:\/\/api.w.org\/{rel}","templated":true}]}}