{"id":6045,"date":"2024-06-29T15:22:00","date_gmt":"2024-06-29T15:22:00","guid":{"rendered":"https:\/\/amberhuman.lt\/?post_type=product&#038;p=6045"},"modified":"2024-06-29T16:35:57","modified_gmt":"2024-06-29T16:35:57","slug":"komplektas-gladiatorius","status":"publish","type":"product","link":"https:\/\/amberhuman.lt\/en\/product\/komplektas-gladiatorius\/","title":{"rendered":"Komplektas &#8222;Meteoritai&#8221;"},"content":{"rendered":"<p><strong><em>Necklace<\/em><\/strong><\/p>\n<p>Neblizgi\u0173, ovalo formos spalvot\u0173 gintaro karoliuk\u0173 v\u0117rinys \u201cMeteoritai\u201d<\/p>\n<p>Gintariuko ilgis: ~10-11,5mm, plotis: ~7-7,5mm<\/p>\n<p>V\u0117rinio ilgis pasirenkamas: 42cm \u2013 45cm \u2013 50cm<\/p>\n<p><em><strong>Bracelet<\/strong><\/em><\/p>\n<p>Matinio, nebizgaus gintaro, ovalo formos apyrank\u0117 spalvoti \u201cMeteoritai\u201d<\/p>\n<p>Karoliuk\u0173 ilgis: ~12,5mm, plotis: ~8,5mm<\/p>\n<p>&nbsp;<\/p>\n<p>Patinka komplektas, bet nori tik v\u0117rinio &#8211; sek nuorod\u0105 <strong><a href=\"https:\/\/amberhuman.lt\/en\/product\/verinys-meteoritai\/\">here! <\/a><\/strong><\/p>\n<p>Patinka komplektas, bet nori tik apyrank\u0117s &#8211; sek nuorod\u0105 <strong><a href=\"https:\/\/amberhuman.lt\/en\/product\/apyranke-spalvoti-meteoritai\/\">here!<\/a><\/strong><\/p>\n<p>&nbsp;<\/p>\n<div><em>*Apyrank\u0117s ilgis &#8211; tai rie\u0161o apimtis be laisvumo<\/em><\/div>\n<div><em>*The size\/color of the amber pieces may vary slightly from what is shown in the photo.<\/em><\/div>","protected":false},"excerpt":{"rendered":"<p>V\u0117rinio ir apyrank\u0117s komplektas<\/p>","protected":false},"featured_media":6094,"template":"","meta":[],"product_brand":[],"product_cat":[159,296,172,162],"product_tag":[253],"class_list":{"0":"post-6045","1":"product","2":"type-product","3":"status-publish","4":"has-post-thumbnail","6":"product_cat-moterims","7":"product_cat-rinkiniai","8":"product_cat-rinkiniai-moterims","9":"product_cat-vyrams","10":"product_tag-ovalios-formos","12":"first","13":"instock","14":"taxable","15":"shipping-taxable","16":"purchasable","17":"product-type-variable"},"yoast_head":"<!-- This site is optimized with the Yoast SEO plugin v27.4 - https:\/\/yoast.com\/product\/yoast-seo-wordpress\/ -->\n<title>Komplektas &quot;Meteoritai&quot; - AmberHuman<\/title>\n<meta name=\"robots\" content=\"index, follow, max-snippet:-1, max-image-preview:large, max-video-preview:-1\" \/>\n<link rel=\"canonical\" href=\"https:\/\/amberhuman.lt\/en\/product\/komplektas-gladiatorius\/\" \/>\n<meta property=\"og:locale\" content=\"en_GB\" \/>\n<meta property=\"og:type\" content=\"article\" \/>\n<meta property=\"og:title\" content=\"Komplektas &quot;Meteoritai&quot; - AmberHuman\" \/>\n<meta property=\"og:description\" content=\"V\u0117rinio ir apyrank\u0117s komplektas\" \/>\n<meta property=\"og:url\" content=\"https:\/\/amberhuman.lt\/en\/product\/komplektas-gladiatorius\/\" \/>\n<meta property=\"og:site_name\" content=\"AmberHuman\" \/>\n<meta property=\"article:modified_time\" content=\"2024-06-29T16:35:57+00:00\" \/>\n<meta property=\"og:image\" content=\"https:\/\/amberhuman.lt\/wp-content\/uploads\/2024\/06\/DSC03924-001-1-scaled.jpg\" \/>\n\t<meta property=\"og:image:width\" content=\"2464\" \/>\n\t<meta property=\"og:image:height\" content=\"2560\" \/>\n\t<meta property=\"og:image:type\" content=\"image\/jpeg\" \/>\n<meta name=\"twitter:card\" content=\"summary_large_image\" \/>\n<script type=\"application\/ld+json\" class=\"yoast-schema-graph\">{\"@context\":\"https:\\\/\\\/schema.org\",\"@graph\":[{\"@type\":\"WebPage\",\"@id\":\"https:\\\/\\\/amberhuman.lt\\\/product\\\/komplektas-gladiatorius\\\/\",\"url\":\"https:\\\/\\\/amberhuman.lt\\\/product\\\/komplektas-gladiatorius\\\/\",\"name\":\"Komplektas \\\"Meteoritai\\\" - AmberHuman\",\"isPartOf\":{\"@id\":\"https:\\\/\\\/amberhuman.lt\\\/#website\"},\"primaryImageOfPage\":{\"@id\":\"https:\\\/\\\/amberhuman.lt\\\/product\\\/komplektas-gladiatorius\\\/#primaryimage\"},\"image\":{\"@id\":\"https:\\\/\\\/amberhuman.lt\\\/product\\\/komplektas-gladiatorius\\\/#primaryimage\"},\"thumbnailUrl\":\"https:\\\/\\\/amberhuman.lt\\\/wp-content\\\/uploads\\\/2024\\\/06\\\/DSC03924-001-1-scaled.jpg\",\"datePublished\":\"2024-06-29T15:22:00+00:00\",\"dateModified\":\"2024-06-29T16:35:57+00:00\",\"breadcrumb\":{\"@id\":\"https:\\\/\\\/amberhuman.lt\\\/product\\\/komplektas-gladiatorius\\\/#breadcrumb\"},\"inLanguage\":\"en-GB\",\"potentialAction\":[{\"@type\":\"ReadAction\",\"target\":[\"https:\\\/\\\/amberhuman.lt\\\/product\\\/komplektas-gladiatorius\\\/\"]}]},{\"@type\":\"ImageObject\",\"inLanguage\":\"en-GB\",\"@id\":\"https:\\\/\\\/amberhuman.lt\\\/product\\\/komplektas-gladiatorius\\\/#primaryimage\",\"url\":\"https:\\\/\\\/amberhuman.lt\\\/wp-content\\\/uploads\\\/2024\\\/06\\\/DSC03924-001-1-scaled.jpg\",\"contentUrl\":\"https:\\\/\\\/amberhuman.lt\\\/wp-content\\\/uploads\\\/2024\\\/06\\\/DSC03924-001-1-scaled.jpg\",\"width\":2464,\"height\":2560,\"caption\":\"Komplektas \\\"Meteoritai\\\"\"},{\"@type\":\"BreadcrumbList\",\"@id\":\"https:\\\/\\\/amberhuman.lt\\\/product\\\/komplektas-gladiatorius\\\/#breadcrumb\",\"itemListElement\":[{\"@type\":\"ListItem\",\"position\":1,\"name\":\"Home\",\"item\":\"https:\\\/\\\/amberhuman.lt\\\/\"},{\"@type\":\"ListItem\",\"position\":2,\"name\":\"Parduotuv\u0117\",\"item\":\"https:\\\/\\\/amberhuman.lt\\\/parduotuve\\\/\"},{\"@type\":\"ListItem\",\"position\":3,\"name\":\"Komplektas &#8222;Meteoritai&#8221;\"}]},{\"@type\":\"WebSite\",\"@id\":\"https:\\\/\\\/amberhuman.lt\\\/#website\",\"url\":\"https:\\\/\\\/amberhuman.lt\\\/\",\"name\":\"amberhuman.lt\",\"description\":\"\",\"publisher\":{\"@id\":\"https:\\\/\\\/amberhuman.lt\\\/#organization\"},\"potentialAction\":[{\"@type\":\"SearchAction\",\"target\":{\"@type\":\"EntryPoint\",\"urlTemplate\":\"https:\\\/\\\/amberhuman.lt\\\/?s={search_term_string}\"},\"query-input\":{\"@type\":\"PropertyValueSpecification\",\"valueRequired\":true,\"valueName\":\"search_term_string\"}}],\"inLanguage\":\"en-GB\"},{\"@type\":\"Organization\",\"@id\":\"https:\\\/\\\/amberhuman.lt\\\/#organization\",\"name\":\"AmberHuman\",\"url\":\"https:\\\/\\\/amberhuman.lt\\\/\",\"logo\":{\"@type\":\"ImageObject\",\"inLanguage\":\"en-GB\",\"@id\":\"https:\\\/\\\/amberhuman.lt\\\/#\\\/schema\\\/logo\\\/image\\\/\",\"url\":\"https:\\\/\\\/amberhuman.lt\\\/wp-content\\\/uploads\\\/2021\\\/03\\\/logo2.png\",\"contentUrl\":\"https:\\\/\\\/amberhuman.lt\\\/wp-content\\\/uploads\\\/2021\\\/03\\\/logo2.png\",\"width\":300,\"height\":70,\"caption\":\"AmberHuman\"},\"image\":{\"@id\":\"https:\\\/\\\/amberhuman.lt\\\/#\\\/schema\\\/logo\\\/image\\\/\"}}]}<\/script>\n<!-- \/ Yoast SEO plugin. -->","yoast_head_json":{"title":"Komplektas \"Meteoritai\" - AmberHuman","robots":{"index":"index","follow":"follow","max-snippet":"max-snippet:-1","max-image-preview":"max-image-preview:large","max-video-preview":"max-video-preview:-1"},"canonical":"https:\/\/amberhuman.lt\/en\/product\/komplektas-gladiatorius\/","og_locale":"en_GB","og_type":"article","og_title":"Komplektas \"Meteoritai\" - AmberHuman","og_description":"V\u0117rinio ir apyrank\u0117s komplektas","og_url":"https:\/\/amberhuman.lt\/en\/product\/komplektas-gladiatorius\/","og_site_name":"AmberHuman","article_modified_time":"2024-06-29T16:35:57+00:00","og_image":[{"width":2464,"height":2560,"url":"https:\/\/amberhuman.lt\/wp-content\/uploads\/2024\/06\/DSC03924-001-1-scaled.jpg","type":"image\/jpeg"}],"twitter_card":"summary_large_image","schema":{"@context":"https:\/\/schema.org","@graph":[{"@type":"WebPage","@id":"https:\/\/amberhuman.lt\/product\/komplektas-gladiatorius\/","url":"https:\/\/amberhuman.lt\/product\/komplektas-gladiatorius\/","name":"Komplektas \"Meteoritai\" - AmberHuman","isPartOf":{"@id":"https:\/\/amberhuman.lt\/#website"},"primaryImageOfPage":{"@id":"https:\/\/amberhuman.lt\/product\/komplektas-gladiatorius\/#primaryimage"},"image":{"@id":"https:\/\/amberhuman.lt\/product\/komplektas-gladiatorius\/#primaryimage"},"thumbnailUrl":"https:\/\/amberhuman.lt\/wp-content\/uploads\/2024\/06\/DSC03924-001-1-scaled.jpg","datePublished":"2024-06-29T15:22:00+00:00","dateModified":"2024-06-29T16:35:57+00:00","breadcrumb":{"@id":"https:\/\/amberhuman.lt\/product\/komplektas-gladiatorius\/#breadcrumb"},"inLanguage":"en-GB","potentialAction":[{"@type":"ReadAction","target":["https:\/\/amberhuman.lt\/product\/komplektas-gladiatorius\/"]}]},{"@type":"ImageObject","inLanguage":"en-GB","@id":"https:\/\/amberhuman.lt\/product\/komplektas-gladiatorius\/#primaryimage","url":"https:\/\/amberhuman.lt\/wp-content\/uploads\/2024\/06\/DSC03924-001-1-scaled.jpg","contentUrl":"https:\/\/amberhuman.lt\/wp-content\/uploads\/2024\/06\/DSC03924-001-1-scaled.jpg","width":2464,"height":2560,"caption":"Komplektas \"Meteoritai\""},{"@type":"BreadcrumbList","@id":"https:\/\/amberhuman.lt\/product\/komplektas-gladiatorius\/#breadcrumb","itemListElement":[{"@type":"ListItem","position":1,"name":"Home","item":"https:\/\/amberhuman.lt\/"},{"@type":"ListItem","position":2,"name":"Parduotuv\u0117","item":"https:\/\/amberhuman.lt\/parduotuve\/"},{"@type":"ListItem","position":3,"name":"Komplektas &#8222;Meteoritai&#8221;"}]},{"@type":"WebSite","@id":"https:\/\/amberhuman.lt\/#website","url":"https:\/\/amberhuman.lt\/","name":"amberhuman.lt","description":"","publisher":{"@id":"https:\/\/amberhuman.lt\/#organization"},"potentialAction":[{"@type":"SearchAction","target":{"@type":"EntryPoint","urlTemplate":"https:\/\/amberhuman.lt\/?s={search_term_string}"},"query-input":{"@type":"PropertyValueSpecification","valueRequired":true,"valueName":"search_term_string"}}],"inLanguage":"en-GB"},{"@type":"Organization","@id":"https:\/\/amberhuman.lt\/#organization","name":"AmberHuman","url":"https:\/\/amberhuman.lt\/","logo":{"@type":"ImageObject","inLanguage":"en-GB","@id":"https:\/\/amberhuman.lt\/#\/schema\/logo\/image\/","url":"https:\/\/amberhuman.lt\/wp-content\/uploads\/2021\/03\/logo2.png","contentUrl":"https:\/\/amberhuman.lt\/wp-content\/uploads\/2021\/03\/logo2.png","width":300,"height":70,"caption":"AmberHuman"},"image":{"@id":"https:\/\/amberhuman.lt\/#\/schema\/logo\/image\/"}}]}},"_links":{"self":[{"href":"https:\/\/amberhuman.lt\/en\/wp-json\/wp\/v2\/product\/6045","targetHints":{"allow":["GET"]}}],"collection":[{"href":"https:\/\/amberhuman.lt\/en\/wp-json\/wp\/v2\/product"}],"about":[{"href":"https:\/\/amberhuman.lt\/en\/wp-json\/wp\/v2\/types\/product"}],"wp:featuredmedia":[{"embeddable":true,"href":"https:\/\/amberhuman.lt\/en\/wp-json\/wp\/v2\/media\/6094"}],"wp:attachment":[{"href":"https:\/\/amberhuman.lt\/en\/wp-json\/wp\/v2\/media?parent=6045"}],"wp:term":[{"taxonomy":"product_brand","embeddable":true,"href":"https:\/\/amberhuman.lt\/en\/wp-json\/wp\/v2\/product_brand?post=6045"},{"taxonomy":"product_cat","embeddable":true,"href":"https:\/\/amberhuman.lt\/en\/wp-json\/wp\/v2\/product_cat?post=6045"},{"taxonomy":"product_tag","embeddable":true,"href":"https:\/\/amberhuman.lt\/en\/wp-json\/wp\/v2\/product_tag?post=6045"}],"curies":[{"name":"wp","href":"https:\/\/api.w.org\/{rel}","templated":true}]}}