{"id":5832,"date":"2024-06-27T13:03:10","date_gmt":"2024-06-27T13:03:10","guid":{"rendered":"https:\/\/amberhuman.lt\/?post_type=product&#038;p=5832"},"modified":"2024-06-27T13:12:15","modified_gmt":"2024-06-27T13:12:15","slug":"tamsus-verinys-sypsenele","status":"publish","type":"product","link":"https:\/\/amberhuman.lt\/en\/product\/tamsus-verinys-sypsenele\/","title":{"rendered":"Tamsus v\u0117rinys &#8222;\u0160ypsen\u0117l\u0117&#8221;"},"content":{"rendered":"<p>Blizgi\u0173 ir matini\u0173, rombo formos, tamsios vy\u0161nios spalvos gintaro gabal\u0117li\u0173 v\u0117rinys &#8222;\u0160ypsen\u0117l\u0117&#8221;<\/p>\n<p>Gintariuko ilgis: ~10-15mm, plotis: ~4-14mm<\/p>\n<p>V\u0117rinio ilgis pasirenkamas: 42cm &#8211; 45cm &#8211; 50cm<\/p>\n<div><\/div>\n<div><em>*The size\/color of the amber pieces may vary slightly from what is shown in the photo.<\/em><\/div>","protected":false},"excerpt":{"rendered":"<p>&#8222;\u0160ypsen\u0117l\u0117s&#8221; kolekcija<\/p>","protected":false},"featured_media":5836,"template":"","meta":[],"product_brand":[],"product_cat":[159,169],"product_tag":[318],"class_list":{"0":"post-5832","1":"product","2":"type-product","3":"status-publish","4":"has-post-thumbnail","6":"product_cat-moterims","7":"product_cat-veriniai-moterims","8":"product_tag-sypsenele","10":"first","11":"instock","12":"taxable","13":"shipping-taxable","14":"purchasable","15":"product-type-variable"},"yoast_head":"<!-- This site is optimized with the Yoast SEO plugin v27.4 - https:\/\/yoast.com\/product\/yoast-seo-wordpress\/ -->\n<title>Tamsus v\u0117rinys &quot;\u0160ypsen\u0117l\u0117&quot; - AmberHuman<\/title>\n<meta name=\"robots\" content=\"index, follow, max-snippet:-1, max-image-preview:large, max-video-preview:-1\" \/>\n<link rel=\"canonical\" href=\"https:\/\/amberhuman.lt\/en\/product\/tamsus-verinys-sypsenele\/\" \/>\n<meta property=\"og:locale\" content=\"en_GB\" \/>\n<meta property=\"og:type\" content=\"article\" \/>\n<meta property=\"og:title\" content=\"Tamsus v\u0117rinys &quot;\u0160ypsen\u0117l\u0117&quot; - AmberHuman\" \/>\n<meta property=\"og:description\" content=\"&quot;\u0160ypsen\u0117l\u0117s&quot; kolekcija\" \/>\n<meta property=\"og:url\" content=\"https:\/\/amberhuman.lt\/en\/product\/tamsus-verinys-sypsenele\/\" \/>\n<meta property=\"og:site_name\" content=\"AmberHuman\" \/>\n<meta property=\"article:modified_time\" content=\"2024-06-27T13:12:15+00:00\" \/>\n<meta property=\"og:image\" content=\"https:\/\/amberhuman.lt\/wp-content\/uploads\/2024\/06\/DSC03325-001.jpg\" \/>\n\t<meta property=\"og:image:width\" content=\"1663\" \/>\n\t<meta property=\"og:image:height\" content=\"1944\" \/>\n\t<meta property=\"og:image:type\" content=\"image\/jpeg\" \/>\n<meta name=\"twitter:card\" content=\"summary_large_image\" \/>\n<script type=\"application\/ld+json\" class=\"yoast-schema-graph\">{\"@context\":\"https:\\\/\\\/schema.org\",\"@graph\":[{\"@type\":\"WebPage\",\"@id\":\"https:\\\/\\\/amberhuman.lt\\\/product\\\/tamsus-verinys-sypsenele\\\/\",\"url\":\"https:\\\/\\\/amberhuman.lt\\\/product\\\/tamsus-verinys-sypsenele\\\/\",\"name\":\"Tamsus v\u0117rinys \\\"\u0160ypsen\u0117l\u0117\\\" - AmberHuman\",\"isPartOf\":{\"@id\":\"https:\\\/\\\/amberhuman.lt\\\/#website\"},\"primaryImageOfPage\":{\"@id\":\"https:\\\/\\\/amberhuman.lt\\\/product\\\/tamsus-verinys-sypsenele\\\/#primaryimage\"},\"image\":{\"@id\":\"https:\\\/\\\/amberhuman.lt\\\/product\\\/tamsus-verinys-sypsenele\\\/#primaryimage\"},\"thumbnailUrl\":\"https:\\\/\\\/amberhuman.lt\\\/wp-content\\\/uploads\\\/2024\\\/06\\\/DSC03325-001.jpg\",\"datePublished\":\"2024-06-27T13:03:10+00:00\",\"dateModified\":\"2024-06-27T13:12:15+00:00\",\"breadcrumb\":{\"@id\":\"https:\\\/\\\/amberhuman.lt\\\/product\\\/tamsus-verinys-sypsenele\\\/#breadcrumb\"},\"inLanguage\":\"en-GB\",\"potentialAction\":[{\"@type\":\"ReadAction\",\"target\":[\"https:\\\/\\\/amberhuman.lt\\\/product\\\/tamsus-verinys-sypsenele\\\/\"]}]},{\"@type\":\"ImageObject\",\"inLanguage\":\"en-GB\",\"@id\":\"https:\\\/\\\/amberhuman.lt\\\/product\\\/tamsus-verinys-sypsenele\\\/#primaryimage\",\"url\":\"https:\\\/\\\/amberhuman.lt\\\/wp-content\\\/uploads\\\/2024\\\/06\\\/DSC03325-001.jpg\",\"contentUrl\":\"https:\\\/\\\/amberhuman.lt\\\/wp-content\\\/uploads\\\/2024\\\/06\\\/DSC03325-001.jpg\",\"width\":1663,\"height\":1944,\"caption\":\"Tamsus v\u0117rinys \\\"\u0160ypsen\u0117l\u0117\\\"\"},{\"@type\":\"BreadcrumbList\",\"@id\":\"https:\\\/\\\/amberhuman.lt\\\/product\\\/tamsus-verinys-sypsenele\\\/#breadcrumb\",\"itemListElement\":[{\"@type\":\"ListItem\",\"position\":1,\"name\":\"Home\",\"item\":\"https:\\\/\\\/amberhuman.lt\\\/\"},{\"@type\":\"ListItem\",\"position\":2,\"name\":\"Parduotuv\u0117\",\"item\":\"https:\\\/\\\/amberhuman.lt\\\/parduotuve\\\/\"},{\"@type\":\"ListItem\",\"position\":3,\"name\":\"Tamsus v\u0117rinys &#8222;\u0160ypsen\u0117l\u0117&#8221;\"}]},{\"@type\":\"WebSite\",\"@id\":\"https:\\\/\\\/amberhuman.lt\\\/#website\",\"url\":\"https:\\\/\\\/amberhuman.lt\\\/\",\"name\":\"amberhuman.lt\",\"description\":\"\",\"publisher\":{\"@id\":\"https:\\\/\\\/amberhuman.lt\\\/#organization\"},\"potentialAction\":[{\"@type\":\"SearchAction\",\"target\":{\"@type\":\"EntryPoint\",\"urlTemplate\":\"https:\\\/\\\/amberhuman.lt\\\/?s={search_term_string}\"},\"query-input\":{\"@type\":\"PropertyValueSpecification\",\"valueRequired\":true,\"valueName\":\"search_term_string\"}}],\"inLanguage\":\"en-GB\"},{\"@type\":\"Organization\",\"@id\":\"https:\\\/\\\/amberhuman.lt\\\/#organization\",\"name\":\"AmberHuman\",\"url\":\"https:\\\/\\\/amberhuman.lt\\\/\",\"logo\":{\"@type\":\"ImageObject\",\"inLanguage\":\"en-GB\",\"@id\":\"https:\\\/\\\/amberhuman.lt\\\/#\\\/schema\\\/logo\\\/image\\\/\",\"url\":\"https:\\\/\\\/amberhuman.lt\\\/wp-content\\\/uploads\\\/2021\\\/03\\\/logo2.png\",\"contentUrl\":\"https:\\\/\\\/amberhuman.lt\\\/wp-content\\\/uploads\\\/2021\\\/03\\\/logo2.png\",\"width\":300,\"height\":70,\"caption\":\"AmberHuman\"},\"image\":{\"@id\":\"https:\\\/\\\/amberhuman.lt\\\/#\\\/schema\\\/logo\\\/image\\\/\"}}]}<\/script>\n<!-- \/ Yoast SEO plugin. -->","yoast_head_json":{"title":"Tamsus v\u0117rinys \"\u0160ypsen\u0117l\u0117\" - AmberHuman","robots":{"index":"index","follow":"follow","max-snippet":"max-snippet:-1","max-image-preview":"max-image-preview:large","max-video-preview":"max-video-preview:-1"},"canonical":"https:\/\/amberhuman.lt\/en\/product\/tamsus-verinys-sypsenele\/","og_locale":"en_GB","og_type":"article","og_title":"Tamsus v\u0117rinys \"\u0160ypsen\u0117l\u0117\" - AmberHuman","og_description":"\"\u0160ypsen\u0117l\u0117s\" kolekcija","og_url":"https:\/\/amberhuman.lt\/en\/product\/tamsus-verinys-sypsenele\/","og_site_name":"AmberHuman","article_modified_time":"2024-06-27T13:12:15+00:00","og_image":[{"width":1663,"height":1944,"url":"https:\/\/amberhuman.lt\/wp-content\/uploads\/2024\/06\/DSC03325-001.jpg","type":"image\/jpeg"}],"twitter_card":"summary_large_image","schema":{"@context":"https:\/\/schema.org","@graph":[{"@type":"WebPage","@id":"https:\/\/amberhuman.lt\/product\/tamsus-verinys-sypsenele\/","url":"https:\/\/amberhuman.lt\/product\/tamsus-verinys-sypsenele\/","name":"Tamsus v\u0117rinys \"\u0160ypsen\u0117l\u0117\" - AmberHuman","isPartOf":{"@id":"https:\/\/amberhuman.lt\/#website"},"primaryImageOfPage":{"@id":"https:\/\/amberhuman.lt\/product\/tamsus-verinys-sypsenele\/#primaryimage"},"image":{"@id":"https:\/\/amberhuman.lt\/product\/tamsus-verinys-sypsenele\/#primaryimage"},"thumbnailUrl":"https:\/\/amberhuman.lt\/wp-content\/uploads\/2024\/06\/DSC03325-001.jpg","datePublished":"2024-06-27T13:03:10+00:00","dateModified":"2024-06-27T13:12:15+00:00","breadcrumb":{"@id":"https:\/\/amberhuman.lt\/product\/tamsus-verinys-sypsenele\/#breadcrumb"},"inLanguage":"en-GB","potentialAction":[{"@type":"ReadAction","target":["https:\/\/amberhuman.lt\/product\/tamsus-verinys-sypsenele\/"]}]},{"@type":"ImageObject","inLanguage":"en-GB","@id":"https:\/\/amberhuman.lt\/product\/tamsus-verinys-sypsenele\/#primaryimage","url":"https:\/\/amberhuman.lt\/wp-content\/uploads\/2024\/06\/DSC03325-001.jpg","contentUrl":"https:\/\/amberhuman.lt\/wp-content\/uploads\/2024\/06\/DSC03325-001.jpg","width":1663,"height":1944,"caption":"Tamsus v\u0117rinys \"\u0160ypsen\u0117l\u0117\""},{"@type":"BreadcrumbList","@id":"https:\/\/amberhuman.lt\/product\/tamsus-verinys-sypsenele\/#breadcrumb","itemListElement":[{"@type":"ListItem","position":1,"name":"Home","item":"https:\/\/amberhuman.lt\/"},{"@type":"ListItem","position":2,"name":"Parduotuv\u0117","item":"https:\/\/amberhuman.lt\/parduotuve\/"},{"@type":"ListItem","position":3,"name":"Tamsus v\u0117rinys &#8222;\u0160ypsen\u0117l\u0117&#8221;"}]},{"@type":"WebSite","@id":"https:\/\/amberhuman.lt\/#website","url":"https:\/\/amberhuman.lt\/","name":"amberhuman.lt","description":"","publisher":{"@id":"https:\/\/amberhuman.lt\/#organization"},"potentialAction":[{"@type":"SearchAction","target":{"@type":"EntryPoint","urlTemplate":"https:\/\/amberhuman.lt\/?s={search_term_string}"},"query-input":{"@type":"PropertyValueSpecification","valueRequired":true,"valueName":"search_term_string"}}],"inLanguage":"en-GB"},{"@type":"Organization","@id":"https:\/\/amberhuman.lt\/#organization","name":"AmberHuman","url":"https:\/\/amberhuman.lt\/","logo":{"@type":"ImageObject","inLanguage":"en-GB","@id":"https:\/\/amberhuman.lt\/#\/schema\/logo\/image\/","url":"https:\/\/amberhuman.lt\/wp-content\/uploads\/2021\/03\/logo2.png","contentUrl":"https:\/\/amberhuman.lt\/wp-content\/uploads\/2021\/03\/logo2.png","width":300,"height":70,"caption":"AmberHuman"},"image":{"@id":"https:\/\/amberhuman.lt\/#\/schema\/logo\/image\/"}}]}},"_links":{"self":[{"href":"https:\/\/amberhuman.lt\/en\/wp-json\/wp\/v2\/product\/5832","targetHints":{"allow":["GET"]}}],"collection":[{"href":"https:\/\/amberhuman.lt\/en\/wp-json\/wp\/v2\/product"}],"about":[{"href":"https:\/\/amberhuman.lt\/en\/wp-json\/wp\/v2\/types\/product"}],"wp:featuredmedia":[{"embeddable":true,"href":"https:\/\/amberhuman.lt\/en\/wp-json\/wp\/v2\/media\/5836"}],"wp:attachment":[{"href":"https:\/\/amberhuman.lt\/en\/wp-json\/wp\/v2\/media?parent=5832"}],"wp:term":[{"taxonomy":"product_brand","embeddable":true,"href":"https:\/\/amberhuman.lt\/en\/wp-json\/wp\/v2\/product_brand?post=5832"},{"taxonomy":"product_cat","embeddable":true,"href":"https:\/\/amberhuman.lt\/en\/wp-json\/wp\/v2\/product_cat?post=5832"},{"taxonomy":"product_tag","embeddable":true,"href":"https:\/\/amberhuman.lt\/en\/wp-json\/wp\/v2\/product_tag?post=5832"}],"curies":[{"name":"wp","href":"https:\/\/api.w.org\/{rel}","templated":true}]}}