{"id":5726,"date":"2024-06-25T11:20:23","date_gmt":"2024-06-25T11:20:23","guid":{"rendered":"https:\/\/amberhuman.lt\/?post_type=product&#038;p=5726"},"modified":"2024-06-25T11:28:41","modified_gmt":"2024-06-25T11:28:41","slug":"verinys-angelo-sparnas","status":"publish","type":"product","link":"https:\/\/amberhuman.lt\/en\/product\/verinys-angelo-sparnas\/","title":{"rendered":"Necklace &quot;Angel Wing&quot;"},"content":{"rendered":"<p>Necklace of perfectly round, royal-colored amber beads &quot;Angel&#039;s Wing&quot; with an accent drop-shaped pendant (not removable).<\/p>\n<p>Ball diameter: ~6mm<\/p>\n<p>Drop dimensions: ~28mmx19mm<\/p>\n<p>Necklace length: 50cm<\/p>\n<div><\/div>\n<div><em>*The size\/color of the amber pieces may vary slightly from what is shown in the photo.<\/em><\/div>","protected":false},"excerpt":{"rendered":"<p>A necklace of perfectly round beads<\/p>","protected":false},"featured_media":5728,"template":"","meta":[],"product_brand":[],"product_cat":[159,169],"product_tag":[316],"class_list":{"0":"post-5726","1":"product","2":"type-product","3":"status-publish","4":"has-post-thumbnail","6":"product_cat-moterims","7":"product_cat-veriniai-moterims","8":"product_tag-rutuliukai","10":"first","11":"instock","12":"taxable","13":"shipping-taxable","14":"purchasable","15":"product-type-simple"},"yoast_head":"<!-- This site is optimized with the Yoast SEO plugin v27.4 - https:\/\/yoast.com\/product\/yoast-seo-wordpress\/ -->\n<title>V\u0117rinys &quot;Angelo Sparnas&quot; - AmberHuman<\/title>\n<meta name=\"robots\" content=\"index, follow, max-snippet:-1, max-image-preview:large, max-video-preview:-1\" \/>\n<link rel=\"canonical\" href=\"https:\/\/amberhuman.lt\/en\/product\/verinys-angelo-sparnas\/\" \/>\n<meta property=\"og:locale\" content=\"en_GB\" \/>\n<meta property=\"og:type\" content=\"article\" \/>\n<meta property=\"og:title\" content=\"V\u0117rinys &quot;Angelo Sparnas&quot; - AmberHuman\" \/>\n<meta property=\"og:description\" content=\"Tobulai apvali\u0173 rutuliuk\u0173 v\u0117rinys\" \/>\n<meta property=\"og:url\" content=\"https:\/\/amberhuman.lt\/en\/product\/verinys-angelo-sparnas\/\" \/>\n<meta property=\"og:site_name\" content=\"AmberHuman\" \/>\n<meta property=\"article:modified_time\" content=\"2024-06-25T11:28:41+00:00\" \/>\n<meta property=\"og:image\" content=\"https:\/\/amberhuman.lt\/wp-content\/uploads\/2024\/06\/DSC02902-002-scaled.jpg\" \/>\n\t<meta property=\"og:image:width\" content=\"2560\" \/>\n\t<meta property=\"og:image:height\" content=\"2547\" \/>\n\t<meta property=\"og:image:type\" content=\"image\/jpeg\" \/>\n<meta name=\"twitter:card\" content=\"summary_large_image\" \/>\n<script type=\"application\/ld+json\" class=\"yoast-schema-graph\">{\"@context\":\"https:\\\/\\\/schema.org\",\"@graph\":[{\"@type\":\"WebPage\",\"@id\":\"https:\\\/\\\/amberhuman.lt\\\/product\\\/verinys-angelo-sparnas\\\/\",\"url\":\"https:\\\/\\\/amberhuman.lt\\\/product\\\/verinys-angelo-sparnas\\\/\",\"name\":\"V\u0117rinys \\\"Angelo Sparnas\\\" - AmberHuman\",\"isPartOf\":{\"@id\":\"https:\\\/\\\/amberhuman.lt\\\/#website\"},\"primaryImageOfPage\":{\"@id\":\"https:\\\/\\\/amberhuman.lt\\\/product\\\/verinys-angelo-sparnas\\\/#primaryimage\"},\"image\":{\"@id\":\"https:\\\/\\\/amberhuman.lt\\\/product\\\/verinys-angelo-sparnas\\\/#primaryimage\"},\"thumbnailUrl\":\"https:\\\/\\\/amberhuman.lt\\\/wp-content\\\/uploads\\\/2024\\\/06\\\/DSC02902-002-scaled.jpg\",\"datePublished\":\"2024-06-25T11:20:23+00:00\",\"dateModified\":\"2024-06-25T11:28:41+00:00\",\"breadcrumb\":{\"@id\":\"https:\\\/\\\/amberhuman.lt\\\/product\\\/verinys-angelo-sparnas\\\/#breadcrumb\"},\"inLanguage\":\"en-GB\",\"potentialAction\":[{\"@type\":\"ReadAction\",\"target\":[\"https:\\\/\\\/amberhuman.lt\\\/product\\\/verinys-angelo-sparnas\\\/\"]}]},{\"@type\":\"ImageObject\",\"inLanguage\":\"en-GB\",\"@id\":\"https:\\\/\\\/amberhuman.lt\\\/product\\\/verinys-angelo-sparnas\\\/#primaryimage\",\"url\":\"https:\\\/\\\/amberhuman.lt\\\/wp-content\\\/uploads\\\/2024\\\/06\\\/DSC02902-002-scaled.jpg\",\"contentUrl\":\"https:\\\/\\\/amberhuman.lt\\\/wp-content\\\/uploads\\\/2024\\\/06\\\/DSC02902-002-scaled.jpg\",\"width\":2560,\"height\":2547,\"caption\":\"V\u0117rinys \\\"Angelo Sparnas\\\"\"},{\"@type\":\"BreadcrumbList\",\"@id\":\"https:\\\/\\\/amberhuman.lt\\\/product\\\/verinys-angelo-sparnas\\\/#breadcrumb\",\"itemListElement\":[{\"@type\":\"ListItem\",\"position\":1,\"name\":\"Home\",\"item\":\"https:\\\/\\\/amberhuman.lt\\\/\"},{\"@type\":\"ListItem\",\"position\":2,\"name\":\"Parduotuv\u0117\",\"item\":\"https:\\\/\\\/amberhuman.lt\\\/parduotuve\\\/\"},{\"@type\":\"ListItem\",\"position\":3,\"name\":\"V\u0117rinys &#8222;Angelo Sparnas&#8221;\"}]},{\"@type\":\"WebSite\",\"@id\":\"https:\\\/\\\/amberhuman.lt\\\/#website\",\"url\":\"https:\\\/\\\/amberhuman.lt\\\/\",\"name\":\"amberhuman.lt\",\"description\":\"\",\"publisher\":{\"@id\":\"https:\\\/\\\/amberhuman.lt\\\/#organization\"},\"potentialAction\":[{\"@type\":\"SearchAction\",\"target\":{\"@type\":\"EntryPoint\",\"urlTemplate\":\"https:\\\/\\\/amberhuman.lt\\\/?s={search_term_string}\"},\"query-input\":{\"@type\":\"PropertyValueSpecification\",\"valueRequired\":true,\"valueName\":\"search_term_string\"}}],\"inLanguage\":\"en-GB\"},{\"@type\":\"Organization\",\"@id\":\"https:\\\/\\\/amberhuman.lt\\\/#organization\",\"name\":\"AmberHuman\",\"url\":\"https:\\\/\\\/amberhuman.lt\\\/\",\"logo\":{\"@type\":\"ImageObject\",\"inLanguage\":\"en-GB\",\"@id\":\"https:\\\/\\\/amberhuman.lt\\\/#\\\/schema\\\/logo\\\/image\\\/\",\"url\":\"https:\\\/\\\/amberhuman.lt\\\/wp-content\\\/uploads\\\/2021\\\/03\\\/logo2.png\",\"contentUrl\":\"https:\\\/\\\/amberhuman.lt\\\/wp-content\\\/uploads\\\/2021\\\/03\\\/logo2.png\",\"width\":300,\"height\":70,\"caption\":\"AmberHuman\"},\"image\":{\"@id\":\"https:\\\/\\\/amberhuman.lt\\\/#\\\/schema\\\/logo\\\/image\\\/\"}}]}<\/script>\n<!-- \/ Yoast SEO plugin. -->","yoast_head_json":{"title":"V\u0117rinys \"Angelo Sparnas\" - AmberHuman","robots":{"index":"index","follow":"follow","max-snippet":"max-snippet:-1","max-image-preview":"max-image-preview:large","max-video-preview":"max-video-preview:-1"},"canonical":"https:\/\/amberhuman.lt\/en\/product\/verinys-angelo-sparnas\/","og_locale":"en_GB","og_type":"article","og_title":"V\u0117rinys \"Angelo Sparnas\" - AmberHuman","og_description":"Tobulai apvali\u0173 rutuliuk\u0173 v\u0117rinys","og_url":"https:\/\/amberhuman.lt\/en\/product\/verinys-angelo-sparnas\/","og_site_name":"AmberHuman","article_modified_time":"2024-06-25T11:28:41+00:00","og_image":[{"width":2560,"height":2547,"url":"https:\/\/amberhuman.lt\/wp-content\/uploads\/2024\/06\/DSC02902-002-scaled.jpg","type":"image\/jpeg"}],"twitter_card":"summary_large_image","schema":{"@context":"https:\/\/schema.org","@graph":[{"@type":"WebPage","@id":"https:\/\/amberhuman.lt\/product\/verinys-angelo-sparnas\/","url":"https:\/\/amberhuman.lt\/product\/verinys-angelo-sparnas\/","name":"V\u0117rinys \"Angelo Sparnas\" - AmberHuman","isPartOf":{"@id":"https:\/\/amberhuman.lt\/#website"},"primaryImageOfPage":{"@id":"https:\/\/amberhuman.lt\/product\/verinys-angelo-sparnas\/#primaryimage"},"image":{"@id":"https:\/\/amberhuman.lt\/product\/verinys-angelo-sparnas\/#primaryimage"},"thumbnailUrl":"https:\/\/amberhuman.lt\/wp-content\/uploads\/2024\/06\/DSC02902-002-scaled.jpg","datePublished":"2024-06-25T11:20:23+00:00","dateModified":"2024-06-25T11:28:41+00:00","breadcrumb":{"@id":"https:\/\/amberhuman.lt\/product\/verinys-angelo-sparnas\/#breadcrumb"},"inLanguage":"en-GB","potentialAction":[{"@type":"ReadAction","target":["https:\/\/amberhuman.lt\/product\/verinys-angelo-sparnas\/"]}]},{"@type":"ImageObject","inLanguage":"en-GB","@id":"https:\/\/amberhuman.lt\/product\/verinys-angelo-sparnas\/#primaryimage","url":"https:\/\/amberhuman.lt\/wp-content\/uploads\/2024\/06\/DSC02902-002-scaled.jpg","contentUrl":"https:\/\/amberhuman.lt\/wp-content\/uploads\/2024\/06\/DSC02902-002-scaled.jpg","width":2560,"height":2547,"caption":"V\u0117rinys \"Angelo Sparnas\""},{"@type":"BreadcrumbList","@id":"https:\/\/amberhuman.lt\/product\/verinys-angelo-sparnas\/#breadcrumb","itemListElement":[{"@type":"ListItem","position":1,"name":"Home","item":"https:\/\/amberhuman.lt\/"},{"@type":"ListItem","position":2,"name":"Parduotuv\u0117","item":"https:\/\/amberhuman.lt\/parduotuve\/"},{"@type":"ListItem","position":3,"name":"V\u0117rinys &#8222;Angelo Sparnas&#8221;"}]},{"@type":"WebSite","@id":"https:\/\/amberhuman.lt\/#website","url":"https:\/\/amberhuman.lt\/","name":"amberhuman.lt","description":"","publisher":{"@id":"https:\/\/amberhuman.lt\/#organization"},"potentialAction":[{"@type":"SearchAction","target":{"@type":"EntryPoint","urlTemplate":"https:\/\/amberhuman.lt\/?s={search_term_string}"},"query-input":{"@type":"PropertyValueSpecification","valueRequired":true,"valueName":"search_term_string"}}],"inLanguage":"en-GB"},{"@type":"Organization","@id":"https:\/\/amberhuman.lt\/#organization","name":"AmberHuman","url":"https:\/\/amberhuman.lt\/","logo":{"@type":"ImageObject","inLanguage":"en-GB","@id":"https:\/\/amberhuman.lt\/#\/schema\/logo\/image\/","url":"https:\/\/amberhuman.lt\/wp-content\/uploads\/2021\/03\/logo2.png","contentUrl":"https:\/\/amberhuman.lt\/wp-content\/uploads\/2021\/03\/logo2.png","width":300,"height":70,"caption":"AmberHuman"},"image":{"@id":"https:\/\/amberhuman.lt\/#\/schema\/logo\/image\/"}}]}},"_links":{"self":[{"href":"https:\/\/amberhuman.lt\/en\/wp-json\/wp\/v2\/product\/5726","targetHints":{"allow":["GET"]}}],"collection":[{"href":"https:\/\/amberhuman.lt\/en\/wp-json\/wp\/v2\/product"}],"about":[{"href":"https:\/\/amberhuman.lt\/en\/wp-json\/wp\/v2\/types\/product"}],"wp:featuredmedia":[{"embeddable":true,"href":"https:\/\/amberhuman.lt\/en\/wp-json\/wp\/v2\/media\/5728"}],"wp:attachment":[{"href":"https:\/\/amberhuman.lt\/en\/wp-json\/wp\/v2\/media?parent=5726"}],"wp:term":[{"taxonomy":"product_brand","embeddable":true,"href":"https:\/\/amberhuman.lt\/en\/wp-json\/wp\/v2\/product_brand?post=5726"},{"taxonomy":"product_cat","embeddable":true,"href":"https:\/\/amberhuman.lt\/en\/wp-json\/wp\/v2\/product_cat?post=5726"},{"taxonomy":"product_tag","embeddable":true,"href":"https:\/\/amberhuman.lt\/en\/wp-json\/wp\/v2\/product_tag?post=5726"}],"curies":[{"name":"wp","href":"https:\/\/api.w.org\/{rel}","templated":true}]}}