{"id":5640,"date":"2024-06-24T06:29:23","date_gmt":"2024-06-24T06:29:23","guid":{"rendered":"https:\/\/amberhuman.lt\/?post_type=product&#038;p=5640"},"modified":"2024-06-24T07:02:09","modified_gmt":"2024-06-24T07:02:09","slug":"klasikine-apyranke-rudens-paveikslai","status":"publish","type":"product","link":"https:\/\/amberhuman.lt\/en\/product\/klasikine-apyranke-rudens-paveikslai\/","title":{"rendered":"Classic bracelet &quot;Autumn paintings&quot;"},"content":{"rendered":"<p>Blizgi, ret\u0173 spalv\u0173 klasikin\u0117 apyrank\u0117 &#8222;Rudens paveikslai&#8221;<\/p>\n<p>Gintaro gabal\u0117li\u0173 auk\u0161tis: ~25-28mm, plotis: ~7mm<\/p>\n<p>&nbsp;<\/p>\n<p><em>*Length is the circumference of the wrist without the tip<\/em><\/p>\n<p><em>*The size\/color of the amber pieces may vary slightly from what is shown in the photo.<\/em><\/p>\n<p>&nbsp;<\/p>","protected":false},"excerpt":{"rendered":"<p>Classic collection<\/p>","protected":false},"featured_media":5648,"template":"","meta":[],"product_brand":[],"product_cat":[156,159],"product_tag":[315],"class_list":{"0":"post-5640","1":"product","2":"type-product","3":"status-publish","4":"has-post-thumbnail","6":"product_cat-apyrankes","7":"product_cat-moterims","8":"product_tag-klasikine-kolekcija","10":"first","11":"instock","12":"taxable","13":"shipping-taxable","14":"purchasable","15":"product-type-variable"},"yoast_head":"<!-- This site is optimized with the Yoast SEO plugin v27.4 - https:\/\/yoast.com\/product\/yoast-seo-wordpress\/ -->\n<title>Klasikin\u0117 apyrank\u0117 &quot;Rudens paveikslai&quot; - AmberHuman<\/title>\n<meta name=\"robots\" content=\"index, follow, max-snippet:-1, max-image-preview:large, max-video-preview:-1\" \/>\n<link rel=\"canonical\" href=\"https:\/\/amberhuman.lt\/en\/product\/klasikine-apyranke-rudens-paveikslai\/\" \/>\n<meta property=\"og:locale\" content=\"en_GB\" \/>\n<meta property=\"og:type\" content=\"article\" \/>\n<meta property=\"og:title\" content=\"Klasikin\u0117 apyrank\u0117 &quot;Rudens paveikslai&quot; - AmberHuman\" \/>\n<meta property=\"og:description\" content=\"Klasikin\u0117 kolekcija\" \/>\n<meta property=\"og:url\" content=\"https:\/\/amberhuman.lt\/en\/product\/klasikine-apyranke-rudens-paveikslai\/\" \/>\n<meta property=\"og:site_name\" content=\"AmberHuman\" \/>\n<meta property=\"article:modified_time\" content=\"2024-06-24T07:02:09+00:00\" \/>\n<meta property=\"og:image\" content=\"https:\/\/amberhuman.lt\/wp-content\/uploads\/2024\/06\/DSC01911-001-scaled.jpg\" \/>\n\t<meta property=\"og:image:width\" content=\"2560\" \/>\n\t<meta property=\"og:image:height\" content=\"2010\" \/>\n\t<meta property=\"og:image:type\" content=\"image\/jpeg\" \/>\n<meta name=\"twitter:card\" content=\"summary_large_image\" \/>\n<script type=\"application\/ld+json\" class=\"yoast-schema-graph\">{\"@context\":\"https:\\\/\\\/schema.org\",\"@graph\":[{\"@type\":\"WebPage\",\"@id\":\"https:\\\/\\\/amberhuman.lt\\\/product\\\/klasikine-apyranke-rudens-paveikslai\\\/\",\"url\":\"https:\\\/\\\/amberhuman.lt\\\/product\\\/klasikine-apyranke-rudens-paveikslai\\\/\",\"name\":\"Klasikin\u0117 apyrank\u0117 \\\"Rudens paveikslai\\\" - AmberHuman\",\"isPartOf\":{\"@id\":\"https:\\\/\\\/amberhuman.lt\\\/#website\"},\"primaryImageOfPage\":{\"@id\":\"https:\\\/\\\/amberhuman.lt\\\/product\\\/klasikine-apyranke-rudens-paveikslai\\\/#primaryimage\"},\"image\":{\"@id\":\"https:\\\/\\\/amberhuman.lt\\\/product\\\/klasikine-apyranke-rudens-paveikslai\\\/#primaryimage\"},\"thumbnailUrl\":\"https:\\\/\\\/amberhuman.lt\\\/wp-content\\\/uploads\\\/2024\\\/06\\\/DSC01911-001-scaled.jpg\",\"datePublished\":\"2024-06-24T06:29:23+00:00\",\"dateModified\":\"2024-06-24T07:02:09+00:00\",\"breadcrumb\":{\"@id\":\"https:\\\/\\\/amberhuman.lt\\\/product\\\/klasikine-apyranke-rudens-paveikslai\\\/#breadcrumb\"},\"inLanguage\":\"en-GB\",\"potentialAction\":[{\"@type\":\"ReadAction\",\"target\":[\"https:\\\/\\\/amberhuman.lt\\\/product\\\/klasikine-apyranke-rudens-paveikslai\\\/\"]}]},{\"@type\":\"ImageObject\",\"inLanguage\":\"en-GB\",\"@id\":\"https:\\\/\\\/amberhuman.lt\\\/product\\\/klasikine-apyranke-rudens-paveikslai\\\/#primaryimage\",\"url\":\"https:\\\/\\\/amberhuman.lt\\\/wp-content\\\/uploads\\\/2024\\\/06\\\/DSC01911-001-scaled.jpg\",\"contentUrl\":\"https:\\\/\\\/amberhuman.lt\\\/wp-content\\\/uploads\\\/2024\\\/06\\\/DSC01911-001-scaled.jpg\",\"width\":2560,\"height\":2010,\"caption\":\"Klasikin\u0117 apyrank\u0117 \\\"Rudens paveikslai\\\"\"},{\"@type\":\"BreadcrumbList\",\"@id\":\"https:\\\/\\\/amberhuman.lt\\\/product\\\/klasikine-apyranke-rudens-paveikslai\\\/#breadcrumb\",\"itemListElement\":[{\"@type\":\"ListItem\",\"position\":1,\"name\":\"Home\",\"item\":\"https:\\\/\\\/amberhuman.lt\\\/\"},{\"@type\":\"ListItem\",\"position\":2,\"name\":\"Parduotuv\u0117\",\"item\":\"https:\\\/\\\/amberhuman.lt\\\/parduotuve\\\/\"},{\"@type\":\"ListItem\",\"position\":3,\"name\":\"Klasikin\u0117 apyrank\u0117 &#8222;Rudens paveikslai&#8221;\"}]},{\"@type\":\"WebSite\",\"@id\":\"https:\\\/\\\/amberhuman.lt\\\/#website\",\"url\":\"https:\\\/\\\/amberhuman.lt\\\/\",\"name\":\"amberhuman.lt\",\"description\":\"\",\"publisher\":{\"@id\":\"https:\\\/\\\/amberhuman.lt\\\/#organization\"},\"potentialAction\":[{\"@type\":\"SearchAction\",\"target\":{\"@type\":\"EntryPoint\",\"urlTemplate\":\"https:\\\/\\\/amberhuman.lt\\\/?s={search_term_string}\"},\"query-input\":{\"@type\":\"PropertyValueSpecification\",\"valueRequired\":true,\"valueName\":\"search_term_string\"}}],\"inLanguage\":\"en-GB\"},{\"@type\":\"Organization\",\"@id\":\"https:\\\/\\\/amberhuman.lt\\\/#organization\",\"name\":\"AmberHuman\",\"url\":\"https:\\\/\\\/amberhuman.lt\\\/\",\"logo\":{\"@type\":\"ImageObject\",\"inLanguage\":\"en-GB\",\"@id\":\"https:\\\/\\\/amberhuman.lt\\\/#\\\/schema\\\/logo\\\/image\\\/\",\"url\":\"https:\\\/\\\/amberhuman.lt\\\/wp-content\\\/uploads\\\/2021\\\/03\\\/logo2.png\",\"contentUrl\":\"https:\\\/\\\/amberhuman.lt\\\/wp-content\\\/uploads\\\/2021\\\/03\\\/logo2.png\",\"width\":300,\"height\":70,\"caption\":\"AmberHuman\"},\"image\":{\"@id\":\"https:\\\/\\\/amberhuman.lt\\\/#\\\/schema\\\/logo\\\/image\\\/\"}}]}<\/script>\n<!-- \/ Yoast SEO plugin. -->","yoast_head_json":{"title":"Klasikin\u0117 apyrank\u0117 \"Rudens paveikslai\" - AmberHuman","robots":{"index":"index","follow":"follow","max-snippet":"max-snippet:-1","max-image-preview":"max-image-preview:large","max-video-preview":"max-video-preview:-1"},"canonical":"https:\/\/amberhuman.lt\/en\/product\/klasikine-apyranke-rudens-paveikslai\/","og_locale":"en_GB","og_type":"article","og_title":"Klasikin\u0117 apyrank\u0117 \"Rudens paveikslai\" - AmberHuman","og_description":"Klasikin\u0117 kolekcija","og_url":"https:\/\/amberhuman.lt\/en\/product\/klasikine-apyranke-rudens-paveikslai\/","og_site_name":"AmberHuman","article_modified_time":"2024-06-24T07:02:09+00:00","og_image":[{"width":2560,"height":2010,"url":"https:\/\/amberhuman.lt\/wp-content\/uploads\/2024\/06\/DSC01911-001-scaled.jpg","type":"image\/jpeg"}],"twitter_card":"summary_large_image","schema":{"@context":"https:\/\/schema.org","@graph":[{"@type":"WebPage","@id":"https:\/\/amberhuman.lt\/product\/klasikine-apyranke-rudens-paveikslai\/","url":"https:\/\/amberhuman.lt\/product\/klasikine-apyranke-rudens-paveikslai\/","name":"Klasikin\u0117 apyrank\u0117 \"Rudens paveikslai\" - AmberHuman","isPartOf":{"@id":"https:\/\/amberhuman.lt\/#website"},"primaryImageOfPage":{"@id":"https:\/\/amberhuman.lt\/product\/klasikine-apyranke-rudens-paveikslai\/#primaryimage"},"image":{"@id":"https:\/\/amberhuman.lt\/product\/klasikine-apyranke-rudens-paveikslai\/#primaryimage"},"thumbnailUrl":"https:\/\/amberhuman.lt\/wp-content\/uploads\/2024\/06\/DSC01911-001-scaled.jpg","datePublished":"2024-06-24T06:29:23+00:00","dateModified":"2024-06-24T07:02:09+00:00","breadcrumb":{"@id":"https:\/\/amberhuman.lt\/product\/klasikine-apyranke-rudens-paveikslai\/#breadcrumb"},"inLanguage":"en-GB","potentialAction":[{"@type":"ReadAction","target":["https:\/\/amberhuman.lt\/product\/klasikine-apyranke-rudens-paveikslai\/"]}]},{"@type":"ImageObject","inLanguage":"en-GB","@id":"https:\/\/amberhuman.lt\/product\/klasikine-apyranke-rudens-paveikslai\/#primaryimage","url":"https:\/\/amberhuman.lt\/wp-content\/uploads\/2024\/06\/DSC01911-001-scaled.jpg","contentUrl":"https:\/\/amberhuman.lt\/wp-content\/uploads\/2024\/06\/DSC01911-001-scaled.jpg","width":2560,"height":2010,"caption":"Klasikin\u0117 apyrank\u0117 \"Rudens paveikslai\""},{"@type":"BreadcrumbList","@id":"https:\/\/amberhuman.lt\/product\/klasikine-apyranke-rudens-paveikslai\/#breadcrumb","itemListElement":[{"@type":"ListItem","position":1,"name":"Home","item":"https:\/\/amberhuman.lt\/"},{"@type":"ListItem","position":2,"name":"Parduotuv\u0117","item":"https:\/\/amberhuman.lt\/parduotuve\/"},{"@type":"ListItem","position":3,"name":"Klasikin\u0117 apyrank\u0117 &#8222;Rudens paveikslai&#8221;"}]},{"@type":"WebSite","@id":"https:\/\/amberhuman.lt\/#website","url":"https:\/\/amberhuman.lt\/","name":"amberhuman.lt","description":"","publisher":{"@id":"https:\/\/amberhuman.lt\/#organization"},"potentialAction":[{"@type":"SearchAction","target":{"@type":"EntryPoint","urlTemplate":"https:\/\/amberhuman.lt\/?s={search_term_string}"},"query-input":{"@type":"PropertyValueSpecification","valueRequired":true,"valueName":"search_term_string"}}],"inLanguage":"en-GB"},{"@type":"Organization","@id":"https:\/\/amberhuman.lt\/#organization","name":"AmberHuman","url":"https:\/\/amberhuman.lt\/","logo":{"@type":"ImageObject","inLanguage":"en-GB","@id":"https:\/\/amberhuman.lt\/#\/schema\/logo\/image\/","url":"https:\/\/amberhuman.lt\/wp-content\/uploads\/2021\/03\/logo2.png","contentUrl":"https:\/\/amberhuman.lt\/wp-content\/uploads\/2021\/03\/logo2.png","width":300,"height":70,"caption":"AmberHuman"},"image":{"@id":"https:\/\/amberhuman.lt\/#\/schema\/logo\/image\/"}}]}},"_links":{"self":[{"href":"https:\/\/amberhuman.lt\/en\/wp-json\/wp\/v2\/product\/5640","targetHints":{"allow":["GET"]}}],"collection":[{"href":"https:\/\/amberhuman.lt\/en\/wp-json\/wp\/v2\/product"}],"about":[{"href":"https:\/\/amberhuman.lt\/en\/wp-json\/wp\/v2\/types\/product"}],"wp:featuredmedia":[{"embeddable":true,"href":"https:\/\/amberhuman.lt\/en\/wp-json\/wp\/v2\/media\/5648"}],"wp:attachment":[{"href":"https:\/\/amberhuman.lt\/en\/wp-json\/wp\/v2\/media?parent=5640"}],"wp:term":[{"taxonomy":"product_brand","embeddable":true,"href":"https:\/\/amberhuman.lt\/en\/wp-json\/wp\/v2\/product_brand?post=5640"},{"taxonomy":"product_cat","embeddable":true,"href":"https:\/\/amberhuman.lt\/en\/wp-json\/wp\/v2\/product_cat?post=5640"},{"taxonomy":"product_tag","embeddable":true,"href":"https:\/\/amberhuman.lt\/en\/wp-json\/wp\/v2\/product_tag?post=5640"}],"curies":[{"name":"wp","href":"https:\/\/api.w.org\/{rel}","templated":true}]}}