{"id":5467,"date":"2024-06-21T12:18:42","date_gmt":"2024-06-21T12:18:42","guid":{"rendered":"https:\/\/amberhuman.lt\/?post_type=product&#038;p=5467"},"modified":"2024-06-21T18:35:42","modified_gmt":"2024-06-21T18:35:42","slug":"apyranke-sirdziu-dama","status":"publish","type":"product","link":"https:\/\/amberhuman.lt\/en\/product\/apyranke-sirdziu-dama\/","title":{"rendered":"Bracelet &quot;Queen of Hearts&quot;"},"content":{"rendered":"<p>\u012evairi\u0173 spalv\u0173 ir form\u0173 apyrank\u0117 &#8222;\u0160ird\u017ei\u0173 dama&#8221; su akcentine gintarine \u0161irdele ir stiklini\u0173 kristal\u0173 (raudoni), ametist\u0173 (violetinis) ir hematit\u0173 (auksin\u0117s spalvos) intarpais.<\/p>\n<p>\u017daisminga ir vasari\u0161ka apyrank\u0117 and gumel\u0117s<\/p>\n<p>Amber beads diameter: ~6mm<\/p>\n<p>\u0160irdel\u0117s i\u0161matavimai: ~9mmx13mm<\/p>\n<p>&nbsp;<\/p>\n<p><em>*Length is the circumference of the wrist without slack<\/em><\/p>\n<p><em>*The size\/color of the amber pieces may vary slightly from what is shown in the photo.<\/em><\/p>\n<p>&nbsp;<\/p>","protected":false},"excerpt":{"rendered":"<p>Gabal\u0117liai su nat\u016bralia gintaro \u017eieve \u0161onuose<\/p>","protected":false},"featured_media":5475,"template":"","meta":[],"product_brand":[],"product_cat":[156,159],"product_tag":[],"class_list":{"0":"post-5467","1":"product","2":"type-product","3":"status-publish","4":"has-post-thumbnail","6":"product_cat-apyrankes","7":"product_cat-moterims","9":"first","10":"instock","11":"taxable","12":"shipping-taxable","13":"purchasable","14":"product-type-variable"},"yoast_head":"<!-- This site is optimized with the Yoast SEO plugin v27.4 - https:\/\/yoast.com\/product\/yoast-seo-wordpress\/ -->\n<title>Apyrank\u0117 &quot;\u0160ird\u017ei\u0173 dama&quot; - AmberHuman<\/title>\n<meta name=\"robots\" content=\"index, follow, max-snippet:-1, max-image-preview:large, max-video-preview:-1\" \/>\n<link rel=\"canonical\" href=\"https:\/\/amberhuman.lt\/en\/product\/apyranke-sirdziu-dama\/\" \/>\n<meta property=\"og:locale\" content=\"en_GB\" \/>\n<meta property=\"og:type\" content=\"article\" \/>\n<meta property=\"og:title\" content=\"Apyrank\u0117 &quot;\u0160ird\u017ei\u0173 dama&quot; - AmberHuman\" \/>\n<meta property=\"og:description\" content=\"Gabal\u0117liai su nat\u016bralia gintaro \u017eieve \u0161onuose\" \/>\n<meta property=\"og:url\" content=\"https:\/\/amberhuman.lt\/en\/product\/apyranke-sirdziu-dama\/\" \/>\n<meta property=\"og:site_name\" content=\"AmberHuman\" \/>\n<meta property=\"article:modified_time\" content=\"2024-06-21T18:35:42+00:00\" \/>\n<meta property=\"og:image\" content=\"https:\/\/amberhuman.lt\/wp-content\/uploads\/2024\/06\/DSC00509-003-scaled.jpg\" \/>\n\t<meta property=\"og:image:width\" content=\"2560\" \/>\n\t<meta property=\"og:image:height\" content=\"1804\" \/>\n\t<meta property=\"og:image:type\" content=\"image\/jpeg\" \/>\n<meta name=\"twitter:card\" content=\"summary_large_image\" \/>\n<script type=\"application\/ld+json\" class=\"yoast-schema-graph\">{\"@context\":\"https:\\\/\\\/schema.org\",\"@graph\":[{\"@type\":\"WebPage\",\"@id\":\"https:\\\/\\\/amberhuman.lt\\\/product\\\/apyranke-sirdziu-dama\\\/\",\"url\":\"https:\\\/\\\/amberhuman.lt\\\/product\\\/apyranke-sirdziu-dama\\\/\",\"name\":\"Apyrank\u0117 \\\"\u0160ird\u017ei\u0173 dama\\\" - AmberHuman\",\"isPartOf\":{\"@id\":\"https:\\\/\\\/amberhuman.lt\\\/#website\"},\"primaryImageOfPage\":{\"@id\":\"https:\\\/\\\/amberhuman.lt\\\/product\\\/apyranke-sirdziu-dama\\\/#primaryimage\"},\"image\":{\"@id\":\"https:\\\/\\\/amberhuman.lt\\\/product\\\/apyranke-sirdziu-dama\\\/#primaryimage\"},\"thumbnailUrl\":\"https:\\\/\\\/amberhuman.lt\\\/wp-content\\\/uploads\\\/2024\\\/06\\\/DSC00509-003-scaled.jpg\",\"datePublished\":\"2024-06-21T12:18:42+00:00\",\"dateModified\":\"2024-06-21T18:35:42+00:00\",\"breadcrumb\":{\"@id\":\"https:\\\/\\\/amberhuman.lt\\\/product\\\/apyranke-sirdziu-dama\\\/#breadcrumb\"},\"inLanguage\":\"en-GB\",\"potentialAction\":[{\"@type\":\"ReadAction\",\"target\":[\"https:\\\/\\\/amberhuman.lt\\\/product\\\/apyranke-sirdziu-dama\\\/\"]}]},{\"@type\":\"ImageObject\",\"inLanguage\":\"en-GB\",\"@id\":\"https:\\\/\\\/amberhuman.lt\\\/product\\\/apyranke-sirdziu-dama\\\/#primaryimage\",\"url\":\"https:\\\/\\\/amberhuman.lt\\\/wp-content\\\/uploads\\\/2024\\\/06\\\/DSC00509-003-scaled.jpg\",\"contentUrl\":\"https:\\\/\\\/amberhuman.lt\\\/wp-content\\\/uploads\\\/2024\\\/06\\\/DSC00509-003-scaled.jpg\",\"width\":2560,\"height\":1804,\"caption\":\"Apyrank\u0117 \\\"\u0160ird\u017ei\u0173 dama\\\"\"},{\"@type\":\"BreadcrumbList\",\"@id\":\"https:\\\/\\\/amberhuman.lt\\\/product\\\/apyranke-sirdziu-dama\\\/#breadcrumb\",\"itemListElement\":[{\"@type\":\"ListItem\",\"position\":1,\"name\":\"Home\",\"item\":\"https:\\\/\\\/amberhuman.lt\\\/\"},{\"@type\":\"ListItem\",\"position\":2,\"name\":\"Parduotuv\u0117\",\"item\":\"https:\\\/\\\/amberhuman.lt\\\/parduotuve\\\/\"},{\"@type\":\"ListItem\",\"position\":3,\"name\":\"Apyrank\u0117 &#8222;\u0160ird\u017ei\u0173 dama&#8221;\"}]},{\"@type\":\"WebSite\",\"@id\":\"https:\\\/\\\/amberhuman.lt\\\/#website\",\"url\":\"https:\\\/\\\/amberhuman.lt\\\/\",\"name\":\"amberhuman.lt\",\"description\":\"\",\"publisher\":{\"@id\":\"https:\\\/\\\/amberhuman.lt\\\/#organization\"},\"potentialAction\":[{\"@type\":\"SearchAction\",\"target\":{\"@type\":\"EntryPoint\",\"urlTemplate\":\"https:\\\/\\\/amberhuman.lt\\\/?s={search_term_string}\"},\"query-input\":{\"@type\":\"PropertyValueSpecification\",\"valueRequired\":true,\"valueName\":\"search_term_string\"}}],\"inLanguage\":\"en-GB\"},{\"@type\":\"Organization\",\"@id\":\"https:\\\/\\\/amberhuman.lt\\\/#organization\",\"name\":\"AmberHuman\",\"url\":\"https:\\\/\\\/amberhuman.lt\\\/\",\"logo\":{\"@type\":\"ImageObject\",\"inLanguage\":\"en-GB\",\"@id\":\"https:\\\/\\\/amberhuman.lt\\\/#\\\/schema\\\/logo\\\/image\\\/\",\"url\":\"https:\\\/\\\/amberhuman.lt\\\/wp-content\\\/uploads\\\/2021\\\/03\\\/logo2.png\",\"contentUrl\":\"https:\\\/\\\/amberhuman.lt\\\/wp-content\\\/uploads\\\/2021\\\/03\\\/logo2.png\",\"width\":300,\"height\":70,\"caption\":\"AmberHuman\"},\"image\":{\"@id\":\"https:\\\/\\\/amberhuman.lt\\\/#\\\/schema\\\/logo\\\/image\\\/\"}}]}<\/script>\n<!-- \/ Yoast SEO plugin. -->","yoast_head_json":{"title":"Apyrank\u0117 \"\u0160ird\u017ei\u0173 dama\" - AmberHuman","robots":{"index":"index","follow":"follow","max-snippet":"max-snippet:-1","max-image-preview":"max-image-preview:large","max-video-preview":"max-video-preview:-1"},"canonical":"https:\/\/amberhuman.lt\/en\/product\/apyranke-sirdziu-dama\/","og_locale":"en_GB","og_type":"article","og_title":"Apyrank\u0117 \"\u0160ird\u017ei\u0173 dama\" - AmberHuman","og_description":"Gabal\u0117liai su nat\u016bralia gintaro \u017eieve \u0161onuose","og_url":"https:\/\/amberhuman.lt\/en\/product\/apyranke-sirdziu-dama\/","og_site_name":"AmberHuman","article_modified_time":"2024-06-21T18:35:42+00:00","og_image":[{"width":2560,"height":1804,"url":"https:\/\/amberhuman.lt\/wp-content\/uploads\/2024\/06\/DSC00509-003-scaled.jpg","type":"image\/jpeg"}],"twitter_card":"summary_large_image","schema":{"@context":"https:\/\/schema.org","@graph":[{"@type":"WebPage","@id":"https:\/\/amberhuman.lt\/product\/apyranke-sirdziu-dama\/","url":"https:\/\/amberhuman.lt\/product\/apyranke-sirdziu-dama\/","name":"Apyrank\u0117 \"\u0160ird\u017ei\u0173 dama\" - AmberHuman","isPartOf":{"@id":"https:\/\/amberhuman.lt\/#website"},"primaryImageOfPage":{"@id":"https:\/\/amberhuman.lt\/product\/apyranke-sirdziu-dama\/#primaryimage"},"image":{"@id":"https:\/\/amberhuman.lt\/product\/apyranke-sirdziu-dama\/#primaryimage"},"thumbnailUrl":"https:\/\/amberhuman.lt\/wp-content\/uploads\/2024\/06\/DSC00509-003-scaled.jpg","datePublished":"2024-06-21T12:18:42+00:00","dateModified":"2024-06-21T18:35:42+00:00","breadcrumb":{"@id":"https:\/\/amberhuman.lt\/product\/apyranke-sirdziu-dama\/#breadcrumb"},"inLanguage":"en-GB","potentialAction":[{"@type":"ReadAction","target":["https:\/\/amberhuman.lt\/product\/apyranke-sirdziu-dama\/"]}]},{"@type":"ImageObject","inLanguage":"en-GB","@id":"https:\/\/amberhuman.lt\/product\/apyranke-sirdziu-dama\/#primaryimage","url":"https:\/\/amberhuman.lt\/wp-content\/uploads\/2024\/06\/DSC00509-003-scaled.jpg","contentUrl":"https:\/\/amberhuman.lt\/wp-content\/uploads\/2024\/06\/DSC00509-003-scaled.jpg","width":2560,"height":1804,"caption":"Apyrank\u0117 \"\u0160ird\u017ei\u0173 dama\""},{"@type":"BreadcrumbList","@id":"https:\/\/amberhuman.lt\/product\/apyranke-sirdziu-dama\/#breadcrumb","itemListElement":[{"@type":"ListItem","position":1,"name":"Home","item":"https:\/\/amberhuman.lt\/"},{"@type":"ListItem","position":2,"name":"Parduotuv\u0117","item":"https:\/\/amberhuman.lt\/parduotuve\/"},{"@type":"ListItem","position":3,"name":"Apyrank\u0117 &#8222;\u0160ird\u017ei\u0173 dama&#8221;"}]},{"@type":"WebSite","@id":"https:\/\/amberhuman.lt\/#website","url":"https:\/\/amberhuman.lt\/","name":"amberhuman.lt","description":"","publisher":{"@id":"https:\/\/amberhuman.lt\/#organization"},"potentialAction":[{"@type":"SearchAction","target":{"@type":"EntryPoint","urlTemplate":"https:\/\/amberhuman.lt\/?s={search_term_string}"},"query-input":{"@type":"PropertyValueSpecification","valueRequired":true,"valueName":"search_term_string"}}],"inLanguage":"en-GB"},{"@type":"Organization","@id":"https:\/\/amberhuman.lt\/#organization","name":"AmberHuman","url":"https:\/\/amberhuman.lt\/","logo":{"@type":"ImageObject","inLanguage":"en-GB","@id":"https:\/\/amberhuman.lt\/#\/schema\/logo\/image\/","url":"https:\/\/amberhuman.lt\/wp-content\/uploads\/2021\/03\/logo2.png","contentUrl":"https:\/\/amberhuman.lt\/wp-content\/uploads\/2021\/03\/logo2.png","width":300,"height":70,"caption":"AmberHuman"},"image":{"@id":"https:\/\/amberhuman.lt\/#\/schema\/logo\/image\/"}}]}},"_links":{"self":[{"href":"https:\/\/amberhuman.lt\/en\/wp-json\/wp\/v2\/product\/5467","targetHints":{"allow":["GET"]}}],"collection":[{"href":"https:\/\/amberhuman.lt\/en\/wp-json\/wp\/v2\/product"}],"about":[{"href":"https:\/\/amberhuman.lt\/en\/wp-json\/wp\/v2\/types\/product"}],"wp:featuredmedia":[{"embeddable":true,"href":"https:\/\/amberhuman.lt\/en\/wp-json\/wp\/v2\/media\/5475"}],"wp:attachment":[{"href":"https:\/\/amberhuman.lt\/en\/wp-json\/wp\/v2\/media?parent=5467"}],"wp:term":[{"taxonomy":"product_brand","embeddable":true,"href":"https:\/\/amberhuman.lt\/en\/wp-json\/wp\/v2\/product_brand?post=5467"},{"taxonomy":"product_cat","embeddable":true,"href":"https:\/\/amberhuman.lt\/en\/wp-json\/wp\/v2\/product_cat?post=5467"},{"taxonomy":"product_tag","embeddable":true,"href":"https:\/\/amberhuman.lt\/en\/wp-json\/wp\/v2\/product_tag?post=5467"}],"curies":[{"name":"wp","href":"https:\/\/api.w.org\/{rel}","templated":true}]}}