{"id":5437,"date":"2024-06-21T10:39:00","date_gmt":"2024-06-21T10:39:00","guid":{"rendered":"https:\/\/amberhuman.lt\/?post_type=product&#038;p=5437"},"modified":"2024-06-21T10:45:12","modified_gmt":"2024-06-21T10:45:12","slug":"tamsus-auskarai-vinukai-tabletes","status":"publish","type":"product","link":"https:\/\/amberhuman.lt\/en\/product\/tamsus-auskarai-vinukai-tabletes\/","title":{"rendered":"Tams\u016bs auskarai vinukai &#8222;Tablet\u0117s&#8221;"},"content":{"rendered":"<p>Matiniai, tamsios vy\u0161nios spalvos gintaro auskariukai vinukai &#8222;Tablet\u0117s&#8221; su nat\u016bralia gintaro \u017eieve.<\/p>\n<p>Gintariuko diametras: ~12-13mm<\/p>\n<p>U\u017esegimo spalva: Sidabro ARBA aukso<\/p>\n<div><\/div>\n<div><em>*The size\/color of the amber pieces may vary slightly from what is shown in the photo.<\/em><\/div>","protected":false},"excerpt":{"rendered":"<p>Matinio gintaro auskarai prie ausies<\/p>","protected":false},"featured_media":5440,"template":"","meta":[],"product_brand":[],"product_cat":[207,159],"product_tag":[],"class_list":{"0":"post-5437","1":"product","2":"type-product","3":"status-publish","4":"has-post-thumbnail","6":"product_cat-auskarai","7":"product_cat-moterims","9":"first","10":"instock","11":"taxable","12":"shipping-taxable","13":"purchasable","14":"product-type-variable"},"yoast_head":"<!-- This site is optimized with the Yoast SEO plugin v27.4 - https:\/\/yoast.com\/product\/yoast-seo-wordpress\/ -->\n<title>Tams\u016bs auskarai vinukai &quot;Tablet\u0117s&quot; - AmberHuman<\/title>\n<meta name=\"robots\" content=\"index, follow, max-snippet:-1, max-image-preview:large, max-video-preview:-1\" \/>\n<link rel=\"canonical\" href=\"https:\/\/amberhuman.lt\/en\/product\/tamsus-auskarai-vinukai-tabletes\/\" \/>\n<meta property=\"og:locale\" content=\"en_GB\" \/>\n<meta property=\"og:type\" content=\"article\" \/>\n<meta property=\"og:title\" content=\"Tams\u016bs auskarai vinukai &quot;Tablet\u0117s&quot; - AmberHuman\" \/>\n<meta property=\"og:description\" content=\"Matinio gintaro auskarai prie ausies\" \/>\n<meta property=\"og:url\" content=\"https:\/\/amberhuman.lt\/en\/product\/tamsus-auskarai-vinukai-tabletes\/\" \/>\n<meta property=\"og:site_name\" content=\"AmberHuman\" \/>\n<meta property=\"article:modified_time\" content=\"2024-06-21T10:45:12+00:00\" \/>\n<meta property=\"og:image\" content=\"https:\/\/amberhuman.lt\/wp-content\/uploads\/2024\/06\/DSC00944-001.jpg\" \/>\n\t<meta property=\"og:image:width\" content=\"2539\" \/>\n\t<meta property=\"og:image:height\" content=\"1900\" \/>\n\t<meta property=\"og:image:type\" content=\"image\/jpeg\" \/>\n<meta name=\"twitter:card\" content=\"summary_large_image\" \/>\n<script type=\"application\/ld+json\" class=\"yoast-schema-graph\">{\"@context\":\"https:\\\/\\\/schema.org\",\"@graph\":[{\"@type\":\"WebPage\",\"@id\":\"https:\\\/\\\/amberhuman.lt\\\/product\\\/tamsus-auskarai-vinukai-tabletes\\\/\",\"url\":\"https:\\\/\\\/amberhuman.lt\\\/product\\\/tamsus-auskarai-vinukai-tabletes\\\/\",\"name\":\"Tams\u016bs auskarai vinukai \\\"Tablet\u0117s\\\" - AmberHuman\",\"isPartOf\":{\"@id\":\"https:\\\/\\\/amberhuman.lt\\\/#website\"},\"primaryImageOfPage\":{\"@id\":\"https:\\\/\\\/amberhuman.lt\\\/product\\\/tamsus-auskarai-vinukai-tabletes\\\/#primaryimage\"},\"image\":{\"@id\":\"https:\\\/\\\/amberhuman.lt\\\/product\\\/tamsus-auskarai-vinukai-tabletes\\\/#primaryimage\"},\"thumbnailUrl\":\"https:\\\/\\\/amberhuman.lt\\\/wp-content\\\/uploads\\\/2024\\\/06\\\/DSC00944-001.jpg\",\"datePublished\":\"2024-06-21T10:39:00+00:00\",\"dateModified\":\"2024-06-21T10:45:12+00:00\",\"breadcrumb\":{\"@id\":\"https:\\\/\\\/amberhuman.lt\\\/product\\\/tamsus-auskarai-vinukai-tabletes\\\/#breadcrumb\"},\"inLanguage\":\"en-GB\",\"potentialAction\":[{\"@type\":\"ReadAction\",\"target\":[\"https:\\\/\\\/amberhuman.lt\\\/product\\\/tamsus-auskarai-vinukai-tabletes\\\/\"]}]},{\"@type\":\"ImageObject\",\"inLanguage\":\"en-GB\",\"@id\":\"https:\\\/\\\/amberhuman.lt\\\/product\\\/tamsus-auskarai-vinukai-tabletes\\\/#primaryimage\",\"url\":\"https:\\\/\\\/amberhuman.lt\\\/wp-content\\\/uploads\\\/2024\\\/06\\\/DSC00944-001.jpg\",\"contentUrl\":\"https:\\\/\\\/amberhuman.lt\\\/wp-content\\\/uploads\\\/2024\\\/06\\\/DSC00944-001.jpg\",\"width\":2539,\"height\":1900,\"caption\":\"Tams\u016bs auskarai vinukai \\\"Tablet\u0117s\\\"\"},{\"@type\":\"BreadcrumbList\",\"@id\":\"https:\\\/\\\/amberhuman.lt\\\/product\\\/tamsus-auskarai-vinukai-tabletes\\\/#breadcrumb\",\"itemListElement\":[{\"@type\":\"ListItem\",\"position\":1,\"name\":\"Home\",\"item\":\"https:\\\/\\\/amberhuman.lt\\\/\"},{\"@type\":\"ListItem\",\"position\":2,\"name\":\"Parduotuv\u0117\",\"item\":\"https:\\\/\\\/amberhuman.lt\\\/parduotuve\\\/\"},{\"@type\":\"ListItem\",\"position\":3,\"name\":\"Tams\u016bs auskarai vinukai &#8222;Tablet\u0117s&#8221;\"}]},{\"@type\":\"WebSite\",\"@id\":\"https:\\\/\\\/amberhuman.lt\\\/#website\",\"url\":\"https:\\\/\\\/amberhuman.lt\\\/\",\"name\":\"amberhuman.lt\",\"description\":\"\",\"publisher\":{\"@id\":\"https:\\\/\\\/amberhuman.lt\\\/#organization\"},\"potentialAction\":[{\"@type\":\"SearchAction\",\"target\":{\"@type\":\"EntryPoint\",\"urlTemplate\":\"https:\\\/\\\/amberhuman.lt\\\/?s={search_term_string}\"},\"query-input\":{\"@type\":\"PropertyValueSpecification\",\"valueRequired\":true,\"valueName\":\"search_term_string\"}}],\"inLanguage\":\"en-GB\"},{\"@type\":\"Organization\",\"@id\":\"https:\\\/\\\/amberhuman.lt\\\/#organization\",\"name\":\"AmberHuman\",\"url\":\"https:\\\/\\\/amberhuman.lt\\\/\",\"logo\":{\"@type\":\"ImageObject\",\"inLanguage\":\"en-GB\",\"@id\":\"https:\\\/\\\/amberhuman.lt\\\/#\\\/schema\\\/logo\\\/image\\\/\",\"url\":\"https:\\\/\\\/amberhuman.lt\\\/wp-content\\\/uploads\\\/2021\\\/03\\\/logo2.png\",\"contentUrl\":\"https:\\\/\\\/amberhuman.lt\\\/wp-content\\\/uploads\\\/2021\\\/03\\\/logo2.png\",\"width\":300,\"height\":70,\"caption\":\"AmberHuman\"},\"image\":{\"@id\":\"https:\\\/\\\/amberhuman.lt\\\/#\\\/schema\\\/logo\\\/image\\\/\"}}]}<\/script>\n<!-- \/ Yoast SEO plugin. -->","yoast_head_json":{"title":"Tams\u016bs auskarai vinukai \"Tablet\u0117s\" - AmberHuman","robots":{"index":"index","follow":"follow","max-snippet":"max-snippet:-1","max-image-preview":"max-image-preview:large","max-video-preview":"max-video-preview:-1"},"canonical":"https:\/\/amberhuman.lt\/en\/product\/tamsus-auskarai-vinukai-tabletes\/","og_locale":"en_GB","og_type":"article","og_title":"Tams\u016bs auskarai vinukai \"Tablet\u0117s\" - AmberHuman","og_description":"Matinio gintaro auskarai prie ausies","og_url":"https:\/\/amberhuman.lt\/en\/product\/tamsus-auskarai-vinukai-tabletes\/","og_site_name":"AmberHuman","article_modified_time":"2024-06-21T10:45:12+00:00","og_image":[{"width":2539,"height":1900,"url":"https:\/\/amberhuman.lt\/wp-content\/uploads\/2024\/06\/DSC00944-001.jpg","type":"image\/jpeg"}],"twitter_card":"summary_large_image","schema":{"@context":"https:\/\/schema.org","@graph":[{"@type":"WebPage","@id":"https:\/\/amberhuman.lt\/product\/tamsus-auskarai-vinukai-tabletes\/","url":"https:\/\/amberhuman.lt\/product\/tamsus-auskarai-vinukai-tabletes\/","name":"Tams\u016bs auskarai vinukai \"Tablet\u0117s\" - AmberHuman","isPartOf":{"@id":"https:\/\/amberhuman.lt\/#website"},"primaryImageOfPage":{"@id":"https:\/\/amberhuman.lt\/product\/tamsus-auskarai-vinukai-tabletes\/#primaryimage"},"image":{"@id":"https:\/\/amberhuman.lt\/product\/tamsus-auskarai-vinukai-tabletes\/#primaryimage"},"thumbnailUrl":"https:\/\/amberhuman.lt\/wp-content\/uploads\/2024\/06\/DSC00944-001.jpg","datePublished":"2024-06-21T10:39:00+00:00","dateModified":"2024-06-21T10:45:12+00:00","breadcrumb":{"@id":"https:\/\/amberhuman.lt\/product\/tamsus-auskarai-vinukai-tabletes\/#breadcrumb"},"inLanguage":"en-GB","potentialAction":[{"@type":"ReadAction","target":["https:\/\/amberhuman.lt\/product\/tamsus-auskarai-vinukai-tabletes\/"]}]},{"@type":"ImageObject","inLanguage":"en-GB","@id":"https:\/\/amberhuman.lt\/product\/tamsus-auskarai-vinukai-tabletes\/#primaryimage","url":"https:\/\/amberhuman.lt\/wp-content\/uploads\/2024\/06\/DSC00944-001.jpg","contentUrl":"https:\/\/amberhuman.lt\/wp-content\/uploads\/2024\/06\/DSC00944-001.jpg","width":2539,"height":1900,"caption":"Tams\u016bs auskarai vinukai \"Tablet\u0117s\""},{"@type":"BreadcrumbList","@id":"https:\/\/amberhuman.lt\/product\/tamsus-auskarai-vinukai-tabletes\/#breadcrumb","itemListElement":[{"@type":"ListItem","position":1,"name":"Home","item":"https:\/\/amberhuman.lt\/"},{"@type":"ListItem","position":2,"name":"Parduotuv\u0117","item":"https:\/\/amberhuman.lt\/parduotuve\/"},{"@type":"ListItem","position":3,"name":"Tams\u016bs auskarai vinukai &#8222;Tablet\u0117s&#8221;"}]},{"@type":"WebSite","@id":"https:\/\/amberhuman.lt\/#website","url":"https:\/\/amberhuman.lt\/","name":"amberhuman.lt","description":"","publisher":{"@id":"https:\/\/amberhuman.lt\/#organization"},"potentialAction":[{"@type":"SearchAction","target":{"@type":"EntryPoint","urlTemplate":"https:\/\/amberhuman.lt\/?s={search_term_string}"},"query-input":{"@type":"PropertyValueSpecification","valueRequired":true,"valueName":"search_term_string"}}],"inLanguage":"en-GB"},{"@type":"Organization","@id":"https:\/\/amberhuman.lt\/#organization","name":"AmberHuman","url":"https:\/\/amberhuman.lt\/","logo":{"@type":"ImageObject","inLanguage":"en-GB","@id":"https:\/\/amberhuman.lt\/#\/schema\/logo\/image\/","url":"https:\/\/amberhuman.lt\/wp-content\/uploads\/2021\/03\/logo2.png","contentUrl":"https:\/\/amberhuman.lt\/wp-content\/uploads\/2021\/03\/logo2.png","width":300,"height":70,"caption":"AmberHuman"},"image":{"@id":"https:\/\/amberhuman.lt\/#\/schema\/logo\/image\/"}}]}},"_links":{"self":[{"href":"https:\/\/amberhuman.lt\/en\/wp-json\/wp\/v2\/product\/5437","targetHints":{"allow":["GET"]}}],"collection":[{"href":"https:\/\/amberhuman.lt\/en\/wp-json\/wp\/v2\/product"}],"about":[{"href":"https:\/\/amberhuman.lt\/en\/wp-json\/wp\/v2\/types\/product"}],"wp:featuredmedia":[{"embeddable":true,"href":"https:\/\/amberhuman.lt\/en\/wp-json\/wp\/v2\/media\/5440"}],"wp:attachment":[{"href":"https:\/\/amberhuman.lt\/en\/wp-json\/wp\/v2\/media?parent=5437"}],"wp:term":[{"taxonomy":"product_brand","embeddable":true,"href":"https:\/\/amberhuman.lt\/en\/wp-json\/wp\/v2\/product_brand?post=5437"},{"taxonomy":"product_cat","embeddable":true,"href":"https:\/\/amberhuman.lt\/en\/wp-json\/wp\/v2\/product_cat?post=5437"},{"taxonomy":"product_tag","embeddable":true,"href":"https:\/\/amberhuman.lt\/en\/wp-json\/wp\/v2\/product_tag?post=5437"}],"curies":[{"name":"wp","href":"https:\/\/api.w.org\/{rel}","templated":true}]}}