{"id":5011,"date":"2024-06-06T09:17:51","date_gmt":"2024-06-06T09:17:51","guid":{"rendered":"https:\/\/amberhuman.lt\/?post_type=product&#038;p=5011"},"modified":"2024-07-18T19:19:49","modified_gmt":"2024-07-18T19:19:49","slug":"verinys-menulio-uztemimas","status":"publish","type":"product","link":"https:\/\/amberhuman.lt\/en\/product\/verinys-menulio-uztemimas\/","title":{"rendered":"V\u0117rinys \u201cM\u0117nulio U\u017etemimas\u201d"},"content":{"rendered":"<p>V\u0117rinys \u201cM\u0117nulio U\u017etemimas\u201d &#8211; Tai nuostabi ir i\u0161skirtin\u0117 kolekcija, kurioje persipina sodrios vy\u0161nin\u0117s ir gaivios m\u0117tos spalvos. Tobulai apvai\u0173 rutuliuk\u0173 kolekcija.<\/p>\n<p>Rutuliuk\u0173 diametras: ~6,5-7mm<\/p>\n<p>&nbsp;<\/p>\n<p><em>*The size and color of the amber pieces may vary slightly from what is shown in the photo.<\/em><\/p>","protected":false},"excerpt":{"rendered":"<p>Modernaus stiliaus juod\u0173 ir m\u0117tos spalv\u0173 kolekcija.<\/p>","protected":false},"featured_media":7534,"template":"","meta":[],"product_brand":[],"product_cat":[159,157,169],"product_tag":[],"class_list":{"0":"post-5011","1":"product","2":"type-product","3":"status-publish","4":"has-post-thumbnail","6":"product_cat-moterims","7":"product_cat-gintaro-papuosalai-suaugusiems","8":"product_cat-veriniai-moterims","10":"first","11":"instock","12":"taxable","13":"shipping-taxable","14":"purchasable","15":"product-type-variable"},"yoast_head":"<!-- This site is optimized with the Yoast SEO plugin v27.4 - https:\/\/yoast.com\/product\/yoast-seo-wordpress\/ -->\n<title>V\u0117rinys \u201cM\u0117nulio U\u017etemimas\u201d - AmberHuman<\/title>\n<meta name=\"robots\" content=\"index, follow, max-snippet:-1, max-image-preview:large, max-video-preview:-1\" \/>\n<link rel=\"canonical\" href=\"https:\/\/amberhuman.lt\/en\/product\/verinys-menulio-uztemimas\/\" \/>\n<meta property=\"og:locale\" content=\"en_GB\" \/>\n<meta property=\"og:type\" content=\"article\" \/>\n<meta property=\"og:title\" content=\"V\u0117rinys \u201cM\u0117nulio U\u017etemimas\u201d - AmberHuman\" \/>\n<meta property=\"og:description\" content=\"Modernaus stiliaus juod\u0173 ir m\u0117tos spalv\u0173 kolekcija.\" \/>\n<meta property=\"og:url\" content=\"https:\/\/amberhuman.lt\/en\/product\/verinys-menulio-uztemimas\/\" \/>\n<meta property=\"og:site_name\" content=\"AmberHuman\" \/>\n<meta property=\"article:modified_time\" content=\"2024-07-18T19:19:49+00:00\" \/>\n<meta property=\"og:image\" content=\"https:\/\/amberhuman.lt\/wp-content\/uploads\/2024\/06\/DSC07457-001.jpg\" \/>\n\t<meta property=\"og:image:width\" content=\"2059\" \/>\n\t<meta property=\"og:image:height\" content=\"2122\" \/>\n\t<meta property=\"og:image:type\" content=\"image\/jpeg\" \/>\n<meta name=\"twitter:card\" content=\"summary_large_image\" \/>\n<script type=\"application\/ld+json\" class=\"yoast-schema-graph\">{\"@context\":\"https:\\\/\\\/schema.org\",\"@graph\":[{\"@type\":\"WebPage\",\"@id\":\"https:\\\/\\\/amberhuman.lt\\\/product\\\/verinys-menulio-uztemimas\\\/\",\"url\":\"https:\\\/\\\/amberhuman.lt\\\/product\\\/verinys-menulio-uztemimas\\\/\",\"name\":\"V\u0117rinys \u201cM\u0117nulio U\u017etemimas\u201d - AmberHuman\",\"isPartOf\":{\"@id\":\"https:\\\/\\\/amberhuman.lt\\\/#website\"},\"primaryImageOfPage\":{\"@id\":\"https:\\\/\\\/amberhuman.lt\\\/product\\\/verinys-menulio-uztemimas\\\/#primaryimage\"},\"image\":{\"@id\":\"https:\\\/\\\/amberhuman.lt\\\/product\\\/verinys-menulio-uztemimas\\\/#primaryimage\"},\"thumbnailUrl\":\"https:\\\/\\\/amberhuman.lt\\\/wp-content\\\/uploads\\\/2024\\\/06\\\/DSC07457-001.jpg\",\"datePublished\":\"2024-06-06T09:17:51+00:00\",\"dateModified\":\"2024-07-18T19:19:49+00:00\",\"breadcrumb\":{\"@id\":\"https:\\\/\\\/amberhuman.lt\\\/product\\\/verinys-menulio-uztemimas\\\/#breadcrumb\"},\"inLanguage\":\"en-GB\",\"potentialAction\":[{\"@type\":\"ReadAction\",\"target\":[\"https:\\\/\\\/amberhuman.lt\\\/product\\\/verinys-menulio-uztemimas\\\/\"]}]},{\"@type\":\"ImageObject\",\"inLanguage\":\"en-GB\",\"@id\":\"https:\\\/\\\/amberhuman.lt\\\/product\\\/verinys-menulio-uztemimas\\\/#primaryimage\",\"url\":\"https:\\\/\\\/amberhuman.lt\\\/wp-content\\\/uploads\\\/2024\\\/06\\\/DSC07457-001.jpg\",\"contentUrl\":\"https:\\\/\\\/amberhuman.lt\\\/wp-content\\\/uploads\\\/2024\\\/06\\\/DSC07457-001.jpg\",\"width\":2059,\"height\":2122,\"caption\":\"V\u0117rinys \u201cM\u0117nulio U\u017etemimas\u201d\"},{\"@type\":\"BreadcrumbList\",\"@id\":\"https:\\\/\\\/amberhuman.lt\\\/product\\\/verinys-menulio-uztemimas\\\/#breadcrumb\",\"itemListElement\":[{\"@type\":\"ListItem\",\"position\":1,\"name\":\"Home\",\"item\":\"https:\\\/\\\/amberhuman.lt\\\/\"},{\"@type\":\"ListItem\",\"position\":2,\"name\":\"Parduotuv\u0117\",\"item\":\"https:\\\/\\\/amberhuman.lt\\\/parduotuve\\\/\"},{\"@type\":\"ListItem\",\"position\":3,\"name\":\"V\u0117rinys \u201cM\u0117nulio U\u017etemimas\u201d\"}]},{\"@type\":\"WebSite\",\"@id\":\"https:\\\/\\\/amberhuman.lt\\\/#website\",\"url\":\"https:\\\/\\\/amberhuman.lt\\\/\",\"name\":\"amberhuman.lt\",\"description\":\"\",\"publisher\":{\"@id\":\"https:\\\/\\\/amberhuman.lt\\\/#organization\"},\"potentialAction\":[{\"@type\":\"SearchAction\",\"target\":{\"@type\":\"EntryPoint\",\"urlTemplate\":\"https:\\\/\\\/amberhuman.lt\\\/?s={search_term_string}\"},\"query-input\":{\"@type\":\"PropertyValueSpecification\",\"valueRequired\":true,\"valueName\":\"search_term_string\"}}],\"inLanguage\":\"en-GB\"},{\"@type\":\"Organization\",\"@id\":\"https:\\\/\\\/amberhuman.lt\\\/#organization\",\"name\":\"AmberHuman\",\"url\":\"https:\\\/\\\/amberhuman.lt\\\/\",\"logo\":{\"@type\":\"ImageObject\",\"inLanguage\":\"en-GB\",\"@id\":\"https:\\\/\\\/amberhuman.lt\\\/#\\\/schema\\\/logo\\\/image\\\/\",\"url\":\"https:\\\/\\\/amberhuman.lt\\\/wp-content\\\/uploads\\\/2021\\\/03\\\/logo2.png\",\"contentUrl\":\"https:\\\/\\\/amberhuman.lt\\\/wp-content\\\/uploads\\\/2021\\\/03\\\/logo2.png\",\"width\":300,\"height\":70,\"caption\":\"AmberHuman\"},\"image\":{\"@id\":\"https:\\\/\\\/amberhuman.lt\\\/#\\\/schema\\\/logo\\\/image\\\/\"}}]}<\/script>\n<!-- \/ Yoast SEO plugin. -->","yoast_head_json":{"title":"V\u0117rinys \u201cM\u0117nulio U\u017etemimas\u201d - AmberHuman","robots":{"index":"index","follow":"follow","max-snippet":"max-snippet:-1","max-image-preview":"max-image-preview:large","max-video-preview":"max-video-preview:-1"},"canonical":"https:\/\/amberhuman.lt\/en\/product\/verinys-menulio-uztemimas\/","og_locale":"en_GB","og_type":"article","og_title":"V\u0117rinys \u201cM\u0117nulio U\u017etemimas\u201d - AmberHuman","og_description":"Modernaus stiliaus juod\u0173 ir m\u0117tos spalv\u0173 kolekcija.","og_url":"https:\/\/amberhuman.lt\/en\/product\/verinys-menulio-uztemimas\/","og_site_name":"AmberHuman","article_modified_time":"2024-07-18T19:19:49+00:00","og_image":[{"width":2059,"height":2122,"url":"https:\/\/amberhuman.lt\/wp-content\/uploads\/2024\/06\/DSC07457-001.jpg","type":"image\/jpeg"}],"twitter_card":"summary_large_image","schema":{"@context":"https:\/\/schema.org","@graph":[{"@type":"WebPage","@id":"https:\/\/amberhuman.lt\/product\/verinys-menulio-uztemimas\/","url":"https:\/\/amberhuman.lt\/product\/verinys-menulio-uztemimas\/","name":"V\u0117rinys \u201cM\u0117nulio U\u017etemimas\u201d - AmberHuman","isPartOf":{"@id":"https:\/\/amberhuman.lt\/#website"},"primaryImageOfPage":{"@id":"https:\/\/amberhuman.lt\/product\/verinys-menulio-uztemimas\/#primaryimage"},"image":{"@id":"https:\/\/amberhuman.lt\/product\/verinys-menulio-uztemimas\/#primaryimage"},"thumbnailUrl":"https:\/\/amberhuman.lt\/wp-content\/uploads\/2024\/06\/DSC07457-001.jpg","datePublished":"2024-06-06T09:17:51+00:00","dateModified":"2024-07-18T19:19:49+00:00","breadcrumb":{"@id":"https:\/\/amberhuman.lt\/product\/verinys-menulio-uztemimas\/#breadcrumb"},"inLanguage":"en-GB","potentialAction":[{"@type":"ReadAction","target":["https:\/\/amberhuman.lt\/product\/verinys-menulio-uztemimas\/"]}]},{"@type":"ImageObject","inLanguage":"en-GB","@id":"https:\/\/amberhuman.lt\/product\/verinys-menulio-uztemimas\/#primaryimage","url":"https:\/\/amberhuman.lt\/wp-content\/uploads\/2024\/06\/DSC07457-001.jpg","contentUrl":"https:\/\/amberhuman.lt\/wp-content\/uploads\/2024\/06\/DSC07457-001.jpg","width":2059,"height":2122,"caption":"V\u0117rinys \u201cM\u0117nulio U\u017etemimas\u201d"},{"@type":"BreadcrumbList","@id":"https:\/\/amberhuman.lt\/product\/verinys-menulio-uztemimas\/#breadcrumb","itemListElement":[{"@type":"ListItem","position":1,"name":"Home","item":"https:\/\/amberhuman.lt\/"},{"@type":"ListItem","position":2,"name":"Parduotuv\u0117","item":"https:\/\/amberhuman.lt\/parduotuve\/"},{"@type":"ListItem","position":3,"name":"V\u0117rinys \u201cM\u0117nulio U\u017etemimas\u201d"}]},{"@type":"WebSite","@id":"https:\/\/amberhuman.lt\/#website","url":"https:\/\/amberhuman.lt\/","name":"amberhuman.lt","description":"","publisher":{"@id":"https:\/\/amberhuman.lt\/#organization"},"potentialAction":[{"@type":"SearchAction","target":{"@type":"EntryPoint","urlTemplate":"https:\/\/amberhuman.lt\/?s={search_term_string}"},"query-input":{"@type":"PropertyValueSpecification","valueRequired":true,"valueName":"search_term_string"}}],"inLanguage":"en-GB"},{"@type":"Organization","@id":"https:\/\/amberhuman.lt\/#organization","name":"AmberHuman","url":"https:\/\/amberhuman.lt\/","logo":{"@type":"ImageObject","inLanguage":"en-GB","@id":"https:\/\/amberhuman.lt\/#\/schema\/logo\/image\/","url":"https:\/\/amberhuman.lt\/wp-content\/uploads\/2021\/03\/logo2.png","contentUrl":"https:\/\/amberhuman.lt\/wp-content\/uploads\/2021\/03\/logo2.png","width":300,"height":70,"caption":"AmberHuman"},"image":{"@id":"https:\/\/amberhuman.lt\/#\/schema\/logo\/image\/"}}]}},"_links":{"self":[{"href":"https:\/\/amberhuman.lt\/en\/wp-json\/wp\/v2\/product\/5011","targetHints":{"allow":["GET"]}}],"collection":[{"href":"https:\/\/amberhuman.lt\/en\/wp-json\/wp\/v2\/product"}],"about":[{"href":"https:\/\/amberhuman.lt\/en\/wp-json\/wp\/v2\/types\/product"}],"wp:featuredmedia":[{"embeddable":true,"href":"https:\/\/amberhuman.lt\/en\/wp-json\/wp\/v2\/media\/7534"}],"wp:attachment":[{"href":"https:\/\/amberhuman.lt\/en\/wp-json\/wp\/v2\/media?parent=5011"}],"wp:term":[{"taxonomy":"product_brand","embeddable":true,"href":"https:\/\/amberhuman.lt\/en\/wp-json\/wp\/v2\/product_brand?post=5011"},{"taxonomy":"product_cat","embeddable":true,"href":"https:\/\/amberhuman.lt\/en\/wp-json\/wp\/v2\/product_cat?post=5011"},{"taxonomy":"product_tag","embeddable":true,"href":"https:\/\/amberhuman.lt\/en\/wp-json\/wp\/v2\/product_tag?post=5011"}],"curies":[{"name":"wp","href":"https:\/\/api.w.org\/{rel}","templated":true}]}}