{"id":4785,"date":"2023-06-21T17:04:41","date_gmt":"2023-06-21T17:04:41","guid":{"rendered":"https:\/\/amberhuman.lt\/?post_type=product&#038;p=4785"},"modified":"2023-06-21T17:06:21","modified_gmt":"2023-06-21T17:06:21","slug":"%e2%9c%a8%f0%9f%96%a4skaidrus-auskarai-zvaigzdziu-kelias%e2%9c%a8%f0%9f%96%a4","status":"publish","type":"product","link":"https:\/\/amberhuman.lt\/en\/product\/%e2%9c%a8%f0%9f%96%a4skaidrus-auskarai-zvaigzdziu-kelias%e2%9c%a8%f0%9f%96%a4\/","title":{"rendered":"\u2728\ud83d\udda4Transparent Earrings \u201cStar Trek\u201d\u2728\ud83d\udda4"},"content":{"rendered":"<p>Clear amber, star collection earrings.<span class=\"x1xsqp64 xiy17q3 x1o6pynw x19co3pv xdj266r xcwd3tp xat24cr x39eecv x2b8uid\" data-testid=\"emoji\"><span class=\"xexx8yu xn5pp95 x18d9i69 x2fxd7x x1yqt14a x1bhl96m\">\u2728<\/span><\/span><span class=\"x1xsqp64 xiy17q3 x1o6pynw x19co3pv xdj266r xcwd3tp xat24cr x39eecv x2b8uid\" data-testid=\"emoji\"><span class=\"xexx8yu xn5pp95 x18d9i69 x2fxd7x x1yqt14a x1bhl96m\">\ud83d\udda4<\/span><\/span><\/p>\n<p>Type: English clasp<\/p>\n<p>Length: ~2.5-3 cm.<\/p>","protected":false},"excerpt":{"rendered":"<p>Clear amber earrings.<\/p>","protected":false},"featured_media":4786,"template":"","meta":[],"product_brand":[],"product_cat":[207,159],"product_tag":[],"class_list":{"0":"post-4785","1":"product","2":"type-product","3":"status-publish","4":"has-post-thumbnail","6":"product_cat-auskarai","7":"product_cat-moterims","9":"first","10":"instock","11":"taxable","12":"shipping-taxable","13":"purchasable","14":"product-type-simple"},"yoast_head":"<!-- This site is optimized with the Yoast SEO plugin v27.4 - https:\/\/yoast.com\/product\/yoast-seo-wordpress\/ -->\n<title>\u2728\ud83d\udda4Skaidr\u016bs Auskarai &quot;\u017dvaig\u017ed\u017ei\u0173 Kelias&quot;\u2728\ud83d\udda4 - AmberHuman<\/title>\n<meta name=\"robots\" content=\"index, follow, max-snippet:-1, max-image-preview:large, max-video-preview:-1\" \/>\n<link rel=\"canonical\" href=\"https:\/\/amberhuman.lt\/en\/product\/\u2728\ud83d\udda4skaidrus-auskarai-zvaigzdziu-kelias\u2728\ud83d\udda4\/\" \/>\n<meta property=\"og:locale\" content=\"en_GB\" \/>\n<meta property=\"og:type\" content=\"article\" \/>\n<meta property=\"og:title\" content=\"\u2728\ud83d\udda4Skaidr\u016bs Auskarai &quot;\u017dvaig\u017ed\u017ei\u0173 Kelias&quot;\u2728\ud83d\udda4 - AmberHuman\" \/>\n<meta property=\"og:description\" content=\"Skaidraus gintaro auskarai.\" \/>\n<meta property=\"og:url\" content=\"https:\/\/amberhuman.lt\/en\/product\/\u2728\ud83d\udda4skaidrus-auskarai-zvaigzdziu-kelias\u2728\ud83d\udda4\/\" \/>\n<meta property=\"og:site_name\" content=\"AmberHuman\" \/>\n<meta property=\"article:modified_time\" content=\"2023-06-21T17:06:21+00:00\" \/>\n<meta property=\"og:image\" content=\"https:\/\/amberhuman.lt\/wp-content\/uploads\/2023\/06\/IMG_4411-1-scaled.jpg\" \/>\n\t<meta property=\"og:image:width\" content=\"2067\" \/>\n\t<meta property=\"og:image:height\" content=\"2560\" \/>\n\t<meta property=\"og:image:type\" content=\"image\/jpeg\" \/>\n<meta name=\"twitter:card\" content=\"summary_large_image\" \/>\n<script type=\"application\/ld+json\" class=\"yoast-schema-graph\">{\"@context\":\"https:\\\/\\\/schema.org\",\"@graph\":[{\"@type\":\"WebPage\",\"@id\":\"https:\\\/\\\/amberhuman.lt\\\/product\\\/%e2%9c%a8%f0%9f%96%a4skaidrus-auskarai-zvaigzdziu-kelias%e2%9c%a8%f0%9f%96%a4\\\/\",\"url\":\"https:\\\/\\\/amberhuman.lt\\\/product\\\/%e2%9c%a8%f0%9f%96%a4skaidrus-auskarai-zvaigzdziu-kelias%e2%9c%a8%f0%9f%96%a4\\\/\",\"name\":\"\u2728\ud83d\udda4Skaidr\u016bs Auskarai \\\"\u017dvaig\u017ed\u017ei\u0173 Kelias\\\"\u2728\ud83d\udda4 - AmberHuman\",\"isPartOf\":{\"@id\":\"https:\\\/\\\/amberhuman.lt\\\/#website\"},\"primaryImageOfPage\":{\"@id\":\"https:\\\/\\\/amberhuman.lt\\\/product\\\/%e2%9c%a8%f0%9f%96%a4skaidrus-auskarai-zvaigzdziu-kelias%e2%9c%a8%f0%9f%96%a4\\\/#primaryimage\"},\"image\":{\"@id\":\"https:\\\/\\\/amberhuman.lt\\\/product\\\/%e2%9c%a8%f0%9f%96%a4skaidrus-auskarai-zvaigzdziu-kelias%e2%9c%a8%f0%9f%96%a4\\\/#primaryimage\"},\"thumbnailUrl\":\"https:\\\/\\\/amberhuman.lt\\\/wp-content\\\/uploads\\\/2023\\\/06\\\/IMG_4411-1-scaled.jpg\",\"datePublished\":\"2023-06-21T17:04:41+00:00\",\"dateModified\":\"2023-06-21T17:06:21+00:00\",\"breadcrumb\":{\"@id\":\"https:\\\/\\\/amberhuman.lt\\\/product\\\/%e2%9c%a8%f0%9f%96%a4skaidrus-auskarai-zvaigzdziu-kelias%e2%9c%a8%f0%9f%96%a4\\\/#breadcrumb\"},\"inLanguage\":\"en-GB\",\"potentialAction\":[{\"@type\":\"ReadAction\",\"target\":[\"https:\\\/\\\/amberhuman.lt\\\/product\\\/%e2%9c%a8%f0%9f%96%a4skaidrus-auskarai-zvaigzdziu-kelias%e2%9c%a8%f0%9f%96%a4\\\/\"]}]},{\"@type\":\"ImageObject\",\"inLanguage\":\"en-GB\",\"@id\":\"https:\\\/\\\/amberhuman.lt\\\/product\\\/%e2%9c%a8%f0%9f%96%a4skaidrus-auskarai-zvaigzdziu-kelias%e2%9c%a8%f0%9f%96%a4\\\/#primaryimage\",\"url\":\"https:\\\/\\\/amberhuman.lt\\\/wp-content\\\/uploads\\\/2023\\\/06\\\/IMG_4411-1-scaled.jpg\",\"contentUrl\":\"https:\\\/\\\/amberhuman.lt\\\/wp-content\\\/uploads\\\/2023\\\/06\\\/IMG_4411-1-scaled.jpg\",\"width\":2067,\"height\":2560,\"caption\":\"\u2728\ud83d\udda4Skaidr\u016bs Auskarai \\\"\u017dvaig\u017ed\u017ei\u0173 Kelias\\\"\u2728\ud83d\udda4\"},{\"@type\":\"BreadcrumbList\",\"@id\":\"https:\\\/\\\/amberhuman.lt\\\/product\\\/%e2%9c%a8%f0%9f%96%a4skaidrus-auskarai-zvaigzdziu-kelias%e2%9c%a8%f0%9f%96%a4\\\/#breadcrumb\",\"itemListElement\":[{\"@type\":\"ListItem\",\"position\":1,\"name\":\"Home\",\"item\":\"https:\\\/\\\/amberhuman.lt\\\/\"},{\"@type\":\"ListItem\",\"position\":2,\"name\":\"Parduotuv\u0117\",\"item\":\"https:\\\/\\\/amberhuman.lt\\\/parduotuve\\\/\"},{\"@type\":\"ListItem\",\"position\":3,\"name\":\"\u2728\ud83d\udda4Skaidr\u016bs Auskarai &#8222;\u017dvaig\u017ed\u017ei\u0173 Kelias&#8221;\u2728\ud83d\udda4\"}]},{\"@type\":\"WebSite\",\"@id\":\"https:\\\/\\\/amberhuman.lt\\\/#website\",\"url\":\"https:\\\/\\\/amberhuman.lt\\\/\",\"name\":\"amberhuman.lt\",\"description\":\"\",\"publisher\":{\"@id\":\"https:\\\/\\\/amberhuman.lt\\\/#organization\"},\"potentialAction\":[{\"@type\":\"SearchAction\",\"target\":{\"@type\":\"EntryPoint\",\"urlTemplate\":\"https:\\\/\\\/amberhuman.lt\\\/?s={search_term_string}\"},\"query-input\":{\"@type\":\"PropertyValueSpecification\",\"valueRequired\":true,\"valueName\":\"search_term_string\"}}],\"inLanguage\":\"en-GB\"},{\"@type\":\"Organization\",\"@id\":\"https:\\\/\\\/amberhuman.lt\\\/#organization\",\"name\":\"AmberHuman\",\"url\":\"https:\\\/\\\/amberhuman.lt\\\/\",\"logo\":{\"@type\":\"ImageObject\",\"inLanguage\":\"en-GB\",\"@id\":\"https:\\\/\\\/amberhuman.lt\\\/#\\\/schema\\\/logo\\\/image\\\/\",\"url\":\"https:\\\/\\\/amberhuman.lt\\\/wp-content\\\/uploads\\\/2021\\\/03\\\/logo2.png\",\"contentUrl\":\"https:\\\/\\\/amberhuman.lt\\\/wp-content\\\/uploads\\\/2021\\\/03\\\/logo2.png\",\"width\":300,\"height\":70,\"caption\":\"AmberHuman\"},\"image\":{\"@id\":\"https:\\\/\\\/amberhuman.lt\\\/#\\\/schema\\\/logo\\\/image\\\/\"}}]}<\/script>\n<!-- \/ Yoast SEO plugin. -->","yoast_head_json":{"title":"\u2728\ud83d\udda4Skaidr\u016bs Auskarai \"\u017dvaig\u017ed\u017ei\u0173 Kelias\"\u2728\ud83d\udda4 - AmberHuman","robots":{"index":"index","follow":"follow","max-snippet":"max-snippet:-1","max-image-preview":"max-image-preview:large","max-video-preview":"max-video-preview:-1"},"canonical":"https:\/\/amberhuman.lt\/en\/product\/\u2728\ud83d\udda4skaidrus-auskarai-zvaigzdziu-kelias\u2728\ud83d\udda4\/","og_locale":"en_GB","og_type":"article","og_title":"\u2728\ud83d\udda4Skaidr\u016bs Auskarai \"\u017dvaig\u017ed\u017ei\u0173 Kelias\"\u2728\ud83d\udda4 - AmberHuman","og_description":"Skaidraus gintaro auskarai.","og_url":"https:\/\/amberhuman.lt\/en\/product\/\u2728\ud83d\udda4skaidrus-auskarai-zvaigzdziu-kelias\u2728\ud83d\udda4\/","og_site_name":"AmberHuman","article_modified_time":"2023-06-21T17:06:21+00:00","og_image":[{"width":2067,"height":2560,"url":"https:\/\/amberhuman.lt\/wp-content\/uploads\/2023\/06\/IMG_4411-1-scaled.jpg","type":"image\/jpeg"}],"twitter_card":"summary_large_image","schema":{"@context":"https:\/\/schema.org","@graph":[{"@type":"WebPage","@id":"https:\/\/amberhuman.lt\/product\/%e2%9c%a8%f0%9f%96%a4skaidrus-auskarai-zvaigzdziu-kelias%e2%9c%a8%f0%9f%96%a4\/","url":"https:\/\/amberhuman.lt\/product\/%e2%9c%a8%f0%9f%96%a4skaidrus-auskarai-zvaigzdziu-kelias%e2%9c%a8%f0%9f%96%a4\/","name":"\u2728\ud83d\udda4Skaidr\u016bs Auskarai \"\u017dvaig\u017ed\u017ei\u0173 Kelias\"\u2728\ud83d\udda4 - AmberHuman","isPartOf":{"@id":"https:\/\/amberhuman.lt\/#website"},"primaryImageOfPage":{"@id":"https:\/\/amberhuman.lt\/product\/%e2%9c%a8%f0%9f%96%a4skaidrus-auskarai-zvaigzdziu-kelias%e2%9c%a8%f0%9f%96%a4\/#primaryimage"},"image":{"@id":"https:\/\/amberhuman.lt\/product\/%e2%9c%a8%f0%9f%96%a4skaidrus-auskarai-zvaigzdziu-kelias%e2%9c%a8%f0%9f%96%a4\/#primaryimage"},"thumbnailUrl":"https:\/\/amberhuman.lt\/wp-content\/uploads\/2023\/06\/IMG_4411-1-scaled.jpg","datePublished":"2023-06-21T17:04:41+00:00","dateModified":"2023-06-21T17:06:21+00:00","breadcrumb":{"@id":"https:\/\/amberhuman.lt\/product\/%e2%9c%a8%f0%9f%96%a4skaidrus-auskarai-zvaigzdziu-kelias%e2%9c%a8%f0%9f%96%a4\/#breadcrumb"},"inLanguage":"en-GB","potentialAction":[{"@type":"ReadAction","target":["https:\/\/amberhuman.lt\/product\/%e2%9c%a8%f0%9f%96%a4skaidrus-auskarai-zvaigzdziu-kelias%e2%9c%a8%f0%9f%96%a4\/"]}]},{"@type":"ImageObject","inLanguage":"en-GB","@id":"https:\/\/amberhuman.lt\/product\/%e2%9c%a8%f0%9f%96%a4skaidrus-auskarai-zvaigzdziu-kelias%e2%9c%a8%f0%9f%96%a4\/#primaryimage","url":"https:\/\/amberhuman.lt\/wp-content\/uploads\/2023\/06\/IMG_4411-1-scaled.jpg","contentUrl":"https:\/\/amberhuman.lt\/wp-content\/uploads\/2023\/06\/IMG_4411-1-scaled.jpg","width":2067,"height":2560,"caption":"\u2728\ud83d\udda4Skaidr\u016bs Auskarai \"\u017dvaig\u017ed\u017ei\u0173 Kelias\"\u2728\ud83d\udda4"},{"@type":"BreadcrumbList","@id":"https:\/\/amberhuman.lt\/product\/%e2%9c%a8%f0%9f%96%a4skaidrus-auskarai-zvaigzdziu-kelias%e2%9c%a8%f0%9f%96%a4\/#breadcrumb","itemListElement":[{"@type":"ListItem","position":1,"name":"Home","item":"https:\/\/amberhuman.lt\/"},{"@type":"ListItem","position":2,"name":"Parduotuv\u0117","item":"https:\/\/amberhuman.lt\/parduotuve\/"},{"@type":"ListItem","position":3,"name":"\u2728\ud83d\udda4Skaidr\u016bs Auskarai &#8222;\u017dvaig\u017ed\u017ei\u0173 Kelias&#8221;\u2728\ud83d\udda4"}]},{"@type":"WebSite","@id":"https:\/\/amberhuman.lt\/#website","url":"https:\/\/amberhuman.lt\/","name":"amberhuman.lt","description":"","publisher":{"@id":"https:\/\/amberhuman.lt\/#organization"},"potentialAction":[{"@type":"SearchAction","target":{"@type":"EntryPoint","urlTemplate":"https:\/\/amberhuman.lt\/?s={search_term_string}"},"query-input":{"@type":"PropertyValueSpecification","valueRequired":true,"valueName":"search_term_string"}}],"inLanguage":"en-GB"},{"@type":"Organization","@id":"https:\/\/amberhuman.lt\/#organization","name":"AmberHuman","url":"https:\/\/amberhuman.lt\/","logo":{"@type":"ImageObject","inLanguage":"en-GB","@id":"https:\/\/amberhuman.lt\/#\/schema\/logo\/image\/","url":"https:\/\/amberhuman.lt\/wp-content\/uploads\/2021\/03\/logo2.png","contentUrl":"https:\/\/amberhuman.lt\/wp-content\/uploads\/2021\/03\/logo2.png","width":300,"height":70,"caption":"AmberHuman"},"image":{"@id":"https:\/\/amberhuman.lt\/#\/schema\/logo\/image\/"}}]}},"_links":{"self":[{"href":"https:\/\/amberhuman.lt\/en\/wp-json\/wp\/v2\/product\/4785","targetHints":{"allow":["GET"]}}],"collection":[{"href":"https:\/\/amberhuman.lt\/en\/wp-json\/wp\/v2\/product"}],"about":[{"href":"https:\/\/amberhuman.lt\/en\/wp-json\/wp\/v2\/types\/product"}],"wp:featuredmedia":[{"embeddable":true,"href":"https:\/\/amberhuman.lt\/en\/wp-json\/wp\/v2\/media\/4786"}],"wp:attachment":[{"href":"https:\/\/amberhuman.lt\/en\/wp-json\/wp\/v2\/media?parent=4785"}],"wp:term":[{"taxonomy":"product_brand","embeddable":true,"href":"https:\/\/amberhuman.lt\/en\/wp-json\/wp\/v2\/product_brand?post=4785"},{"taxonomy":"product_cat","embeddable":true,"href":"https:\/\/amberhuman.lt\/en\/wp-json\/wp\/v2\/product_cat?post=4785"},{"taxonomy":"product_tag","embeddable":true,"href":"https:\/\/amberhuman.lt\/en\/wp-json\/wp\/v2\/product_tag?post=4785"}],"curies":[{"name":"wp","href":"https:\/\/api.w.org\/{rel}","templated":true}]}}