{"id":4611,"date":"2023-06-01T13:41:32","date_gmt":"2023-06-01T13:41:32","guid":{"rendered":"https:\/\/amberhuman.lt\/?post_type=product&#038;p=4611"},"modified":"2025-07-31T20:20:00","modified_gmt":"2025-07-31T20:20:00","slug":"verinys-ir-apyranke-zvaigzdynai","status":"publish","type":"product","link":"https:\/\/amberhuman.lt\/en\/product\/verinys-ir-apyranke-zvaigzdynai\/","title":{"rendered":"\u2728 V\u0117rinys ir apyrank\u0117 &#8222;\u017dvaig\u017edynai&#8221; \u2728"},"content":{"rendered":"<p>Juodo Gintaro, tobulai apvali\u0173 rutuliuk\u0173 kolekcija su i\u0161skirtiniais akcentukais &#8211; &#8222;\u017dvaig\u017edut\u0117mis&#8221;.<\/p>\n<ul>\n<li>Necklace:<\/li>\n<\/ul>\n<p>Length: ~45cm<\/p>\n<p>Karoliuk\u0173 diametras: ~6,5-7mm<\/p>\n<ul>\n<li>Bracelet:<\/li>\n<\/ul>\n<p>Length: ~19cm (17cm for wrist)<\/p>\n<p>Karoliuk\u0173 diametras: ~6,5-7mm<\/p>\n<p>&nbsp;<\/p>\n<p>&nbsp;<\/p>","protected":false},"excerpt":{"rendered":"<p>Solid and exclusive<\/p>","protected":false},"featured_media":4612,"template":"","meta":[],"product_brand":[],"product_cat":[159,172,296,162],"product_tag":[316],"class_list":{"0":"post-4611","1":"product","2":"type-product","3":"status-publish","4":"has-post-thumbnail","6":"product_cat-moterims","7":"product_cat-rinkiniai-moterims","8":"product_cat-rinkiniai","9":"product_cat-vyrams","10":"product_tag-rutuliukai","12":"first","13":"instock","14":"taxable","15":"shipping-taxable","16":"purchasable","17":"product-type-variable"},"yoast_head":"<!-- This site is optimized with the Yoast SEO plugin v27.4 - https:\/\/yoast.com\/product\/yoast-seo-wordpress\/ -->\n<title>\u2728 V\u0117rinys ir apyrank\u0117 &quot;\u017dvaig\u017edynai&quot; \u2728 - AmberHuman<\/title>\n<meta name=\"robots\" content=\"index, follow, max-snippet:-1, max-image-preview:large, max-video-preview:-1\" \/>\n<link rel=\"canonical\" href=\"https:\/\/amberhuman.lt\/en\/product\/verinys-ir-apyranke-zvaigzdynai\/\" \/>\n<meta property=\"og:locale\" content=\"en_GB\" \/>\n<meta property=\"og:type\" content=\"article\" \/>\n<meta property=\"og:title\" content=\"\u2728 V\u0117rinys ir apyrank\u0117 &quot;\u017dvaig\u017edynai&quot; \u2728 - AmberHuman\" \/>\n<meta property=\"og:description\" content=\"Solidus ir i\u0161skirtinis\" \/>\n<meta property=\"og:url\" content=\"https:\/\/amberhuman.lt\/en\/product\/verinys-ir-apyranke-zvaigzdynai\/\" \/>\n<meta property=\"og:site_name\" content=\"AmberHuman\" \/>\n<meta property=\"article:modified_time\" content=\"2025-07-31T20:20:00+00:00\" \/>\n<meta property=\"og:image\" content=\"https:\/\/amberhuman.lt\/wp-content\/uploads\/2023\/06\/IMG_1675-scaled.jpg\" \/>\n\t<meta property=\"og:image:width\" content=\"2325\" \/>\n\t<meta property=\"og:image:height\" content=\"2560\" \/>\n\t<meta property=\"og:image:type\" content=\"image\/jpeg\" \/>\n<meta name=\"twitter:card\" content=\"summary_large_image\" \/>\n<script type=\"application\/ld+json\" class=\"yoast-schema-graph\">{\"@context\":\"https:\\\/\\\/schema.org\",\"@graph\":[{\"@type\":\"WebPage\",\"@id\":\"https:\\\/\\\/amberhuman.lt\\\/product\\\/verinys-ir-apyranke-zvaigzdynai\\\/\",\"url\":\"https:\\\/\\\/amberhuman.lt\\\/product\\\/verinys-ir-apyranke-zvaigzdynai\\\/\",\"name\":\"\u2728 V\u0117rinys ir apyrank\u0117 \\\"\u017dvaig\u017edynai\\\" \u2728 - AmberHuman\",\"isPartOf\":{\"@id\":\"https:\\\/\\\/amberhuman.lt\\\/#website\"},\"primaryImageOfPage\":{\"@id\":\"https:\\\/\\\/amberhuman.lt\\\/product\\\/verinys-ir-apyranke-zvaigzdynai\\\/#primaryimage\"},\"image\":{\"@id\":\"https:\\\/\\\/amberhuman.lt\\\/product\\\/verinys-ir-apyranke-zvaigzdynai\\\/#primaryimage\"},\"thumbnailUrl\":\"https:\\\/\\\/amberhuman.lt\\\/wp-content\\\/uploads\\\/2023\\\/06\\\/IMG_1675-scaled.jpg\",\"datePublished\":\"2023-06-01T13:41:32+00:00\",\"dateModified\":\"2025-07-31T20:20:00+00:00\",\"breadcrumb\":{\"@id\":\"https:\\\/\\\/amberhuman.lt\\\/product\\\/verinys-ir-apyranke-zvaigzdynai\\\/#breadcrumb\"},\"inLanguage\":\"en-GB\",\"potentialAction\":[{\"@type\":\"ReadAction\",\"target\":[\"https:\\\/\\\/amberhuman.lt\\\/product\\\/verinys-ir-apyranke-zvaigzdynai\\\/\"]}]},{\"@type\":\"ImageObject\",\"inLanguage\":\"en-GB\",\"@id\":\"https:\\\/\\\/amberhuman.lt\\\/product\\\/verinys-ir-apyranke-zvaigzdynai\\\/#primaryimage\",\"url\":\"https:\\\/\\\/amberhuman.lt\\\/wp-content\\\/uploads\\\/2023\\\/06\\\/IMG_1675-scaled.jpg\",\"contentUrl\":\"https:\\\/\\\/amberhuman.lt\\\/wp-content\\\/uploads\\\/2023\\\/06\\\/IMG_1675-scaled.jpg\",\"width\":2325,\"height\":2560,\"caption\":\"\u2728 V\u0117rinys ir apyrank\u0117 &#8220;\u017dvaig\u017edynai&#8221; \u2728\"},{\"@type\":\"BreadcrumbList\",\"@id\":\"https:\\\/\\\/amberhuman.lt\\\/product\\\/verinys-ir-apyranke-zvaigzdynai\\\/#breadcrumb\",\"itemListElement\":[{\"@type\":\"ListItem\",\"position\":1,\"name\":\"Home\",\"item\":\"https:\\\/\\\/amberhuman.lt\\\/\"},{\"@type\":\"ListItem\",\"position\":2,\"name\":\"Parduotuv\u0117\",\"item\":\"https:\\\/\\\/amberhuman.lt\\\/parduotuve\\\/\"},{\"@type\":\"ListItem\",\"position\":3,\"name\":\"\u2728 V\u0117rinys ir apyrank\u0117 &#8220;\u017dvaig\u017edynai&#8221; \u2728\"}]},{\"@type\":\"WebSite\",\"@id\":\"https:\\\/\\\/amberhuman.lt\\\/#website\",\"url\":\"https:\\\/\\\/amberhuman.lt\\\/\",\"name\":\"amberhuman.lt\",\"description\":\"\",\"publisher\":{\"@id\":\"https:\\\/\\\/amberhuman.lt\\\/#organization\"},\"potentialAction\":[{\"@type\":\"SearchAction\",\"target\":{\"@type\":\"EntryPoint\",\"urlTemplate\":\"https:\\\/\\\/amberhuman.lt\\\/?s={search_term_string}\"},\"query-input\":{\"@type\":\"PropertyValueSpecification\",\"valueRequired\":true,\"valueName\":\"search_term_string\"}}],\"inLanguage\":\"en-GB\"},{\"@type\":\"Organization\",\"@id\":\"https:\\\/\\\/amberhuman.lt\\\/#organization\",\"name\":\"AmberHuman\",\"url\":\"https:\\\/\\\/amberhuman.lt\\\/\",\"logo\":{\"@type\":\"ImageObject\",\"inLanguage\":\"en-GB\",\"@id\":\"https:\\\/\\\/amberhuman.lt\\\/#\\\/schema\\\/logo\\\/image\\\/\",\"url\":\"https:\\\/\\\/amberhuman.lt\\\/wp-content\\\/uploads\\\/2021\\\/03\\\/logo2.png\",\"contentUrl\":\"https:\\\/\\\/amberhuman.lt\\\/wp-content\\\/uploads\\\/2021\\\/03\\\/logo2.png\",\"width\":300,\"height\":70,\"caption\":\"AmberHuman\"},\"image\":{\"@id\":\"https:\\\/\\\/amberhuman.lt\\\/#\\\/schema\\\/logo\\\/image\\\/\"}}]}<\/script>\n<!-- \/ Yoast SEO plugin. -->","yoast_head_json":{"title":"\u2728 V\u0117rinys ir apyrank\u0117 \"\u017dvaig\u017edynai\" \u2728 - AmberHuman","robots":{"index":"index","follow":"follow","max-snippet":"max-snippet:-1","max-image-preview":"max-image-preview:large","max-video-preview":"max-video-preview:-1"},"canonical":"https:\/\/amberhuman.lt\/en\/product\/verinys-ir-apyranke-zvaigzdynai\/","og_locale":"en_GB","og_type":"article","og_title":"\u2728 V\u0117rinys ir apyrank\u0117 \"\u017dvaig\u017edynai\" \u2728 - AmberHuman","og_description":"Solidus ir i\u0161skirtinis","og_url":"https:\/\/amberhuman.lt\/en\/product\/verinys-ir-apyranke-zvaigzdynai\/","og_site_name":"AmberHuman","article_modified_time":"2025-07-31T20:20:00+00:00","og_image":[{"width":2325,"height":2560,"url":"https:\/\/amberhuman.lt\/wp-content\/uploads\/2023\/06\/IMG_1675-scaled.jpg","type":"image\/jpeg"}],"twitter_card":"summary_large_image","schema":{"@context":"https:\/\/schema.org","@graph":[{"@type":"WebPage","@id":"https:\/\/amberhuman.lt\/product\/verinys-ir-apyranke-zvaigzdynai\/","url":"https:\/\/amberhuman.lt\/product\/verinys-ir-apyranke-zvaigzdynai\/","name":"\u2728 V\u0117rinys ir apyrank\u0117 \"\u017dvaig\u017edynai\" \u2728 - AmberHuman","isPartOf":{"@id":"https:\/\/amberhuman.lt\/#website"},"primaryImageOfPage":{"@id":"https:\/\/amberhuman.lt\/product\/verinys-ir-apyranke-zvaigzdynai\/#primaryimage"},"image":{"@id":"https:\/\/amberhuman.lt\/product\/verinys-ir-apyranke-zvaigzdynai\/#primaryimage"},"thumbnailUrl":"https:\/\/amberhuman.lt\/wp-content\/uploads\/2023\/06\/IMG_1675-scaled.jpg","datePublished":"2023-06-01T13:41:32+00:00","dateModified":"2025-07-31T20:20:00+00:00","breadcrumb":{"@id":"https:\/\/amberhuman.lt\/product\/verinys-ir-apyranke-zvaigzdynai\/#breadcrumb"},"inLanguage":"en-GB","potentialAction":[{"@type":"ReadAction","target":["https:\/\/amberhuman.lt\/product\/verinys-ir-apyranke-zvaigzdynai\/"]}]},{"@type":"ImageObject","inLanguage":"en-GB","@id":"https:\/\/amberhuman.lt\/product\/verinys-ir-apyranke-zvaigzdynai\/#primaryimage","url":"https:\/\/amberhuman.lt\/wp-content\/uploads\/2023\/06\/IMG_1675-scaled.jpg","contentUrl":"https:\/\/amberhuman.lt\/wp-content\/uploads\/2023\/06\/IMG_1675-scaled.jpg","width":2325,"height":2560,"caption":"\u2728 V\u0117rinys ir apyrank\u0117 &#8220;\u017dvaig\u017edynai&#8221; \u2728"},{"@type":"BreadcrumbList","@id":"https:\/\/amberhuman.lt\/product\/verinys-ir-apyranke-zvaigzdynai\/#breadcrumb","itemListElement":[{"@type":"ListItem","position":1,"name":"Home","item":"https:\/\/amberhuman.lt\/"},{"@type":"ListItem","position":2,"name":"Parduotuv\u0117","item":"https:\/\/amberhuman.lt\/parduotuve\/"},{"@type":"ListItem","position":3,"name":"\u2728 V\u0117rinys ir apyrank\u0117 &#8220;\u017dvaig\u017edynai&#8221; \u2728"}]},{"@type":"WebSite","@id":"https:\/\/amberhuman.lt\/#website","url":"https:\/\/amberhuman.lt\/","name":"amberhuman.lt","description":"","publisher":{"@id":"https:\/\/amberhuman.lt\/#organization"},"potentialAction":[{"@type":"SearchAction","target":{"@type":"EntryPoint","urlTemplate":"https:\/\/amberhuman.lt\/?s={search_term_string}"},"query-input":{"@type":"PropertyValueSpecification","valueRequired":true,"valueName":"search_term_string"}}],"inLanguage":"en-GB"},{"@type":"Organization","@id":"https:\/\/amberhuman.lt\/#organization","name":"AmberHuman","url":"https:\/\/amberhuman.lt\/","logo":{"@type":"ImageObject","inLanguage":"en-GB","@id":"https:\/\/amberhuman.lt\/#\/schema\/logo\/image\/","url":"https:\/\/amberhuman.lt\/wp-content\/uploads\/2021\/03\/logo2.png","contentUrl":"https:\/\/amberhuman.lt\/wp-content\/uploads\/2021\/03\/logo2.png","width":300,"height":70,"caption":"AmberHuman"},"image":{"@id":"https:\/\/amberhuman.lt\/#\/schema\/logo\/image\/"}}]}},"_links":{"self":[{"href":"https:\/\/amberhuman.lt\/en\/wp-json\/wp\/v2\/product\/4611","targetHints":{"allow":["GET"]}}],"collection":[{"href":"https:\/\/amberhuman.lt\/en\/wp-json\/wp\/v2\/product"}],"about":[{"href":"https:\/\/amberhuman.lt\/en\/wp-json\/wp\/v2\/types\/product"}],"wp:featuredmedia":[{"embeddable":true,"href":"https:\/\/amberhuman.lt\/en\/wp-json\/wp\/v2\/media\/4612"}],"wp:attachment":[{"href":"https:\/\/amberhuman.lt\/en\/wp-json\/wp\/v2\/media?parent=4611"}],"wp:term":[{"taxonomy":"product_brand","embeddable":true,"href":"https:\/\/amberhuman.lt\/en\/wp-json\/wp\/v2\/product_brand?post=4611"},{"taxonomy":"product_cat","embeddable":true,"href":"https:\/\/amberhuman.lt\/en\/wp-json\/wp\/v2\/product_cat?post=4611"},{"taxonomy":"product_tag","embeddable":true,"href":"https:\/\/amberhuman.lt\/en\/wp-json\/wp\/v2\/product_tag?post=4611"}],"curies":[{"name":"wp","href":"https:\/\/api.w.org\/{rel}","templated":true}]}}