{"id":4475,"date":"2022-07-07T15:06:51","date_gmt":"2022-07-07T15:06:51","guid":{"rendered":"https:\/\/amberhuman.lt\/?post_type=product&#038;p=4475"},"modified":"2022-07-07T19:39:14","modified_gmt":"2022-07-07T19:39:14","slug":"auskarai-su-zeruciais-donutai","status":"publish","type":"product","link":"https:\/\/amberhuman.lt\/en\/product\/auskarai-su-zeruciais-donutai\/","title":{"rendered":"Earrings with mica &quot;Donuts&quot;"},"content":{"rendered":"<p>Diameter: ~12\u00d74 mm<\/p>\n<p>Type: hooks<\/p>","protected":false},"excerpt":{"rendered":"<p>Bringing luck<\/p>","protected":false},"featured_media":4476,"template":"","meta":[],"product_brand":[],"product_cat":[207,159],"product_tag":[303,300],"class_list":{"0":"post-4475","1":"product","2":"type-product","3":"status-publish","4":"has-post-thumbnail","6":"product_cat-auskarai","7":"product_cat-moterims","8":"product_tag-auskarai","9":"product_tag-donutai","11":"first","12":"instock","13":"taxable","14":"shipping-taxable","15":"purchasable","16":"product-type-simple"},"yoast_head":"<!-- This site is optimized with the Yoast SEO plugin v27.4 - https:\/\/yoast.com\/product\/yoast-seo-wordpress\/ -->\n<title>Auskarai su \u017e\u0117ru\u010diais &quot;Donutai&quot; - AmberHuman<\/title>\n<meta name=\"robots\" content=\"index, follow, max-snippet:-1, max-image-preview:large, max-video-preview:-1\" \/>\n<link rel=\"canonical\" href=\"https:\/\/amberhuman.lt\/en\/product\/auskarai-su-zeruciais-donutai\/\" \/>\n<meta property=\"og:locale\" content=\"en_GB\" \/>\n<meta property=\"og:type\" content=\"article\" \/>\n<meta property=\"og:title\" content=\"Auskarai su \u017e\u0117ru\u010diais &quot;Donutai&quot; - AmberHuman\" \/>\n<meta property=\"og:description\" content=\"S\u0117km\u0119 ne\u0161antys\" \/>\n<meta property=\"og:url\" content=\"https:\/\/amberhuman.lt\/en\/product\/auskarai-su-zeruciais-donutai\/\" \/>\n<meta property=\"og:site_name\" content=\"AmberHuman\" \/>\n<meta property=\"article:modified_time\" content=\"2022-07-07T19:39:14+00:00\" \/>\n<meta property=\"og:image\" content=\"https:\/\/amberhuman.lt\/wp-content\/uploads\/2022\/07\/IMG_8441.CR2_.jpg\" \/>\n\t<meta property=\"og:image:width\" content=\"1832\" \/>\n\t<meta property=\"og:image:height\" content=\"1964\" \/>\n\t<meta property=\"og:image:type\" content=\"image\/jpeg\" \/>\n<meta name=\"twitter:card\" content=\"summary_large_image\" \/>\n<script type=\"application\/ld+json\" class=\"yoast-schema-graph\">{\"@context\":\"https:\\\/\\\/schema.org\",\"@graph\":[{\"@type\":\"WebPage\",\"@id\":\"https:\\\/\\\/amberhuman.lt\\\/product\\\/auskarai-su-zeruciais-donutai\\\/\",\"url\":\"https:\\\/\\\/amberhuman.lt\\\/product\\\/auskarai-su-zeruciais-donutai\\\/\",\"name\":\"Auskarai su \u017e\u0117ru\u010diais \\\"Donutai\\\" - AmberHuman\",\"isPartOf\":{\"@id\":\"https:\\\/\\\/amberhuman.lt\\\/#website\"},\"primaryImageOfPage\":{\"@id\":\"https:\\\/\\\/amberhuman.lt\\\/product\\\/auskarai-su-zeruciais-donutai\\\/#primaryimage\"},\"image\":{\"@id\":\"https:\\\/\\\/amberhuman.lt\\\/product\\\/auskarai-su-zeruciais-donutai\\\/#primaryimage\"},\"thumbnailUrl\":\"https:\\\/\\\/amberhuman.lt\\\/wp-content\\\/uploads\\\/2022\\\/07\\\/IMG_8441.CR2_.jpg\",\"datePublished\":\"2022-07-07T15:06:51+00:00\",\"dateModified\":\"2022-07-07T19:39:14+00:00\",\"breadcrumb\":{\"@id\":\"https:\\\/\\\/amberhuman.lt\\\/product\\\/auskarai-su-zeruciais-donutai\\\/#breadcrumb\"},\"inLanguage\":\"en-GB\",\"potentialAction\":[{\"@type\":\"ReadAction\",\"target\":[\"https:\\\/\\\/amberhuman.lt\\\/product\\\/auskarai-su-zeruciais-donutai\\\/\"]}]},{\"@type\":\"ImageObject\",\"inLanguage\":\"en-GB\",\"@id\":\"https:\\\/\\\/amberhuman.lt\\\/product\\\/auskarai-su-zeruciais-donutai\\\/#primaryimage\",\"url\":\"https:\\\/\\\/amberhuman.lt\\\/wp-content\\\/uploads\\\/2022\\\/07\\\/IMG_8441.CR2_.jpg\",\"contentUrl\":\"https:\\\/\\\/amberhuman.lt\\\/wp-content\\\/uploads\\\/2022\\\/07\\\/IMG_8441.CR2_.jpg\",\"width\":1832,\"height\":1964,\"caption\":\"Auskarai su \u017e\u0117ru\u010diais \\\"Donutai\\\"\"},{\"@type\":\"BreadcrumbList\",\"@id\":\"https:\\\/\\\/amberhuman.lt\\\/product\\\/auskarai-su-zeruciais-donutai\\\/#breadcrumb\",\"itemListElement\":[{\"@type\":\"ListItem\",\"position\":1,\"name\":\"Home\",\"item\":\"https:\\\/\\\/amberhuman.lt\\\/\"},{\"@type\":\"ListItem\",\"position\":2,\"name\":\"Parduotuv\u0117\",\"item\":\"https:\\\/\\\/amberhuman.lt\\\/parduotuve\\\/\"},{\"@type\":\"ListItem\",\"position\":3,\"name\":\"Auskarai su \u017e\u0117ru\u010diais &#8222;Donutai&#8221;\"}]},{\"@type\":\"WebSite\",\"@id\":\"https:\\\/\\\/amberhuman.lt\\\/#website\",\"url\":\"https:\\\/\\\/amberhuman.lt\\\/\",\"name\":\"amberhuman.lt\",\"description\":\"\",\"publisher\":{\"@id\":\"https:\\\/\\\/amberhuman.lt\\\/#organization\"},\"potentialAction\":[{\"@type\":\"SearchAction\",\"target\":{\"@type\":\"EntryPoint\",\"urlTemplate\":\"https:\\\/\\\/amberhuman.lt\\\/?s={search_term_string}\"},\"query-input\":{\"@type\":\"PropertyValueSpecification\",\"valueRequired\":true,\"valueName\":\"search_term_string\"}}],\"inLanguage\":\"en-GB\"},{\"@type\":\"Organization\",\"@id\":\"https:\\\/\\\/amberhuman.lt\\\/#organization\",\"name\":\"AmberHuman\",\"url\":\"https:\\\/\\\/amberhuman.lt\\\/\",\"logo\":{\"@type\":\"ImageObject\",\"inLanguage\":\"en-GB\",\"@id\":\"https:\\\/\\\/amberhuman.lt\\\/#\\\/schema\\\/logo\\\/image\\\/\",\"url\":\"https:\\\/\\\/amberhuman.lt\\\/wp-content\\\/uploads\\\/2021\\\/03\\\/logo2.png\",\"contentUrl\":\"https:\\\/\\\/amberhuman.lt\\\/wp-content\\\/uploads\\\/2021\\\/03\\\/logo2.png\",\"width\":300,\"height\":70,\"caption\":\"AmberHuman\"},\"image\":{\"@id\":\"https:\\\/\\\/amberhuman.lt\\\/#\\\/schema\\\/logo\\\/image\\\/\"}}]}<\/script>\n<!-- \/ Yoast SEO plugin. -->","yoast_head_json":{"title":"Auskarai su \u017e\u0117ru\u010diais \"Donutai\" - AmberHuman","robots":{"index":"index","follow":"follow","max-snippet":"max-snippet:-1","max-image-preview":"max-image-preview:large","max-video-preview":"max-video-preview:-1"},"canonical":"https:\/\/amberhuman.lt\/en\/product\/auskarai-su-zeruciais-donutai\/","og_locale":"en_GB","og_type":"article","og_title":"Auskarai su \u017e\u0117ru\u010diais \"Donutai\" - AmberHuman","og_description":"S\u0117km\u0119 ne\u0161antys","og_url":"https:\/\/amberhuman.lt\/en\/product\/auskarai-su-zeruciais-donutai\/","og_site_name":"AmberHuman","article_modified_time":"2022-07-07T19:39:14+00:00","og_image":[{"width":1832,"height":1964,"url":"https:\/\/amberhuman.lt\/wp-content\/uploads\/2022\/07\/IMG_8441.CR2_.jpg","type":"image\/jpeg"}],"twitter_card":"summary_large_image","schema":{"@context":"https:\/\/schema.org","@graph":[{"@type":"WebPage","@id":"https:\/\/amberhuman.lt\/product\/auskarai-su-zeruciais-donutai\/","url":"https:\/\/amberhuman.lt\/product\/auskarai-su-zeruciais-donutai\/","name":"Auskarai su \u017e\u0117ru\u010diais \"Donutai\" - AmberHuman","isPartOf":{"@id":"https:\/\/amberhuman.lt\/#website"},"primaryImageOfPage":{"@id":"https:\/\/amberhuman.lt\/product\/auskarai-su-zeruciais-donutai\/#primaryimage"},"image":{"@id":"https:\/\/amberhuman.lt\/product\/auskarai-su-zeruciais-donutai\/#primaryimage"},"thumbnailUrl":"https:\/\/amberhuman.lt\/wp-content\/uploads\/2022\/07\/IMG_8441.CR2_.jpg","datePublished":"2022-07-07T15:06:51+00:00","dateModified":"2022-07-07T19:39:14+00:00","breadcrumb":{"@id":"https:\/\/amberhuman.lt\/product\/auskarai-su-zeruciais-donutai\/#breadcrumb"},"inLanguage":"en-GB","potentialAction":[{"@type":"ReadAction","target":["https:\/\/amberhuman.lt\/product\/auskarai-su-zeruciais-donutai\/"]}]},{"@type":"ImageObject","inLanguage":"en-GB","@id":"https:\/\/amberhuman.lt\/product\/auskarai-su-zeruciais-donutai\/#primaryimage","url":"https:\/\/amberhuman.lt\/wp-content\/uploads\/2022\/07\/IMG_8441.CR2_.jpg","contentUrl":"https:\/\/amberhuman.lt\/wp-content\/uploads\/2022\/07\/IMG_8441.CR2_.jpg","width":1832,"height":1964,"caption":"Auskarai su \u017e\u0117ru\u010diais \"Donutai\""},{"@type":"BreadcrumbList","@id":"https:\/\/amberhuman.lt\/product\/auskarai-su-zeruciais-donutai\/#breadcrumb","itemListElement":[{"@type":"ListItem","position":1,"name":"Home","item":"https:\/\/amberhuman.lt\/"},{"@type":"ListItem","position":2,"name":"Parduotuv\u0117","item":"https:\/\/amberhuman.lt\/parduotuve\/"},{"@type":"ListItem","position":3,"name":"Auskarai su \u017e\u0117ru\u010diais &#8222;Donutai&#8221;"}]},{"@type":"WebSite","@id":"https:\/\/amberhuman.lt\/#website","url":"https:\/\/amberhuman.lt\/","name":"amberhuman.lt","description":"","publisher":{"@id":"https:\/\/amberhuman.lt\/#organization"},"potentialAction":[{"@type":"SearchAction","target":{"@type":"EntryPoint","urlTemplate":"https:\/\/amberhuman.lt\/?s={search_term_string}"},"query-input":{"@type":"PropertyValueSpecification","valueRequired":true,"valueName":"search_term_string"}}],"inLanguage":"en-GB"},{"@type":"Organization","@id":"https:\/\/amberhuman.lt\/#organization","name":"AmberHuman","url":"https:\/\/amberhuman.lt\/","logo":{"@type":"ImageObject","inLanguage":"en-GB","@id":"https:\/\/amberhuman.lt\/#\/schema\/logo\/image\/","url":"https:\/\/amberhuman.lt\/wp-content\/uploads\/2021\/03\/logo2.png","contentUrl":"https:\/\/amberhuman.lt\/wp-content\/uploads\/2021\/03\/logo2.png","width":300,"height":70,"caption":"AmberHuman"},"image":{"@id":"https:\/\/amberhuman.lt\/#\/schema\/logo\/image\/"}}]}},"_links":{"self":[{"href":"https:\/\/amberhuman.lt\/en\/wp-json\/wp\/v2\/product\/4475","targetHints":{"allow":["GET"]}}],"collection":[{"href":"https:\/\/amberhuman.lt\/en\/wp-json\/wp\/v2\/product"}],"about":[{"href":"https:\/\/amberhuman.lt\/en\/wp-json\/wp\/v2\/types\/product"}],"wp:featuredmedia":[{"embeddable":true,"href":"https:\/\/amberhuman.lt\/en\/wp-json\/wp\/v2\/media\/4476"}],"wp:attachment":[{"href":"https:\/\/amberhuman.lt\/en\/wp-json\/wp\/v2\/media?parent=4475"}],"wp:term":[{"taxonomy":"product_brand","embeddable":true,"href":"https:\/\/amberhuman.lt\/en\/wp-json\/wp\/v2\/product_brand?post=4475"},{"taxonomy":"product_cat","embeddable":true,"href":"https:\/\/amberhuman.lt\/en\/wp-json\/wp\/v2\/product_cat?post=4475"},{"taxonomy":"product_tag","embeddable":true,"href":"https:\/\/amberhuman.lt\/en\/wp-json\/wp\/v2\/product_tag?post=4475"}],"curies":[{"name":"wp","href":"https:\/\/api.w.org\/{rel}","templated":true}]}}