{"id":4328,"date":"2022-06-28T14:25:29","date_gmt":"2022-06-28T14:25:29","guid":{"rendered":"https:\/\/amberhuman.lt\/?post_type=product&#038;p=4328"},"modified":"2024-07-04T07:52:12","modified_gmt":"2024-07-04T07:52:12","slug":"stambus-verinys-ir-apyranke-vienas-naktyje","status":"publish","type":"product","link":"https:\/\/amberhuman.lt\/en\/product\/stambus-verinys-ir-apyranke-vienas-naktyje\/","title":{"rendered":"Chunky necklace and bracelet \u201cAlone in the Night\u201d"},"content":{"rendered":"<ul>\n<li>Necklace:<\/li>\n<\/ul>\n<p>Length: ~44cm<\/p>\n<p>Ball diameter: ~11mm<\/p>\n<ul>\n<li>Bracelet:<\/li>\n<\/ul>\n<p>Length: ~21cm (19cm for wrist)<\/p>\n<p>Ball diameter: ~11mm<\/p>","protected":false},"excerpt":{"rendered":"<p>A set of large unpolished beads with a square accent<\/p>","protected":false},"featured_media":4331,"template":"","meta":[],"product_brand":[],"product_cat":[159,296,172,157,162],"product_tag":[316],"class_list":{"0":"post-4328","1":"product","2":"type-product","3":"status-publish","4":"has-post-thumbnail","6":"product_cat-moterims","7":"product_cat-rinkiniai","8":"product_cat-rinkiniai-moterims","9":"product_cat-gintaro-papuosalai-suaugusiems","10":"product_cat-vyrams","11":"product_tag-rutuliukai","13":"first","14":"instock","15":"taxable","16":"shipping-taxable","17":"purchasable","18":"product-type-simple"},"yoast_head":"<!-- This site is optimized with the Yoast SEO plugin v27.4 - https:\/\/yoast.com\/product\/yoast-seo-wordpress\/ -->\n<title>Stambus v\u0117rinys ir apyrank\u0117 &quot;Vienas Naktyje&quot; - AmberHuman<\/title>\n<meta name=\"robots\" content=\"index, follow, max-snippet:-1, max-image-preview:large, max-video-preview:-1\" \/>\n<link rel=\"canonical\" href=\"https:\/\/amberhuman.lt\/en\/product\/stambus-verinys-ir-apyranke-vienas-naktyje\/\" \/>\n<meta property=\"og:locale\" content=\"en_GB\" \/>\n<meta property=\"og:type\" content=\"article\" \/>\n<meta property=\"og:title\" content=\"Stambus v\u0117rinys ir apyrank\u0117 &quot;Vienas Naktyje&quot; - AmberHuman\" \/>\n<meta property=\"og:description\" content=\"Stambi\u0173 nepoliruot\u0173 rutuliuk\u0173 rinkinys su kvadrat\u0117lio akcentu\" \/>\n<meta property=\"og:url\" content=\"https:\/\/amberhuman.lt\/en\/product\/stambus-verinys-ir-apyranke-vienas-naktyje\/\" \/>\n<meta property=\"og:site_name\" content=\"AmberHuman\" \/>\n<meta property=\"article:modified_time\" content=\"2024-07-04T07:52:12+00:00\" \/>\n<meta property=\"og:image\" content=\"https:\/\/amberhuman.lt\/wp-content\/uploads\/2022\/06\/IMG_6561.CR2_-scaled.jpg\" \/>\n\t<meta property=\"og:image:width\" content=\"2560\" \/>\n\t<meta property=\"og:image:height\" content=\"1956\" \/>\n\t<meta property=\"og:image:type\" content=\"image\/jpeg\" \/>\n<meta name=\"twitter:card\" content=\"summary_large_image\" \/>\n<script type=\"application\/ld+json\" class=\"yoast-schema-graph\">{\"@context\":\"https:\\\/\\\/schema.org\",\"@graph\":[{\"@type\":\"WebPage\",\"@id\":\"https:\\\/\\\/amberhuman.lt\\\/product\\\/stambus-verinys-ir-apyranke-vienas-naktyje\\\/\",\"url\":\"https:\\\/\\\/amberhuman.lt\\\/product\\\/stambus-verinys-ir-apyranke-vienas-naktyje\\\/\",\"name\":\"Stambus v\u0117rinys ir apyrank\u0117 \\\"Vienas Naktyje\\\" - AmberHuman\",\"isPartOf\":{\"@id\":\"https:\\\/\\\/amberhuman.lt\\\/#website\"},\"primaryImageOfPage\":{\"@id\":\"https:\\\/\\\/amberhuman.lt\\\/product\\\/stambus-verinys-ir-apyranke-vienas-naktyje\\\/#primaryimage\"},\"image\":{\"@id\":\"https:\\\/\\\/amberhuman.lt\\\/product\\\/stambus-verinys-ir-apyranke-vienas-naktyje\\\/#primaryimage\"},\"thumbnailUrl\":\"https:\\\/\\\/amberhuman.lt\\\/wp-content\\\/uploads\\\/2022\\\/06\\\/IMG_6561.CR2_-scaled.jpg\",\"datePublished\":\"2022-06-28T14:25:29+00:00\",\"dateModified\":\"2024-07-04T07:52:12+00:00\",\"breadcrumb\":{\"@id\":\"https:\\\/\\\/amberhuman.lt\\\/product\\\/stambus-verinys-ir-apyranke-vienas-naktyje\\\/#breadcrumb\"},\"inLanguage\":\"en-GB\",\"potentialAction\":[{\"@type\":\"ReadAction\",\"target\":[\"https:\\\/\\\/amberhuman.lt\\\/product\\\/stambus-verinys-ir-apyranke-vienas-naktyje\\\/\"]}]},{\"@type\":\"ImageObject\",\"inLanguage\":\"en-GB\",\"@id\":\"https:\\\/\\\/amberhuman.lt\\\/product\\\/stambus-verinys-ir-apyranke-vienas-naktyje\\\/#primaryimage\",\"url\":\"https:\\\/\\\/amberhuman.lt\\\/wp-content\\\/uploads\\\/2022\\\/06\\\/IMG_6561.CR2_-scaled.jpg\",\"contentUrl\":\"https:\\\/\\\/amberhuman.lt\\\/wp-content\\\/uploads\\\/2022\\\/06\\\/IMG_6561.CR2_-scaled.jpg\",\"width\":2560,\"height\":1956,\"caption\":\"Stambus v\u0117rinys ir apyrank\u0117 \\\"Vienas Naktyje\\\"\"},{\"@type\":\"BreadcrumbList\",\"@id\":\"https:\\\/\\\/amberhuman.lt\\\/product\\\/stambus-verinys-ir-apyranke-vienas-naktyje\\\/#breadcrumb\",\"itemListElement\":[{\"@type\":\"ListItem\",\"position\":1,\"name\":\"Home\",\"item\":\"https:\\\/\\\/amberhuman.lt\\\/\"},{\"@type\":\"ListItem\",\"position\":2,\"name\":\"Parduotuv\u0117\",\"item\":\"https:\\\/\\\/amberhuman.lt\\\/parduotuve\\\/\"},{\"@type\":\"ListItem\",\"position\":3,\"name\":\"Stambus v\u0117rinys ir apyrank\u0117 &#8222;Vienas Naktyje&#8221;\"}]},{\"@type\":\"WebSite\",\"@id\":\"https:\\\/\\\/amberhuman.lt\\\/#website\",\"url\":\"https:\\\/\\\/amberhuman.lt\\\/\",\"name\":\"amberhuman.lt\",\"description\":\"\",\"publisher\":{\"@id\":\"https:\\\/\\\/amberhuman.lt\\\/#organization\"},\"potentialAction\":[{\"@type\":\"SearchAction\",\"target\":{\"@type\":\"EntryPoint\",\"urlTemplate\":\"https:\\\/\\\/amberhuman.lt\\\/?s={search_term_string}\"},\"query-input\":{\"@type\":\"PropertyValueSpecification\",\"valueRequired\":true,\"valueName\":\"search_term_string\"}}],\"inLanguage\":\"en-GB\"},{\"@type\":\"Organization\",\"@id\":\"https:\\\/\\\/amberhuman.lt\\\/#organization\",\"name\":\"AmberHuman\",\"url\":\"https:\\\/\\\/amberhuman.lt\\\/\",\"logo\":{\"@type\":\"ImageObject\",\"inLanguage\":\"en-GB\",\"@id\":\"https:\\\/\\\/amberhuman.lt\\\/#\\\/schema\\\/logo\\\/image\\\/\",\"url\":\"https:\\\/\\\/amberhuman.lt\\\/wp-content\\\/uploads\\\/2021\\\/03\\\/logo2.png\",\"contentUrl\":\"https:\\\/\\\/amberhuman.lt\\\/wp-content\\\/uploads\\\/2021\\\/03\\\/logo2.png\",\"width\":300,\"height\":70,\"caption\":\"AmberHuman\"},\"image\":{\"@id\":\"https:\\\/\\\/amberhuman.lt\\\/#\\\/schema\\\/logo\\\/image\\\/\"}}]}<\/script>\n<!-- \/ Yoast SEO plugin. -->","yoast_head_json":{"title":"Stambus v\u0117rinys ir apyrank\u0117 \"Vienas Naktyje\" - AmberHuman","robots":{"index":"index","follow":"follow","max-snippet":"max-snippet:-1","max-image-preview":"max-image-preview:large","max-video-preview":"max-video-preview:-1"},"canonical":"https:\/\/amberhuman.lt\/en\/product\/stambus-verinys-ir-apyranke-vienas-naktyje\/","og_locale":"en_GB","og_type":"article","og_title":"Stambus v\u0117rinys ir apyrank\u0117 \"Vienas Naktyje\" - AmberHuman","og_description":"Stambi\u0173 nepoliruot\u0173 rutuliuk\u0173 rinkinys su kvadrat\u0117lio akcentu","og_url":"https:\/\/amberhuman.lt\/en\/product\/stambus-verinys-ir-apyranke-vienas-naktyje\/","og_site_name":"AmberHuman","article_modified_time":"2024-07-04T07:52:12+00:00","og_image":[{"width":2560,"height":1956,"url":"https:\/\/amberhuman.lt\/wp-content\/uploads\/2022\/06\/IMG_6561.CR2_-scaled.jpg","type":"image\/jpeg"}],"twitter_card":"summary_large_image","schema":{"@context":"https:\/\/schema.org","@graph":[{"@type":"WebPage","@id":"https:\/\/amberhuman.lt\/product\/stambus-verinys-ir-apyranke-vienas-naktyje\/","url":"https:\/\/amberhuman.lt\/product\/stambus-verinys-ir-apyranke-vienas-naktyje\/","name":"Stambus v\u0117rinys ir apyrank\u0117 \"Vienas Naktyje\" - AmberHuman","isPartOf":{"@id":"https:\/\/amberhuman.lt\/#website"},"primaryImageOfPage":{"@id":"https:\/\/amberhuman.lt\/product\/stambus-verinys-ir-apyranke-vienas-naktyje\/#primaryimage"},"image":{"@id":"https:\/\/amberhuman.lt\/product\/stambus-verinys-ir-apyranke-vienas-naktyje\/#primaryimage"},"thumbnailUrl":"https:\/\/amberhuman.lt\/wp-content\/uploads\/2022\/06\/IMG_6561.CR2_-scaled.jpg","datePublished":"2022-06-28T14:25:29+00:00","dateModified":"2024-07-04T07:52:12+00:00","breadcrumb":{"@id":"https:\/\/amberhuman.lt\/product\/stambus-verinys-ir-apyranke-vienas-naktyje\/#breadcrumb"},"inLanguage":"en-GB","potentialAction":[{"@type":"ReadAction","target":["https:\/\/amberhuman.lt\/product\/stambus-verinys-ir-apyranke-vienas-naktyje\/"]}]},{"@type":"ImageObject","inLanguage":"en-GB","@id":"https:\/\/amberhuman.lt\/product\/stambus-verinys-ir-apyranke-vienas-naktyje\/#primaryimage","url":"https:\/\/amberhuman.lt\/wp-content\/uploads\/2022\/06\/IMG_6561.CR2_-scaled.jpg","contentUrl":"https:\/\/amberhuman.lt\/wp-content\/uploads\/2022\/06\/IMG_6561.CR2_-scaled.jpg","width":2560,"height":1956,"caption":"Stambus v\u0117rinys ir apyrank\u0117 \"Vienas Naktyje\""},{"@type":"BreadcrumbList","@id":"https:\/\/amberhuman.lt\/product\/stambus-verinys-ir-apyranke-vienas-naktyje\/#breadcrumb","itemListElement":[{"@type":"ListItem","position":1,"name":"Home","item":"https:\/\/amberhuman.lt\/"},{"@type":"ListItem","position":2,"name":"Parduotuv\u0117","item":"https:\/\/amberhuman.lt\/parduotuve\/"},{"@type":"ListItem","position":3,"name":"Stambus v\u0117rinys ir apyrank\u0117 &#8222;Vienas Naktyje&#8221;"}]},{"@type":"WebSite","@id":"https:\/\/amberhuman.lt\/#website","url":"https:\/\/amberhuman.lt\/","name":"amberhuman.lt","description":"","publisher":{"@id":"https:\/\/amberhuman.lt\/#organization"},"potentialAction":[{"@type":"SearchAction","target":{"@type":"EntryPoint","urlTemplate":"https:\/\/amberhuman.lt\/?s={search_term_string}"},"query-input":{"@type":"PropertyValueSpecification","valueRequired":true,"valueName":"search_term_string"}}],"inLanguage":"en-GB"},{"@type":"Organization","@id":"https:\/\/amberhuman.lt\/#organization","name":"AmberHuman","url":"https:\/\/amberhuman.lt\/","logo":{"@type":"ImageObject","inLanguage":"en-GB","@id":"https:\/\/amberhuman.lt\/#\/schema\/logo\/image\/","url":"https:\/\/amberhuman.lt\/wp-content\/uploads\/2021\/03\/logo2.png","contentUrl":"https:\/\/amberhuman.lt\/wp-content\/uploads\/2021\/03\/logo2.png","width":300,"height":70,"caption":"AmberHuman"},"image":{"@id":"https:\/\/amberhuman.lt\/#\/schema\/logo\/image\/"}}]}},"_links":{"self":[{"href":"https:\/\/amberhuman.lt\/en\/wp-json\/wp\/v2\/product\/4328","targetHints":{"allow":["GET"]}}],"collection":[{"href":"https:\/\/amberhuman.lt\/en\/wp-json\/wp\/v2\/product"}],"about":[{"href":"https:\/\/amberhuman.lt\/en\/wp-json\/wp\/v2\/types\/product"}],"wp:featuredmedia":[{"embeddable":true,"href":"https:\/\/amberhuman.lt\/en\/wp-json\/wp\/v2\/media\/4331"}],"wp:attachment":[{"href":"https:\/\/amberhuman.lt\/en\/wp-json\/wp\/v2\/media?parent=4328"}],"wp:term":[{"taxonomy":"product_brand","embeddable":true,"href":"https:\/\/amberhuman.lt\/en\/wp-json\/wp\/v2\/product_brand?post=4328"},{"taxonomy":"product_cat","embeddable":true,"href":"https:\/\/amberhuman.lt\/en\/wp-json\/wp\/v2\/product_cat?post=4328"},{"taxonomy":"product_tag","embeddable":true,"href":"https:\/\/amberhuman.lt\/en\/wp-json\/wp\/v2\/product_tag?post=4328"}],"curies":[{"name":"wp","href":"https:\/\/api.w.org\/{rel}","templated":true}]}}