{"id":4054,"date":"2022-06-11T15:30:37","date_gmt":"2022-06-11T15:30:37","guid":{"rendered":"https:\/\/amberhuman.lt\/?post_type=product&#038;p=4054"},"modified":"2024-07-23T13:51:35","modified_gmt":"2024-07-23T13:51:35","slug":"geltono-gintaro-pakabukas-masinai-aplink-pasauli","status":"publish","type":"product","link":"https:\/\/amberhuman.lt\/en\/product\/geltono-gintaro-pakabukas-masinai-aplink-pasauli\/","title":{"rendered":"Yellow amber pendant for the car &quot;Around the World&quot;"},"content":{"rendered":"<p>Yellow Amber Car Charm &quot;Around the World&quot; that is suitable for everyone. It is a protective talisman and car accessory.<\/p>\n<p>Length: ~18 cm<\/p>","protected":false},"excerpt":{"rendered":"<p>Yellow Amber Car Charm &quot;Around the World&quot; that is suitable for everyone. It is a protective talisman and car accessory.<\/p>","protected":false},"featured_media":4055,"template":"","meta":[],"product_brand":[],"product_cat":[326,327,159,157,292,162],"product_tag":[],"class_list":{"0":"post-4054","1":"product","2":"type-product","3":"status-publish","4":"has-post-thumbnail","6":"product_cat-aksesuarai-automobiliui","7":"product_cat-aksesuarai-automobiliui-vyrams","8":"product_cat-moterims","9":"product_cat-gintaro-papuosalai-suaugusiems","10":"product_cat-suvenyrai","11":"product_cat-vyrams","13":"first","14":"instock","15":"taxable","16":"shipping-taxable","17":"purchasable","18":"product-type-simple"},"yoast_head":"<!-- This site is optimized with the Yoast SEO plugin v27.4 - https:\/\/yoast.com\/product\/yoast-seo-wordpress\/ -->\n<title>Geltono gintaro pakabukas ma\u0161inai &quot;Aplink pasaul\u012f&quot; - AmberHuman<\/title>\n<meta name=\"robots\" content=\"index, follow, max-snippet:-1, max-image-preview:large, max-video-preview:-1\" \/>\n<link rel=\"canonical\" href=\"https:\/\/amberhuman.lt\/en\/product\/geltono-gintaro-pakabukas-masinai-aplink-pasauli\/\" \/>\n<meta property=\"og:locale\" content=\"en_GB\" \/>\n<meta property=\"og:type\" content=\"article\" \/>\n<meta property=\"og:title\" content=\"Geltono gintaro pakabukas ma\u0161inai &quot;Aplink pasaul\u012f&quot; - AmberHuman\" \/>\n<meta property=\"og:description\" content=\"Geltonos spalvos Gintarinis pakabukas ma\u0161inai &quot;Aplink pasaul\u012f&quot;, kuris tinka kiekvienam. Tai apsaugos talismanas ir aksesuaras ma\u0161inai.\" \/>\n<meta property=\"og:url\" content=\"https:\/\/amberhuman.lt\/en\/product\/geltono-gintaro-pakabukas-masinai-aplink-pasauli\/\" \/>\n<meta property=\"og:site_name\" content=\"AmberHuman\" \/>\n<meta property=\"article:modified_time\" content=\"2024-07-23T13:51:35+00:00\" \/>\n<meta property=\"og:image\" content=\"https:\/\/amberhuman.lt\/wp-content\/uploads\/2022\/06\/IMG_5761.CR2_-scaled.jpg\" \/>\n\t<meta property=\"og:image:width\" content=\"2516\" \/>\n\t<meta property=\"og:image:height\" content=\"2560\" \/>\n\t<meta property=\"og:image:type\" content=\"image\/jpeg\" \/>\n<meta name=\"twitter:card\" content=\"summary_large_image\" \/>\n<script type=\"application\/ld+json\" class=\"yoast-schema-graph\">{\"@context\":\"https:\\\/\\\/schema.org\",\"@graph\":[{\"@type\":\"WebPage\",\"@id\":\"https:\\\/\\\/amberhuman.lt\\\/product\\\/geltono-gintaro-pakabukas-masinai-aplink-pasauli\\\/\",\"url\":\"https:\\\/\\\/amberhuman.lt\\\/product\\\/geltono-gintaro-pakabukas-masinai-aplink-pasauli\\\/\",\"name\":\"Geltono gintaro pakabukas ma\u0161inai \\\"Aplink pasaul\u012f\\\" - AmberHuman\",\"isPartOf\":{\"@id\":\"https:\\\/\\\/amberhuman.lt\\\/#website\"},\"primaryImageOfPage\":{\"@id\":\"https:\\\/\\\/amberhuman.lt\\\/product\\\/geltono-gintaro-pakabukas-masinai-aplink-pasauli\\\/#primaryimage\"},\"image\":{\"@id\":\"https:\\\/\\\/amberhuman.lt\\\/product\\\/geltono-gintaro-pakabukas-masinai-aplink-pasauli\\\/#primaryimage\"},\"thumbnailUrl\":\"https:\\\/\\\/amberhuman.lt\\\/wp-content\\\/uploads\\\/2022\\\/06\\\/IMG_5761.CR2_-scaled.jpg\",\"datePublished\":\"2022-06-11T15:30:37+00:00\",\"dateModified\":\"2024-07-23T13:51:35+00:00\",\"breadcrumb\":{\"@id\":\"https:\\\/\\\/amberhuman.lt\\\/product\\\/geltono-gintaro-pakabukas-masinai-aplink-pasauli\\\/#breadcrumb\"},\"inLanguage\":\"en-GB\",\"potentialAction\":[{\"@type\":\"ReadAction\",\"target\":[\"https:\\\/\\\/amberhuman.lt\\\/product\\\/geltono-gintaro-pakabukas-masinai-aplink-pasauli\\\/\"]}]},{\"@type\":\"ImageObject\",\"inLanguage\":\"en-GB\",\"@id\":\"https:\\\/\\\/amberhuman.lt\\\/product\\\/geltono-gintaro-pakabukas-masinai-aplink-pasauli\\\/#primaryimage\",\"url\":\"https:\\\/\\\/amberhuman.lt\\\/wp-content\\\/uploads\\\/2022\\\/06\\\/IMG_5761.CR2_-scaled.jpg\",\"contentUrl\":\"https:\\\/\\\/amberhuman.lt\\\/wp-content\\\/uploads\\\/2022\\\/06\\\/IMG_5761.CR2_-scaled.jpg\",\"width\":2516,\"height\":2560,\"caption\":\"Geltono gintaro pakabukas ma\u0161inai \\\"Aplink pasaul\u012f\\\"\"},{\"@type\":\"BreadcrumbList\",\"@id\":\"https:\\\/\\\/amberhuman.lt\\\/product\\\/geltono-gintaro-pakabukas-masinai-aplink-pasauli\\\/#breadcrumb\",\"itemListElement\":[{\"@type\":\"ListItem\",\"position\":1,\"name\":\"Home\",\"item\":\"https:\\\/\\\/amberhuman.lt\\\/\"},{\"@type\":\"ListItem\",\"position\":2,\"name\":\"Parduotuv\u0117\",\"item\":\"https:\\\/\\\/amberhuman.lt\\\/parduotuve\\\/\"},{\"@type\":\"ListItem\",\"position\":3,\"name\":\"Geltono gintaro pakabukas ma\u0161inai &#8222;Aplink pasaul\u012f&#8221;\"}]},{\"@type\":\"WebSite\",\"@id\":\"https:\\\/\\\/amberhuman.lt\\\/#website\",\"url\":\"https:\\\/\\\/amberhuman.lt\\\/\",\"name\":\"amberhuman.lt\",\"description\":\"\",\"publisher\":{\"@id\":\"https:\\\/\\\/amberhuman.lt\\\/#organization\"},\"potentialAction\":[{\"@type\":\"SearchAction\",\"target\":{\"@type\":\"EntryPoint\",\"urlTemplate\":\"https:\\\/\\\/amberhuman.lt\\\/?s={search_term_string}\"},\"query-input\":{\"@type\":\"PropertyValueSpecification\",\"valueRequired\":true,\"valueName\":\"search_term_string\"}}],\"inLanguage\":\"en-GB\"},{\"@type\":\"Organization\",\"@id\":\"https:\\\/\\\/amberhuman.lt\\\/#organization\",\"name\":\"AmberHuman\",\"url\":\"https:\\\/\\\/amberhuman.lt\\\/\",\"logo\":{\"@type\":\"ImageObject\",\"inLanguage\":\"en-GB\",\"@id\":\"https:\\\/\\\/amberhuman.lt\\\/#\\\/schema\\\/logo\\\/image\\\/\",\"url\":\"https:\\\/\\\/amberhuman.lt\\\/wp-content\\\/uploads\\\/2021\\\/03\\\/logo2.png\",\"contentUrl\":\"https:\\\/\\\/amberhuman.lt\\\/wp-content\\\/uploads\\\/2021\\\/03\\\/logo2.png\",\"width\":300,\"height\":70,\"caption\":\"AmberHuman\"},\"image\":{\"@id\":\"https:\\\/\\\/amberhuman.lt\\\/#\\\/schema\\\/logo\\\/image\\\/\"}}]}<\/script>\n<!-- \/ Yoast SEO plugin. -->","yoast_head_json":{"title":"Geltono gintaro pakabukas ma\u0161inai \"Aplink pasaul\u012f\" - AmberHuman","robots":{"index":"index","follow":"follow","max-snippet":"max-snippet:-1","max-image-preview":"max-image-preview:large","max-video-preview":"max-video-preview:-1"},"canonical":"https:\/\/amberhuman.lt\/en\/product\/geltono-gintaro-pakabukas-masinai-aplink-pasauli\/","og_locale":"en_GB","og_type":"article","og_title":"Geltono gintaro pakabukas ma\u0161inai \"Aplink pasaul\u012f\" - AmberHuman","og_description":"Geltonos spalvos Gintarinis pakabukas ma\u0161inai \"Aplink pasaul\u012f\", kuris tinka kiekvienam. Tai apsaugos talismanas ir aksesuaras ma\u0161inai.","og_url":"https:\/\/amberhuman.lt\/en\/product\/geltono-gintaro-pakabukas-masinai-aplink-pasauli\/","og_site_name":"AmberHuman","article_modified_time":"2024-07-23T13:51:35+00:00","og_image":[{"width":2516,"height":2560,"url":"https:\/\/amberhuman.lt\/wp-content\/uploads\/2022\/06\/IMG_5761.CR2_-scaled.jpg","type":"image\/jpeg"}],"twitter_card":"summary_large_image","schema":{"@context":"https:\/\/schema.org","@graph":[{"@type":"WebPage","@id":"https:\/\/amberhuman.lt\/product\/geltono-gintaro-pakabukas-masinai-aplink-pasauli\/","url":"https:\/\/amberhuman.lt\/product\/geltono-gintaro-pakabukas-masinai-aplink-pasauli\/","name":"Geltono gintaro pakabukas ma\u0161inai \"Aplink pasaul\u012f\" - AmberHuman","isPartOf":{"@id":"https:\/\/amberhuman.lt\/#website"},"primaryImageOfPage":{"@id":"https:\/\/amberhuman.lt\/product\/geltono-gintaro-pakabukas-masinai-aplink-pasauli\/#primaryimage"},"image":{"@id":"https:\/\/amberhuman.lt\/product\/geltono-gintaro-pakabukas-masinai-aplink-pasauli\/#primaryimage"},"thumbnailUrl":"https:\/\/amberhuman.lt\/wp-content\/uploads\/2022\/06\/IMG_5761.CR2_-scaled.jpg","datePublished":"2022-06-11T15:30:37+00:00","dateModified":"2024-07-23T13:51:35+00:00","breadcrumb":{"@id":"https:\/\/amberhuman.lt\/product\/geltono-gintaro-pakabukas-masinai-aplink-pasauli\/#breadcrumb"},"inLanguage":"en-GB","potentialAction":[{"@type":"ReadAction","target":["https:\/\/amberhuman.lt\/product\/geltono-gintaro-pakabukas-masinai-aplink-pasauli\/"]}]},{"@type":"ImageObject","inLanguage":"en-GB","@id":"https:\/\/amberhuman.lt\/product\/geltono-gintaro-pakabukas-masinai-aplink-pasauli\/#primaryimage","url":"https:\/\/amberhuman.lt\/wp-content\/uploads\/2022\/06\/IMG_5761.CR2_-scaled.jpg","contentUrl":"https:\/\/amberhuman.lt\/wp-content\/uploads\/2022\/06\/IMG_5761.CR2_-scaled.jpg","width":2516,"height":2560,"caption":"Geltono gintaro pakabukas ma\u0161inai \"Aplink pasaul\u012f\""},{"@type":"BreadcrumbList","@id":"https:\/\/amberhuman.lt\/product\/geltono-gintaro-pakabukas-masinai-aplink-pasauli\/#breadcrumb","itemListElement":[{"@type":"ListItem","position":1,"name":"Home","item":"https:\/\/amberhuman.lt\/"},{"@type":"ListItem","position":2,"name":"Parduotuv\u0117","item":"https:\/\/amberhuman.lt\/parduotuve\/"},{"@type":"ListItem","position":3,"name":"Geltono gintaro pakabukas ma\u0161inai &#8222;Aplink pasaul\u012f&#8221;"}]},{"@type":"WebSite","@id":"https:\/\/amberhuman.lt\/#website","url":"https:\/\/amberhuman.lt\/","name":"amberhuman.lt","description":"","publisher":{"@id":"https:\/\/amberhuman.lt\/#organization"},"potentialAction":[{"@type":"SearchAction","target":{"@type":"EntryPoint","urlTemplate":"https:\/\/amberhuman.lt\/?s={search_term_string}"},"query-input":{"@type":"PropertyValueSpecification","valueRequired":true,"valueName":"search_term_string"}}],"inLanguage":"en-GB"},{"@type":"Organization","@id":"https:\/\/amberhuman.lt\/#organization","name":"AmberHuman","url":"https:\/\/amberhuman.lt\/","logo":{"@type":"ImageObject","inLanguage":"en-GB","@id":"https:\/\/amberhuman.lt\/#\/schema\/logo\/image\/","url":"https:\/\/amberhuman.lt\/wp-content\/uploads\/2021\/03\/logo2.png","contentUrl":"https:\/\/amberhuman.lt\/wp-content\/uploads\/2021\/03\/logo2.png","width":300,"height":70,"caption":"AmberHuman"},"image":{"@id":"https:\/\/amberhuman.lt\/#\/schema\/logo\/image\/"}}]}},"_links":{"self":[{"href":"https:\/\/amberhuman.lt\/en\/wp-json\/wp\/v2\/product\/4054","targetHints":{"allow":["GET"]}}],"collection":[{"href":"https:\/\/amberhuman.lt\/en\/wp-json\/wp\/v2\/product"}],"about":[{"href":"https:\/\/amberhuman.lt\/en\/wp-json\/wp\/v2\/types\/product"}],"wp:featuredmedia":[{"embeddable":true,"href":"https:\/\/amberhuman.lt\/en\/wp-json\/wp\/v2\/media\/4055"}],"wp:attachment":[{"href":"https:\/\/amberhuman.lt\/en\/wp-json\/wp\/v2\/media?parent=4054"}],"wp:term":[{"taxonomy":"product_brand","embeddable":true,"href":"https:\/\/amberhuman.lt\/en\/wp-json\/wp\/v2\/product_brand?post=4054"},{"taxonomy":"product_cat","embeddable":true,"href":"https:\/\/amberhuman.lt\/en\/wp-json\/wp\/v2\/product_cat?post=4054"},{"taxonomy":"product_tag","embeddable":true,"href":"https:\/\/amberhuman.lt\/en\/wp-json\/wp\/v2\/product_tag?post=4054"}],"curies":[{"name":"wp","href":"https:\/\/api.w.org\/{rel}","templated":true}]}}