{"id":3474,"date":"2021-03-15T15:02:45","date_gmt":"2021-03-15T15:02:46","guid":{"rendered":"https:\/\/amberhuman.lt\/?post_type=product&#038;p=3474"},"modified":"2021-03-15T17:36:56","modified_gmt":"2021-03-15T17:36:56","slug":"gintarinis-pakabukas-sirdele-4","status":"publish","type":"product","link":"https:\/\/amberhuman.lt\/en\/product\/gintarinis-pakabukas-sirdele-4\/","title":{"rendered":"Amber pendant &quot;Heart&quot;"},"content":{"rendered":"","protected":false},"excerpt":{"rendered":"<p>Natural Baltic amber, heart-shaped pendant. The appearance of the product may differ slightly from the one shown in the photo.<\/p>","protected":false},"featured_media":3476,"template":"","meta":[],"product_brand":[],"product_cat":[159,170,157],"product_tag":[278],"class_list":{"0":"post-3474","1":"product","2":"type-product","3":"status-publish","4":"has-post-thumbnail","6":"product_cat-moterims","7":"product_cat-pakabukai","8":"product_cat-gintaro-papuosalai-suaugusiems","9":"product_tag-sirdeles","10":"pa_spalva-citrinos","12":"first","13":"instock","14":"taxable","15":"shipping-taxable","16":"purchasable","17":"product-type-simple"},"yoast_head":"<!-- This site is optimized with the Yoast SEO plugin v27.4 - https:\/\/yoast.com\/product\/yoast-seo-wordpress\/ -->\n<title>Gintarinis pakabukas &quot;\u0160irdel\u0117&quot; - AmberHuman<\/title>\n<meta name=\"robots\" content=\"index, follow, max-snippet:-1, max-image-preview:large, max-video-preview:-1\" \/>\n<link rel=\"canonical\" href=\"https:\/\/amberhuman.lt\/en\/product\/gintarinis-pakabukas-sirdele-4\/\" \/>\n<meta property=\"og:locale\" content=\"en_GB\" \/>\n<meta property=\"og:type\" content=\"article\" \/>\n<meta property=\"og:title\" content=\"Gintarinis pakabukas &quot;\u0160irdel\u0117&quot; - AmberHuman\" \/>\n<meta property=\"og:description\" content=\"Nat\u016bralaus Baltijos gintaro, \u0161irdel\u0117s formos pakabukas. Gaminio i\u0161vaizda gali \u0161iek tiek skirtis nuo pavaizduoto nuotraukoje.\" \/>\n<meta property=\"og:url\" content=\"https:\/\/amberhuman.lt\/en\/product\/gintarinis-pakabukas-sirdele-4\/\" \/>\n<meta property=\"og:site_name\" content=\"AmberHuman\" \/>\n<meta property=\"article:modified_time\" content=\"2021-03-15T17:36:56+00:00\" \/>\n<meta property=\"og:image\" content=\"https:\/\/amberhuman.lt\/wp-content\/uploads\/2021\/03\/heart-1.jpg\" \/>\n\t<meta property=\"og:image:width\" content=\"1800\" \/>\n\t<meta property=\"og:image:height\" content=\"1800\" \/>\n\t<meta property=\"og:image:type\" content=\"image\/jpeg\" \/>\n<meta name=\"twitter:card\" content=\"summary_large_image\" \/>\n<script type=\"application\/ld+json\" class=\"yoast-schema-graph\">{\"@context\":\"https:\\\/\\\/schema.org\",\"@graph\":[{\"@type\":\"WebPage\",\"@id\":\"https:\\\/\\\/amberhuman.lt\\\/product\\\/gintarinis-pakabukas-sirdele-4\\\/\",\"url\":\"https:\\\/\\\/amberhuman.lt\\\/product\\\/gintarinis-pakabukas-sirdele-4\\\/\",\"name\":\"Gintarinis pakabukas \\\"\u0160irdel\u0117\\\" - AmberHuman\",\"isPartOf\":{\"@id\":\"https:\\\/\\\/amberhuman.lt\\\/#website\"},\"primaryImageOfPage\":{\"@id\":\"https:\\\/\\\/amberhuman.lt\\\/product\\\/gintarinis-pakabukas-sirdele-4\\\/#primaryimage\"},\"image\":{\"@id\":\"https:\\\/\\\/amberhuman.lt\\\/product\\\/gintarinis-pakabukas-sirdele-4\\\/#primaryimage\"},\"thumbnailUrl\":\"https:\\\/\\\/amberhuman.lt\\\/wp-content\\\/uploads\\\/2021\\\/03\\\/heart-1.jpg\",\"datePublished\":\"2021-03-15T15:02:46+00:00\",\"dateModified\":\"2021-03-15T17:36:56+00:00\",\"breadcrumb\":{\"@id\":\"https:\\\/\\\/amberhuman.lt\\\/product\\\/gintarinis-pakabukas-sirdele-4\\\/#breadcrumb\"},\"inLanguage\":\"en-GB\",\"potentialAction\":[{\"@type\":\"ReadAction\",\"target\":[\"https:\\\/\\\/amberhuman.lt\\\/product\\\/gintarinis-pakabukas-sirdele-4\\\/\"]}]},{\"@type\":\"ImageObject\",\"inLanguage\":\"en-GB\",\"@id\":\"https:\\\/\\\/amberhuman.lt\\\/product\\\/gintarinis-pakabukas-sirdele-4\\\/#primaryimage\",\"url\":\"https:\\\/\\\/amberhuman.lt\\\/wp-content\\\/uploads\\\/2021\\\/03\\\/heart-1.jpg\",\"contentUrl\":\"https:\\\/\\\/amberhuman.lt\\\/wp-content\\\/uploads\\\/2021\\\/03\\\/heart-1.jpg\",\"width\":1800,\"height\":1800,\"caption\":\"Gintarinis pakabukas \\\"\u0160irdel\u0117\\\"\"},{\"@type\":\"BreadcrumbList\",\"@id\":\"https:\\\/\\\/amberhuman.lt\\\/product\\\/gintarinis-pakabukas-sirdele-4\\\/#breadcrumb\",\"itemListElement\":[{\"@type\":\"ListItem\",\"position\":1,\"name\":\"Home\",\"item\":\"https:\\\/\\\/amberhuman.lt\\\/\"},{\"@type\":\"ListItem\",\"position\":2,\"name\":\"Parduotuv\u0117\",\"item\":\"https:\\\/\\\/amberhuman.lt\\\/parduotuve\\\/\"},{\"@type\":\"ListItem\",\"position\":3,\"name\":\"Gintarinis pakabukas &#8222;\u0160irdel\u0117&#8221;\"}]},{\"@type\":\"WebSite\",\"@id\":\"https:\\\/\\\/amberhuman.lt\\\/#website\",\"url\":\"https:\\\/\\\/amberhuman.lt\\\/\",\"name\":\"amberhuman.lt\",\"description\":\"\",\"publisher\":{\"@id\":\"https:\\\/\\\/amberhuman.lt\\\/#organization\"},\"potentialAction\":[{\"@type\":\"SearchAction\",\"target\":{\"@type\":\"EntryPoint\",\"urlTemplate\":\"https:\\\/\\\/amberhuman.lt\\\/?s={search_term_string}\"},\"query-input\":{\"@type\":\"PropertyValueSpecification\",\"valueRequired\":true,\"valueName\":\"search_term_string\"}}],\"inLanguage\":\"en-GB\"},{\"@type\":\"Organization\",\"@id\":\"https:\\\/\\\/amberhuman.lt\\\/#organization\",\"name\":\"AmberHuman\",\"url\":\"https:\\\/\\\/amberhuman.lt\\\/\",\"logo\":{\"@type\":\"ImageObject\",\"inLanguage\":\"en-GB\",\"@id\":\"https:\\\/\\\/amberhuman.lt\\\/#\\\/schema\\\/logo\\\/image\\\/\",\"url\":\"https:\\\/\\\/amberhuman.lt\\\/wp-content\\\/uploads\\\/2021\\\/03\\\/logo2.png\",\"contentUrl\":\"https:\\\/\\\/amberhuman.lt\\\/wp-content\\\/uploads\\\/2021\\\/03\\\/logo2.png\",\"width\":300,\"height\":70,\"caption\":\"AmberHuman\"},\"image\":{\"@id\":\"https:\\\/\\\/amberhuman.lt\\\/#\\\/schema\\\/logo\\\/image\\\/\"}}]}<\/script>\n<!-- \/ Yoast SEO plugin. -->","yoast_head_json":{"title":"Gintarinis pakabukas \"\u0160irdel\u0117\" - AmberHuman","robots":{"index":"index","follow":"follow","max-snippet":"max-snippet:-1","max-image-preview":"max-image-preview:large","max-video-preview":"max-video-preview:-1"},"canonical":"https:\/\/amberhuman.lt\/en\/product\/gintarinis-pakabukas-sirdele-4\/","og_locale":"en_GB","og_type":"article","og_title":"Gintarinis pakabukas \"\u0160irdel\u0117\" - AmberHuman","og_description":"Nat\u016bralaus Baltijos gintaro, \u0161irdel\u0117s formos pakabukas. Gaminio i\u0161vaizda gali \u0161iek tiek skirtis nuo pavaizduoto nuotraukoje.","og_url":"https:\/\/amberhuman.lt\/en\/product\/gintarinis-pakabukas-sirdele-4\/","og_site_name":"AmberHuman","article_modified_time":"2021-03-15T17:36:56+00:00","og_image":[{"width":1800,"height":1800,"url":"https:\/\/amberhuman.lt\/wp-content\/uploads\/2021\/03\/heart-1.jpg","type":"image\/jpeg"}],"twitter_card":"summary_large_image","schema":{"@context":"https:\/\/schema.org","@graph":[{"@type":"WebPage","@id":"https:\/\/amberhuman.lt\/product\/gintarinis-pakabukas-sirdele-4\/","url":"https:\/\/amberhuman.lt\/product\/gintarinis-pakabukas-sirdele-4\/","name":"Gintarinis pakabukas \"\u0160irdel\u0117\" - AmberHuman","isPartOf":{"@id":"https:\/\/amberhuman.lt\/#website"},"primaryImageOfPage":{"@id":"https:\/\/amberhuman.lt\/product\/gintarinis-pakabukas-sirdele-4\/#primaryimage"},"image":{"@id":"https:\/\/amberhuman.lt\/product\/gintarinis-pakabukas-sirdele-4\/#primaryimage"},"thumbnailUrl":"https:\/\/amberhuman.lt\/wp-content\/uploads\/2021\/03\/heart-1.jpg","datePublished":"2021-03-15T15:02:46+00:00","dateModified":"2021-03-15T17:36:56+00:00","breadcrumb":{"@id":"https:\/\/amberhuman.lt\/product\/gintarinis-pakabukas-sirdele-4\/#breadcrumb"},"inLanguage":"en-GB","potentialAction":[{"@type":"ReadAction","target":["https:\/\/amberhuman.lt\/product\/gintarinis-pakabukas-sirdele-4\/"]}]},{"@type":"ImageObject","inLanguage":"en-GB","@id":"https:\/\/amberhuman.lt\/product\/gintarinis-pakabukas-sirdele-4\/#primaryimage","url":"https:\/\/amberhuman.lt\/wp-content\/uploads\/2021\/03\/heart-1.jpg","contentUrl":"https:\/\/amberhuman.lt\/wp-content\/uploads\/2021\/03\/heart-1.jpg","width":1800,"height":1800,"caption":"Gintarinis pakabukas \"\u0160irdel\u0117\""},{"@type":"BreadcrumbList","@id":"https:\/\/amberhuman.lt\/product\/gintarinis-pakabukas-sirdele-4\/#breadcrumb","itemListElement":[{"@type":"ListItem","position":1,"name":"Home","item":"https:\/\/amberhuman.lt\/"},{"@type":"ListItem","position":2,"name":"Parduotuv\u0117","item":"https:\/\/amberhuman.lt\/parduotuve\/"},{"@type":"ListItem","position":3,"name":"Gintarinis pakabukas &#8222;\u0160irdel\u0117&#8221;"}]},{"@type":"WebSite","@id":"https:\/\/amberhuman.lt\/#website","url":"https:\/\/amberhuman.lt\/","name":"amberhuman.lt","description":"","publisher":{"@id":"https:\/\/amberhuman.lt\/#organization"},"potentialAction":[{"@type":"SearchAction","target":{"@type":"EntryPoint","urlTemplate":"https:\/\/amberhuman.lt\/?s={search_term_string}"},"query-input":{"@type":"PropertyValueSpecification","valueRequired":true,"valueName":"search_term_string"}}],"inLanguage":"en-GB"},{"@type":"Organization","@id":"https:\/\/amberhuman.lt\/#organization","name":"AmberHuman","url":"https:\/\/amberhuman.lt\/","logo":{"@type":"ImageObject","inLanguage":"en-GB","@id":"https:\/\/amberhuman.lt\/#\/schema\/logo\/image\/","url":"https:\/\/amberhuman.lt\/wp-content\/uploads\/2021\/03\/logo2.png","contentUrl":"https:\/\/amberhuman.lt\/wp-content\/uploads\/2021\/03\/logo2.png","width":300,"height":70,"caption":"AmberHuman"},"image":{"@id":"https:\/\/amberhuman.lt\/#\/schema\/logo\/image\/"}}]}},"_links":{"self":[{"href":"https:\/\/amberhuman.lt\/en\/wp-json\/wp\/v2\/product\/3474","targetHints":{"allow":["GET"]}}],"collection":[{"href":"https:\/\/amberhuman.lt\/en\/wp-json\/wp\/v2\/product"}],"about":[{"href":"https:\/\/amberhuman.lt\/en\/wp-json\/wp\/v2\/types\/product"}],"wp:featuredmedia":[{"embeddable":true,"href":"https:\/\/amberhuman.lt\/en\/wp-json\/wp\/v2\/media\/3476"}],"wp:attachment":[{"href":"https:\/\/amberhuman.lt\/en\/wp-json\/wp\/v2\/media?parent=3474"}],"wp:term":[{"taxonomy":"product_brand","embeddable":true,"href":"https:\/\/amberhuman.lt\/en\/wp-json\/wp\/v2\/product_brand?post=3474"},{"taxonomy":"product_cat","embeddable":true,"href":"https:\/\/amberhuman.lt\/en\/wp-json\/wp\/v2\/product_cat?post=3474"},{"taxonomy":"product_tag","embeddable":true,"href":"https:\/\/amberhuman.lt\/en\/wp-json\/wp\/v2\/product_tag?post=3474"}],"curies":[{"name":"wp","href":"https:\/\/api.w.org\/{rel}","templated":true}]}}