{"id":2979,"date":"2021-03-02T19:43:25","date_gmt":"2021-03-02T19:43:25","guid":{"rendered":"https:\/\/amberhuman.lt\/?post_type=product&#038;p=2979"},"modified":"2024-05-08T13:39:38","modified_gmt":"2024-05-08T13:39:38","slug":"zalia-roze-gintariniai-auskarai","status":"publish","type":"product","link":"https:\/\/amberhuman.lt\/en\/product\/zalia-roze-gintariniai-auskarai\/","title":{"rendered":"&quot;Green Rose&quot; Amber Earrings"},"content":{"rendered":"","protected":false},"excerpt":{"rendered":"<p>Green, rose-shaped, natural Baltic amber earrings. Each piece of amber is unique, so the appearance of the product may differ slightly from the one shown in the photo.<\/p>","protected":false},"featured_media":2981,"template":"","meta":[],"product_brand":[],"product_cat":[207,159,157],"product_tag":[264,190],"class_list":{"0":"post-2979","1":"product","2":"type-product","3":"status-publish","4":"has-post-thumbnail","6":"product_cat-auskarai","7":"product_cat-moterims","8":"product_cat-gintaro-papuosalai-suaugusiems","9":"product_tag-uzspaudziami-lt","10":"product_tag-vineles","11":"pa_spalva-zalia","13":"first","14":"instock","15":"taxable","16":"shipping-taxable","17":"purchasable","18":"product-type-simple"},"yoast_head":"<!-- This site is optimized with the Yoast SEO plugin v27.4 - https:\/\/yoast.com\/product\/yoast-seo-wordpress\/ -->\n<title>&quot;\u017dalia Ro\u017e\u0117&quot; Gintariniai Auskarai - AmberHuman<\/title>\n<meta name=\"robots\" content=\"index, follow, max-snippet:-1, max-image-preview:large, max-video-preview:-1\" \/>\n<link rel=\"canonical\" href=\"https:\/\/amberhuman.lt\/en\/product\/zalia-roze-gintariniai-auskarai\/\" \/>\n<meta property=\"og:locale\" content=\"en_GB\" \/>\n<meta property=\"og:type\" content=\"article\" \/>\n<meta property=\"og:title\" content=\"&quot;\u017dalia Ro\u017e\u0117&quot; Gintariniai Auskarai - AmberHuman\" \/>\n<meta property=\"og:description\" content=\"\u017dalios spalvos, ro\u017e\u0117s formos, nat\u016bralaus Baltijos gintaro auskarai vinel\u0117s. Kiekvienas gintaro gabal\u0117lis yra unikalus, tod\u0117l gaminio i\u0161vaizda gali \u0161iek tiek skirtis nuo pavaizduoto nuotraukoje.\" \/>\n<meta property=\"og:url\" content=\"https:\/\/amberhuman.lt\/en\/product\/zalia-roze-gintariniai-auskarai\/\" \/>\n<meta property=\"og:site_name\" content=\"AmberHuman\" \/>\n<meta property=\"article:modified_time\" content=\"2024-05-08T13:39:38+00:00\" \/>\n<meta property=\"og:image\" content=\"https:\/\/amberhuman.lt\/wp-content\/uploads\/2021\/03\/rose-amber-earrins.jpg\" \/>\n\t<meta property=\"og:image:width\" content=\"2000\" \/>\n\t<meta property=\"og:image:height\" content=\"2000\" \/>\n\t<meta property=\"og:image:type\" content=\"image\/jpeg\" \/>\n<meta name=\"twitter:card\" content=\"summary_large_image\" \/>\n<script type=\"application\/ld+json\" class=\"yoast-schema-graph\">{\"@context\":\"https:\\\/\\\/schema.org\",\"@graph\":[{\"@type\":\"WebPage\",\"@id\":\"https:\\\/\\\/amberhuman.lt\\\/product\\\/zalia-roze-gintariniai-auskarai\\\/\",\"url\":\"https:\\\/\\\/amberhuman.lt\\\/product\\\/zalia-roze-gintariniai-auskarai\\\/\",\"name\":\"\\\"\u017dalia Ro\u017e\u0117\\\" Gintariniai Auskarai - AmberHuman\",\"isPartOf\":{\"@id\":\"https:\\\/\\\/amberhuman.lt\\\/#website\"},\"primaryImageOfPage\":{\"@id\":\"https:\\\/\\\/amberhuman.lt\\\/product\\\/zalia-roze-gintariniai-auskarai\\\/#primaryimage\"},\"image\":{\"@id\":\"https:\\\/\\\/amberhuman.lt\\\/product\\\/zalia-roze-gintariniai-auskarai\\\/#primaryimage\"},\"thumbnailUrl\":\"https:\\\/\\\/amberhuman.lt\\\/wp-content\\\/uploads\\\/2021\\\/03\\\/rose-amber-earrins.jpg\",\"datePublished\":\"2021-03-02T19:43:25+00:00\",\"dateModified\":\"2024-05-08T13:39:38+00:00\",\"breadcrumb\":{\"@id\":\"https:\\\/\\\/amberhuman.lt\\\/product\\\/zalia-roze-gintariniai-auskarai\\\/#breadcrumb\"},\"inLanguage\":\"en-GB\",\"potentialAction\":[{\"@type\":\"ReadAction\",\"target\":[\"https:\\\/\\\/amberhuman.lt\\\/product\\\/zalia-roze-gintariniai-auskarai\\\/\"]}]},{\"@type\":\"ImageObject\",\"inLanguage\":\"en-GB\",\"@id\":\"https:\\\/\\\/amberhuman.lt\\\/product\\\/zalia-roze-gintariniai-auskarai\\\/#primaryimage\",\"url\":\"https:\\\/\\\/amberhuman.lt\\\/wp-content\\\/uploads\\\/2021\\\/03\\\/rose-amber-earrins.jpg\",\"contentUrl\":\"https:\\\/\\\/amberhuman.lt\\\/wp-content\\\/uploads\\\/2021\\\/03\\\/rose-amber-earrins.jpg\",\"width\":2000,\"height\":2000,\"caption\":\"\\\"\u017dalia Ro\u017e\u0117\\\" Gintariniai Auskarai\"},{\"@type\":\"BreadcrumbList\",\"@id\":\"https:\\\/\\\/amberhuman.lt\\\/product\\\/zalia-roze-gintariniai-auskarai\\\/#breadcrumb\",\"itemListElement\":[{\"@type\":\"ListItem\",\"position\":1,\"name\":\"Home\",\"item\":\"https:\\\/\\\/amberhuman.lt\\\/\"},{\"@type\":\"ListItem\",\"position\":2,\"name\":\"Parduotuv\u0117\",\"item\":\"https:\\\/\\\/amberhuman.lt\\\/parduotuve\\\/\"},{\"@type\":\"ListItem\",\"position\":3,\"name\":\"&#8222;\u017dalia Ro\u017e\u0117&#8221; Gintariniai Auskarai\"}]},{\"@type\":\"WebSite\",\"@id\":\"https:\\\/\\\/amberhuman.lt\\\/#website\",\"url\":\"https:\\\/\\\/amberhuman.lt\\\/\",\"name\":\"amberhuman.lt\",\"description\":\"\",\"publisher\":{\"@id\":\"https:\\\/\\\/amberhuman.lt\\\/#organization\"},\"potentialAction\":[{\"@type\":\"SearchAction\",\"target\":{\"@type\":\"EntryPoint\",\"urlTemplate\":\"https:\\\/\\\/amberhuman.lt\\\/?s={search_term_string}\"},\"query-input\":{\"@type\":\"PropertyValueSpecification\",\"valueRequired\":true,\"valueName\":\"search_term_string\"}}],\"inLanguage\":\"en-GB\"},{\"@type\":\"Organization\",\"@id\":\"https:\\\/\\\/amberhuman.lt\\\/#organization\",\"name\":\"AmberHuman\",\"url\":\"https:\\\/\\\/amberhuman.lt\\\/\",\"logo\":{\"@type\":\"ImageObject\",\"inLanguage\":\"en-GB\",\"@id\":\"https:\\\/\\\/amberhuman.lt\\\/#\\\/schema\\\/logo\\\/image\\\/\",\"url\":\"https:\\\/\\\/amberhuman.lt\\\/wp-content\\\/uploads\\\/2021\\\/03\\\/logo2.png\",\"contentUrl\":\"https:\\\/\\\/amberhuman.lt\\\/wp-content\\\/uploads\\\/2021\\\/03\\\/logo2.png\",\"width\":300,\"height\":70,\"caption\":\"AmberHuman\"},\"image\":{\"@id\":\"https:\\\/\\\/amberhuman.lt\\\/#\\\/schema\\\/logo\\\/image\\\/\"}}]}<\/script>\n<!-- \/ Yoast SEO plugin. -->","yoast_head_json":{"title":"\"\u017dalia Ro\u017e\u0117\" Gintariniai Auskarai - AmberHuman","robots":{"index":"index","follow":"follow","max-snippet":"max-snippet:-1","max-image-preview":"max-image-preview:large","max-video-preview":"max-video-preview:-1"},"canonical":"https:\/\/amberhuman.lt\/en\/product\/zalia-roze-gintariniai-auskarai\/","og_locale":"en_GB","og_type":"article","og_title":"\"\u017dalia Ro\u017e\u0117\" Gintariniai Auskarai - AmberHuman","og_description":"\u017dalios spalvos, ro\u017e\u0117s formos, nat\u016bralaus Baltijos gintaro auskarai vinel\u0117s. Kiekvienas gintaro gabal\u0117lis yra unikalus, tod\u0117l gaminio i\u0161vaizda gali \u0161iek tiek skirtis nuo pavaizduoto nuotraukoje.","og_url":"https:\/\/amberhuman.lt\/en\/product\/zalia-roze-gintariniai-auskarai\/","og_site_name":"AmberHuman","article_modified_time":"2024-05-08T13:39:38+00:00","og_image":[{"width":2000,"height":2000,"url":"https:\/\/amberhuman.lt\/wp-content\/uploads\/2021\/03\/rose-amber-earrins.jpg","type":"image\/jpeg"}],"twitter_card":"summary_large_image","schema":{"@context":"https:\/\/schema.org","@graph":[{"@type":"WebPage","@id":"https:\/\/amberhuman.lt\/product\/zalia-roze-gintariniai-auskarai\/","url":"https:\/\/amberhuman.lt\/product\/zalia-roze-gintariniai-auskarai\/","name":"\"\u017dalia Ro\u017e\u0117\" Gintariniai Auskarai - AmberHuman","isPartOf":{"@id":"https:\/\/amberhuman.lt\/#website"},"primaryImageOfPage":{"@id":"https:\/\/amberhuman.lt\/product\/zalia-roze-gintariniai-auskarai\/#primaryimage"},"image":{"@id":"https:\/\/amberhuman.lt\/product\/zalia-roze-gintariniai-auskarai\/#primaryimage"},"thumbnailUrl":"https:\/\/amberhuman.lt\/wp-content\/uploads\/2021\/03\/rose-amber-earrins.jpg","datePublished":"2021-03-02T19:43:25+00:00","dateModified":"2024-05-08T13:39:38+00:00","breadcrumb":{"@id":"https:\/\/amberhuman.lt\/product\/zalia-roze-gintariniai-auskarai\/#breadcrumb"},"inLanguage":"en-GB","potentialAction":[{"@type":"ReadAction","target":["https:\/\/amberhuman.lt\/product\/zalia-roze-gintariniai-auskarai\/"]}]},{"@type":"ImageObject","inLanguage":"en-GB","@id":"https:\/\/amberhuman.lt\/product\/zalia-roze-gintariniai-auskarai\/#primaryimage","url":"https:\/\/amberhuman.lt\/wp-content\/uploads\/2021\/03\/rose-amber-earrins.jpg","contentUrl":"https:\/\/amberhuman.lt\/wp-content\/uploads\/2021\/03\/rose-amber-earrins.jpg","width":2000,"height":2000,"caption":"\"\u017dalia Ro\u017e\u0117\" Gintariniai Auskarai"},{"@type":"BreadcrumbList","@id":"https:\/\/amberhuman.lt\/product\/zalia-roze-gintariniai-auskarai\/#breadcrumb","itemListElement":[{"@type":"ListItem","position":1,"name":"Home","item":"https:\/\/amberhuman.lt\/"},{"@type":"ListItem","position":2,"name":"Parduotuv\u0117","item":"https:\/\/amberhuman.lt\/parduotuve\/"},{"@type":"ListItem","position":3,"name":"&#8222;\u017dalia Ro\u017e\u0117&#8221; Gintariniai Auskarai"}]},{"@type":"WebSite","@id":"https:\/\/amberhuman.lt\/#website","url":"https:\/\/amberhuman.lt\/","name":"amberhuman.lt","description":"","publisher":{"@id":"https:\/\/amberhuman.lt\/#organization"},"potentialAction":[{"@type":"SearchAction","target":{"@type":"EntryPoint","urlTemplate":"https:\/\/amberhuman.lt\/?s={search_term_string}"},"query-input":{"@type":"PropertyValueSpecification","valueRequired":true,"valueName":"search_term_string"}}],"inLanguage":"en-GB"},{"@type":"Organization","@id":"https:\/\/amberhuman.lt\/#organization","name":"AmberHuman","url":"https:\/\/amberhuman.lt\/","logo":{"@type":"ImageObject","inLanguage":"en-GB","@id":"https:\/\/amberhuman.lt\/#\/schema\/logo\/image\/","url":"https:\/\/amberhuman.lt\/wp-content\/uploads\/2021\/03\/logo2.png","contentUrl":"https:\/\/amberhuman.lt\/wp-content\/uploads\/2021\/03\/logo2.png","width":300,"height":70,"caption":"AmberHuman"},"image":{"@id":"https:\/\/amberhuman.lt\/#\/schema\/logo\/image\/"}}]}},"_links":{"self":[{"href":"https:\/\/amberhuman.lt\/en\/wp-json\/wp\/v2\/product\/2979","targetHints":{"allow":["GET"]}}],"collection":[{"href":"https:\/\/amberhuman.lt\/en\/wp-json\/wp\/v2\/product"}],"about":[{"href":"https:\/\/amberhuman.lt\/en\/wp-json\/wp\/v2\/types\/product"}],"wp:featuredmedia":[{"embeddable":true,"href":"https:\/\/amberhuman.lt\/en\/wp-json\/wp\/v2\/media\/2981"}],"wp:attachment":[{"href":"https:\/\/amberhuman.lt\/en\/wp-json\/wp\/v2\/media?parent=2979"}],"wp:term":[{"taxonomy":"product_brand","embeddable":true,"href":"https:\/\/amberhuman.lt\/en\/wp-json\/wp\/v2\/product_brand?post=2979"},{"taxonomy":"product_cat","embeddable":true,"href":"https:\/\/amberhuman.lt\/en\/wp-json\/wp\/v2\/product_cat?post=2979"},{"taxonomy":"product_tag","embeddable":true,"href":"https:\/\/amberhuman.lt\/en\/wp-json\/wp\/v2\/product_tag?post=2979"}],"curies":[{"name":"wp","href":"https:\/\/api.w.org\/{rel}","templated":true}]}}