{"id":2889,"date":"2021-02-27T21:38:07","date_gmt":"2021-02-27T21:38:07","guid":{"rendered":"https:\/\/amberhuman.lt\/?post_type=product&#038;p=2889"},"modified":"2021-02-27T21:47:39","modified_gmt":"2021-02-27T21:47:39","slug":"geltoni-pupeliu-formos-gintaro-auskarai","status":"publish","type":"product","link":"https:\/\/amberhuman.lt\/en\/product\/geltoni-pupeliu-formos-gintaro-auskarai\/","title":{"rendered":"Yellow, bean-shaped amber earrings"},"content":{"rendered":"","protected":false},"excerpt":{"rendered":"<p>Natural amber large bean-shaped earrings.<\/p>","protected":false},"featured_media":2895,"template":"","meta":[],"product_brand":[],"product_cat":[207,159,157],"product_tag":[191,247],"class_list":{"0":"post-2889","1":"product","2":"type-product","3":"status-publish","4":"has-post-thumbnail","6":"product_cat-auskarai","7":"product_cat-moterims","8":"product_cat-gintaro-papuosalai-suaugusiems","9":"product_tag-kabliukai","10":"product_tag-pupeliu-formos","11":"pa_spalva-geltona","13":"first","14":"instock","15":"taxable","16":"shipping-taxable","17":"purchasable","18":"product-type-simple"},"yoast_head":"<!-- This site is optimized with the Yoast SEO plugin v27.4 - https:\/\/yoast.com\/product\/yoast-seo-wordpress\/ -->\n<title>Geltoni, pupeli\u0173 formos gintaro auskarai - AmberHuman<\/title>\n<meta name=\"robots\" content=\"index, follow, max-snippet:-1, max-image-preview:large, max-video-preview:-1\" \/>\n<link rel=\"canonical\" href=\"https:\/\/amberhuman.lt\/en\/product\/geltoni-pupeliu-formos-gintaro-auskarai\/\" \/>\n<meta property=\"og:locale\" content=\"en_GB\" \/>\n<meta property=\"og:type\" content=\"article\" \/>\n<meta property=\"og:title\" content=\"Geltoni, pupeli\u0173 formos gintaro auskarai - AmberHuman\" \/>\n<meta property=\"og:description\" content=\"Nat\u016bralaus gintaro dideli\u0173 pupeli\u0173 formos auskarai.\" \/>\n<meta property=\"og:url\" content=\"https:\/\/amberhuman.lt\/en\/product\/geltoni-pupeliu-formos-gintaro-auskarai\/\" \/>\n<meta property=\"og:site_name\" content=\"AmberHuman\" \/>\n<meta property=\"article:modified_time\" content=\"2021-02-27T21:47:39+00:00\" \/>\n<meta property=\"og:image\" content=\"https:\/\/amberhuman.lt\/wp-content\/uploads\/2021\/02\/amber-earrings-2.jpg\" \/>\n\t<meta property=\"og:image:width\" content=\"1934\" \/>\n\t<meta property=\"og:image:height\" content=\"1934\" \/>\n\t<meta property=\"og:image:type\" content=\"image\/jpeg\" \/>\n<meta name=\"twitter:card\" content=\"summary_large_image\" \/>\n<script type=\"application\/ld+json\" class=\"yoast-schema-graph\">{\"@context\":\"https:\\\/\\\/schema.org\",\"@graph\":[{\"@type\":\"WebPage\",\"@id\":\"https:\\\/\\\/amberhuman.lt\\\/product\\\/geltoni-pupeliu-formos-gintaro-auskarai\\\/\",\"url\":\"https:\\\/\\\/amberhuman.lt\\\/product\\\/geltoni-pupeliu-formos-gintaro-auskarai\\\/\",\"name\":\"Geltoni, pupeli\u0173 formos gintaro auskarai - AmberHuman\",\"isPartOf\":{\"@id\":\"https:\\\/\\\/amberhuman.lt\\\/#website\"},\"primaryImageOfPage\":{\"@id\":\"https:\\\/\\\/amberhuman.lt\\\/product\\\/geltoni-pupeliu-formos-gintaro-auskarai\\\/#primaryimage\"},\"image\":{\"@id\":\"https:\\\/\\\/amberhuman.lt\\\/product\\\/geltoni-pupeliu-formos-gintaro-auskarai\\\/#primaryimage\"},\"thumbnailUrl\":\"https:\\\/\\\/amberhuman.lt\\\/wp-content\\\/uploads\\\/2021\\\/02\\\/amber-earrings-2.jpg\",\"datePublished\":\"2021-02-27T21:38:07+00:00\",\"dateModified\":\"2021-02-27T21:47:39+00:00\",\"breadcrumb\":{\"@id\":\"https:\\\/\\\/amberhuman.lt\\\/product\\\/geltoni-pupeliu-formos-gintaro-auskarai\\\/#breadcrumb\"},\"inLanguage\":\"en-GB\",\"potentialAction\":[{\"@type\":\"ReadAction\",\"target\":[\"https:\\\/\\\/amberhuman.lt\\\/product\\\/geltoni-pupeliu-formos-gintaro-auskarai\\\/\"]}]},{\"@type\":\"ImageObject\",\"inLanguage\":\"en-GB\",\"@id\":\"https:\\\/\\\/amberhuman.lt\\\/product\\\/geltoni-pupeliu-formos-gintaro-auskarai\\\/#primaryimage\",\"url\":\"https:\\\/\\\/amberhuman.lt\\\/wp-content\\\/uploads\\\/2021\\\/02\\\/amber-earrings-2.jpg\",\"contentUrl\":\"https:\\\/\\\/amberhuman.lt\\\/wp-content\\\/uploads\\\/2021\\\/02\\\/amber-earrings-2.jpg\",\"width\":1934,\"height\":1934,\"caption\":\"Geltoni, pupeli\u0173 formos gintaro auskarai\"},{\"@type\":\"BreadcrumbList\",\"@id\":\"https:\\\/\\\/amberhuman.lt\\\/product\\\/geltoni-pupeliu-formos-gintaro-auskarai\\\/#breadcrumb\",\"itemListElement\":[{\"@type\":\"ListItem\",\"position\":1,\"name\":\"Home\",\"item\":\"https:\\\/\\\/amberhuman.lt\\\/\"},{\"@type\":\"ListItem\",\"position\":2,\"name\":\"Parduotuv\u0117\",\"item\":\"https:\\\/\\\/amberhuman.lt\\\/parduotuve\\\/\"},{\"@type\":\"ListItem\",\"position\":3,\"name\":\"Geltoni, pupeli\u0173 formos gintaro auskarai\"}]},{\"@type\":\"WebSite\",\"@id\":\"https:\\\/\\\/amberhuman.lt\\\/#website\",\"url\":\"https:\\\/\\\/amberhuman.lt\\\/\",\"name\":\"amberhuman.lt\",\"description\":\"\",\"publisher\":{\"@id\":\"https:\\\/\\\/amberhuman.lt\\\/#organization\"},\"potentialAction\":[{\"@type\":\"SearchAction\",\"target\":{\"@type\":\"EntryPoint\",\"urlTemplate\":\"https:\\\/\\\/amberhuman.lt\\\/?s={search_term_string}\"},\"query-input\":{\"@type\":\"PropertyValueSpecification\",\"valueRequired\":true,\"valueName\":\"search_term_string\"}}],\"inLanguage\":\"en-GB\"},{\"@type\":\"Organization\",\"@id\":\"https:\\\/\\\/amberhuman.lt\\\/#organization\",\"name\":\"AmberHuman\",\"url\":\"https:\\\/\\\/amberhuman.lt\\\/\",\"logo\":{\"@type\":\"ImageObject\",\"inLanguage\":\"en-GB\",\"@id\":\"https:\\\/\\\/amberhuman.lt\\\/#\\\/schema\\\/logo\\\/image\\\/\",\"url\":\"https:\\\/\\\/amberhuman.lt\\\/wp-content\\\/uploads\\\/2021\\\/03\\\/logo2.png\",\"contentUrl\":\"https:\\\/\\\/amberhuman.lt\\\/wp-content\\\/uploads\\\/2021\\\/03\\\/logo2.png\",\"width\":300,\"height\":70,\"caption\":\"AmberHuman\"},\"image\":{\"@id\":\"https:\\\/\\\/amberhuman.lt\\\/#\\\/schema\\\/logo\\\/image\\\/\"}}]}<\/script>\n<!-- \/ Yoast SEO plugin. -->","yoast_head_json":{"title":"Geltoni, pupeli\u0173 formos gintaro auskarai - AmberHuman","robots":{"index":"index","follow":"follow","max-snippet":"max-snippet:-1","max-image-preview":"max-image-preview:large","max-video-preview":"max-video-preview:-1"},"canonical":"https:\/\/amberhuman.lt\/en\/product\/geltoni-pupeliu-formos-gintaro-auskarai\/","og_locale":"en_GB","og_type":"article","og_title":"Geltoni, pupeli\u0173 formos gintaro auskarai - AmberHuman","og_description":"Nat\u016bralaus gintaro dideli\u0173 pupeli\u0173 formos auskarai.","og_url":"https:\/\/amberhuman.lt\/en\/product\/geltoni-pupeliu-formos-gintaro-auskarai\/","og_site_name":"AmberHuman","article_modified_time":"2021-02-27T21:47:39+00:00","og_image":[{"width":1934,"height":1934,"url":"https:\/\/amberhuman.lt\/wp-content\/uploads\/2021\/02\/amber-earrings-2.jpg","type":"image\/jpeg"}],"twitter_card":"summary_large_image","schema":{"@context":"https:\/\/schema.org","@graph":[{"@type":"WebPage","@id":"https:\/\/amberhuman.lt\/product\/geltoni-pupeliu-formos-gintaro-auskarai\/","url":"https:\/\/amberhuman.lt\/product\/geltoni-pupeliu-formos-gintaro-auskarai\/","name":"Geltoni, pupeli\u0173 formos gintaro auskarai - AmberHuman","isPartOf":{"@id":"https:\/\/amberhuman.lt\/#website"},"primaryImageOfPage":{"@id":"https:\/\/amberhuman.lt\/product\/geltoni-pupeliu-formos-gintaro-auskarai\/#primaryimage"},"image":{"@id":"https:\/\/amberhuman.lt\/product\/geltoni-pupeliu-formos-gintaro-auskarai\/#primaryimage"},"thumbnailUrl":"https:\/\/amberhuman.lt\/wp-content\/uploads\/2021\/02\/amber-earrings-2.jpg","datePublished":"2021-02-27T21:38:07+00:00","dateModified":"2021-02-27T21:47:39+00:00","breadcrumb":{"@id":"https:\/\/amberhuman.lt\/product\/geltoni-pupeliu-formos-gintaro-auskarai\/#breadcrumb"},"inLanguage":"en-GB","potentialAction":[{"@type":"ReadAction","target":["https:\/\/amberhuman.lt\/product\/geltoni-pupeliu-formos-gintaro-auskarai\/"]}]},{"@type":"ImageObject","inLanguage":"en-GB","@id":"https:\/\/amberhuman.lt\/product\/geltoni-pupeliu-formos-gintaro-auskarai\/#primaryimage","url":"https:\/\/amberhuman.lt\/wp-content\/uploads\/2021\/02\/amber-earrings-2.jpg","contentUrl":"https:\/\/amberhuman.lt\/wp-content\/uploads\/2021\/02\/amber-earrings-2.jpg","width":1934,"height":1934,"caption":"Geltoni, pupeli\u0173 formos gintaro auskarai"},{"@type":"BreadcrumbList","@id":"https:\/\/amberhuman.lt\/product\/geltoni-pupeliu-formos-gintaro-auskarai\/#breadcrumb","itemListElement":[{"@type":"ListItem","position":1,"name":"Home","item":"https:\/\/amberhuman.lt\/"},{"@type":"ListItem","position":2,"name":"Parduotuv\u0117","item":"https:\/\/amberhuman.lt\/parduotuve\/"},{"@type":"ListItem","position":3,"name":"Geltoni, pupeli\u0173 formos gintaro auskarai"}]},{"@type":"WebSite","@id":"https:\/\/amberhuman.lt\/#website","url":"https:\/\/amberhuman.lt\/","name":"amberhuman.lt","description":"","publisher":{"@id":"https:\/\/amberhuman.lt\/#organization"},"potentialAction":[{"@type":"SearchAction","target":{"@type":"EntryPoint","urlTemplate":"https:\/\/amberhuman.lt\/?s={search_term_string}"},"query-input":{"@type":"PropertyValueSpecification","valueRequired":true,"valueName":"search_term_string"}}],"inLanguage":"en-GB"},{"@type":"Organization","@id":"https:\/\/amberhuman.lt\/#organization","name":"AmberHuman","url":"https:\/\/amberhuman.lt\/","logo":{"@type":"ImageObject","inLanguage":"en-GB","@id":"https:\/\/amberhuman.lt\/#\/schema\/logo\/image\/","url":"https:\/\/amberhuman.lt\/wp-content\/uploads\/2021\/03\/logo2.png","contentUrl":"https:\/\/amberhuman.lt\/wp-content\/uploads\/2021\/03\/logo2.png","width":300,"height":70,"caption":"AmberHuman"},"image":{"@id":"https:\/\/amberhuman.lt\/#\/schema\/logo\/image\/"}}]}},"_links":{"self":[{"href":"https:\/\/amberhuman.lt\/en\/wp-json\/wp\/v2\/product\/2889","targetHints":{"allow":["GET"]}}],"collection":[{"href":"https:\/\/amberhuman.lt\/en\/wp-json\/wp\/v2\/product"}],"about":[{"href":"https:\/\/amberhuman.lt\/en\/wp-json\/wp\/v2\/types\/product"}],"wp:featuredmedia":[{"embeddable":true,"href":"https:\/\/amberhuman.lt\/en\/wp-json\/wp\/v2\/media\/2895"}],"wp:attachment":[{"href":"https:\/\/amberhuman.lt\/en\/wp-json\/wp\/v2\/media?parent=2889"}],"wp:term":[{"taxonomy":"product_brand","embeddable":true,"href":"https:\/\/amberhuman.lt\/en\/wp-json\/wp\/v2\/product_brand?post=2889"},{"taxonomy":"product_cat","embeddable":true,"href":"https:\/\/amberhuman.lt\/en\/wp-json\/wp\/v2\/product_cat?post=2889"},{"taxonomy":"product_tag","embeddable":true,"href":"https:\/\/amberhuman.lt\/en\/wp-json\/wp\/v2\/product_tag?post=2889"}],"curies":[{"name":"wp","href":"https:\/\/api.w.org\/{rel}","templated":true}]}}