{"id":2760,"date":"2021-02-18T18:48:05","date_gmt":"2021-02-24T19:30:10","guid":{"rendered":"https:\/\/amberhuman.lt\/product\/vaikiski-gintariniai-karoliai-13\/"},"modified":"2021-02-24T19:30:11","modified_gmt":"2021-02-24T19:30:11","slug":"vaikiski-gintariniai-karoliai-13","status":"publish","type":"product","link":"https:\/\/amberhuman.lt\/en\/product\/vaikiski-gintariniai-karoliai-13\/","title":{"rendered":"Children&#039;s amber necklace"},"content":{"rendered":"","protected":false},"excerpt":{"rendered":"<p>Children&#039;s, baroque-shaped, polished-shiny, natural Baltic amber necklace.<\/p>","protected":false},"featured_media":2218,"template":"","meta":[],"product_brand":[],"product_cat":[173,175],"product_tag":[251,245],"class_list":{"0":"post-2760","1":"product","2":"type-product","3":"status-publish","4":"has-post-thumbnail","6":"product_cat-vaikiski","7":"product_cat-veriniai-vaikams","8":"product_tag-30-35cm-lt","9":"product_tag-baroko-karoliukai","11":"first","12":"instock","13":"taxable","14":"shipping-taxable","15":"purchasable","16":"product-type-simple"},"yoast_head":"<!-- This site is optimized with the Yoast SEO plugin v27.4 - https:\/\/yoast.com\/product\/yoast-seo-wordpress\/ -->\n<title>Vaiki\u0161ki gintariniai karoliai - AmberHuman<\/title>\n<meta name=\"robots\" content=\"index, follow, max-snippet:-1, max-image-preview:large, max-video-preview:-1\" \/>\n<link rel=\"canonical\" href=\"https:\/\/amberhuman.lt\/en\/product\/vaikiski-gintariniai-karoliai-13\/\" \/>\n<meta property=\"og:locale\" content=\"en_GB\" \/>\n<meta property=\"og:type\" content=\"article\" \/>\n<meta property=\"og:title\" content=\"Vaiki\u0161ki gintariniai karoliai - AmberHuman\" \/>\n<meta property=\"og:description\" content=\"Vaiki\u0161ki, baroko formos, poliruoti-blizg\u016bs, nat\u016bralaus Baltijos gintaro karoliai.\" \/>\n<meta property=\"og:url\" content=\"https:\/\/amberhuman.lt\/en\/product\/vaikiski-gintariniai-karoliai-13\/\" \/>\n<meta property=\"og:site_name\" content=\"AmberHuman\" \/>\n<meta property=\"article:modified_time\" content=\"2021-02-24T19:30:11+00:00\" \/>\n<meta property=\"og:image\" content=\"https:\/\/amberhuman.lt\/wp-content\/uploads\/2021\/02\/01-gintaro-karoliai-3.jpg\" \/>\n\t<meta property=\"og:image:width\" content=\"1400\" \/>\n\t<meta property=\"og:image:height\" content=\"1400\" \/>\n\t<meta property=\"og:image:type\" content=\"image\/jpeg\" \/>\n<meta name=\"twitter:card\" content=\"summary_large_image\" \/>\n<script type=\"application\/ld+json\" class=\"yoast-schema-graph\">{\"@context\":\"https:\\\/\\\/schema.org\",\"@graph\":[{\"@type\":\"WebPage\",\"@id\":\"https:\\\/\\\/amberhuman.lt\\\/product\\\/vaikiski-gintariniai-karoliai-13\\\/\",\"url\":\"https:\\\/\\\/amberhuman.lt\\\/product\\\/vaikiski-gintariniai-karoliai-13\\\/\",\"name\":\"Vaiki\u0161ki gintariniai karoliai - AmberHuman\",\"isPartOf\":{\"@id\":\"https:\\\/\\\/amberhuman.lt\\\/#website\"},\"primaryImageOfPage\":{\"@id\":\"https:\\\/\\\/amberhuman.lt\\\/product\\\/vaikiski-gintariniai-karoliai-13\\\/#primaryimage\"},\"image\":{\"@id\":\"https:\\\/\\\/amberhuman.lt\\\/product\\\/vaikiski-gintariniai-karoliai-13\\\/#primaryimage\"},\"thumbnailUrl\":\"https:\\\/\\\/amberhuman.lt\\\/wp-content\\\/uploads\\\/2021\\\/02\\\/01-gintaro-karoliai-3.jpg\",\"datePublished\":\"2021-02-24T19:30:10+00:00\",\"dateModified\":\"2021-02-24T19:30:11+00:00\",\"breadcrumb\":{\"@id\":\"https:\\\/\\\/amberhuman.lt\\\/product\\\/vaikiski-gintariniai-karoliai-13\\\/#breadcrumb\"},\"inLanguage\":\"en-GB\",\"potentialAction\":[{\"@type\":\"ReadAction\",\"target\":[\"https:\\\/\\\/amberhuman.lt\\\/product\\\/vaikiski-gintariniai-karoliai-13\\\/\"]}]},{\"@type\":\"ImageObject\",\"inLanguage\":\"en-GB\",\"@id\":\"https:\\\/\\\/amberhuman.lt\\\/product\\\/vaikiski-gintariniai-karoliai-13\\\/#primaryimage\",\"url\":\"https:\\\/\\\/amberhuman.lt\\\/wp-content\\\/uploads\\\/2021\\\/02\\\/01-gintaro-karoliai-3.jpg\",\"contentUrl\":\"https:\\\/\\\/amberhuman.lt\\\/wp-content\\\/uploads\\\/2021\\\/02\\\/01-gintaro-karoliai-3.jpg\",\"width\":1400,\"height\":1400,\"caption\":\"Vaiki\u0161ki gintariniai karoliai\"},{\"@type\":\"BreadcrumbList\",\"@id\":\"https:\\\/\\\/amberhuman.lt\\\/product\\\/vaikiski-gintariniai-karoliai-13\\\/#breadcrumb\",\"itemListElement\":[{\"@type\":\"ListItem\",\"position\":1,\"name\":\"Home\",\"item\":\"https:\\\/\\\/amberhuman.lt\\\/\"},{\"@type\":\"ListItem\",\"position\":2,\"name\":\"Parduotuv\u0117\",\"item\":\"https:\\\/\\\/amberhuman.lt\\\/parduotuve\\\/\"},{\"@type\":\"ListItem\",\"position\":3,\"name\":\"Vaiki\u0161ki gintariniai karoliai\"}]},{\"@type\":\"WebSite\",\"@id\":\"https:\\\/\\\/amberhuman.lt\\\/#website\",\"url\":\"https:\\\/\\\/amberhuman.lt\\\/\",\"name\":\"amberhuman.lt\",\"description\":\"\",\"publisher\":{\"@id\":\"https:\\\/\\\/amberhuman.lt\\\/#organization\"},\"potentialAction\":[{\"@type\":\"SearchAction\",\"target\":{\"@type\":\"EntryPoint\",\"urlTemplate\":\"https:\\\/\\\/amberhuman.lt\\\/?s={search_term_string}\"},\"query-input\":{\"@type\":\"PropertyValueSpecification\",\"valueRequired\":true,\"valueName\":\"search_term_string\"}}],\"inLanguage\":\"en-GB\"},{\"@type\":\"Organization\",\"@id\":\"https:\\\/\\\/amberhuman.lt\\\/#organization\",\"name\":\"AmberHuman\",\"url\":\"https:\\\/\\\/amberhuman.lt\\\/\",\"logo\":{\"@type\":\"ImageObject\",\"inLanguage\":\"en-GB\",\"@id\":\"https:\\\/\\\/amberhuman.lt\\\/#\\\/schema\\\/logo\\\/image\\\/\",\"url\":\"https:\\\/\\\/amberhuman.lt\\\/wp-content\\\/uploads\\\/2021\\\/03\\\/logo2.png\",\"contentUrl\":\"https:\\\/\\\/amberhuman.lt\\\/wp-content\\\/uploads\\\/2021\\\/03\\\/logo2.png\",\"width\":300,\"height\":70,\"caption\":\"AmberHuman\"},\"image\":{\"@id\":\"https:\\\/\\\/amberhuman.lt\\\/#\\\/schema\\\/logo\\\/image\\\/\"}}]}<\/script>\n<!-- \/ Yoast SEO plugin. -->","yoast_head_json":{"title":"Vaiki\u0161ki gintariniai karoliai - AmberHuman","robots":{"index":"index","follow":"follow","max-snippet":"max-snippet:-1","max-image-preview":"max-image-preview:large","max-video-preview":"max-video-preview:-1"},"canonical":"https:\/\/amberhuman.lt\/en\/product\/vaikiski-gintariniai-karoliai-13\/","og_locale":"en_GB","og_type":"article","og_title":"Vaiki\u0161ki gintariniai karoliai - AmberHuman","og_description":"Vaiki\u0161ki, baroko formos, poliruoti-blizg\u016bs, nat\u016bralaus Baltijos gintaro karoliai.","og_url":"https:\/\/amberhuman.lt\/en\/product\/vaikiski-gintariniai-karoliai-13\/","og_site_name":"AmberHuman","article_modified_time":"2021-02-24T19:30:11+00:00","og_image":[{"width":1400,"height":1400,"url":"https:\/\/amberhuman.lt\/wp-content\/uploads\/2021\/02\/01-gintaro-karoliai-3.jpg","type":"image\/jpeg"}],"twitter_card":"summary_large_image","schema":{"@context":"https:\/\/schema.org","@graph":[{"@type":"WebPage","@id":"https:\/\/amberhuman.lt\/product\/vaikiski-gintariniai-karoliai-13\/","url":"https:\/\/amberhuman.lt\/product\/vaikiski-gintariniai-karoliai-13\/","name":"Vaiki\u0161ki gintariniai karoliai - AmberHuman","isPartOf":{"@id":"https:\/\/amberhuman.lt\/#website"},"primaryImageOfPage":{"@id":"https:\/\/amberhuman.lt\/product\/vaikiski-gintariniai-karoliai-13\/#primaryimage"},"image":{"@id":"https:\/\/amberhuman.lt\/product\/vaikiski-gintariniai-karoliai-13\/#primaryimage"},"thumbnailUrl":"https:\/\/amberhuman.lt\/wp-content\/uploads\/2021\/02\/01-gintaro-karoliai-3.jpg","datePublished":"2021-02-24T19:30:10+00:00","dateModified":"2021-02-24T19:30:11+00:00","breadcrumb":{"@id":"https:\/\/amberhuman.lt\/product\/vaikiski-gintariniai-karoliai-13\/#breadcrumb"},"inLanguage":"en-GB","potentialAction":[{"@type":"ReadAction","target":["https:\/\/amberhuman.lt\/product\/vaikiski-gintariniai-karoliai-13\/"]}]},{"@type":"ImageObject","inLanguage":"en-GB","@id":"https:\/\/amberhuman.lt\/product\/vaikiski-gintariniai-karoliai-13\/#primaryimage","url":"https:\/\/amberhuman.lt\/wp-content\/uploads\/2021\/02\/01-gintaro-karoliai-3.jpg","contentUrl":"https:\/\/amberhuman.lt\/wp-content\/uploads\/2021\/02\/01-gintaro-karoliai-3.jpg","width":1400,"height":1400,"caption":"Vaiki\u0161ki gintariniai karoliai"},{"@type":"BreadcrumbList","@id":"https:\/\/amberhuman.lt\/product\/vaikiski-gintariniai-karoliai-13\/#breadcrumb","itemListElement":[{"@type":"ListItem","position":1,"name":"Home","item":"https:\/\/amberhuman.lt\/"},{"@type":"ListItem","position":2,"name":"Parduotuv\u0117","item":"https:\/\/amberhuman.lt\/parduotuve\/"},{"@type":"ListItem","position":3,"name":"Vaiki\u0161ki gintariniai karoliai"}]},{"@type":"WebSite","@id":"https:\/\/amberhuman.lt\/#website","url":"https:\/\/amberhuman.lt\/","name":"amberhuman.lt","description":"","publisher":{"@id":"https:\/\/amberhuman.lt\/#organization"},"potentialAction":[{"@type":"SearchAction","target":{"@type":"EntryPoint","urlTemplate":"https:\/\/amberhuman.lt\/?s={search_term_string}"},"query-input":{"@type":"PropertyValueSpecification","valueRequired":true,"valueName":"search_term_string"}}],"inLanguage":"en-GB"},{"@type":"Organization","@id":"https:\/\/amberhuman.lt\/#organization","name":"AmberHuman","url":"https:\/\/amberhuman.lt\/","logo":{"@type":"ImageObject","inLanguage":"en-GB","@id":"https:\/\/amberhuman.lt\/#\/schema\/logo\/image\/","url":"https:\/\/amberhuman.lt\/wp-content\/uploads\/2021\/03\/logo2.png","contentUrl":"https:\/\/amberhuman.lt\/wp-content\/uploads\/2021\/03\/logo2.png","width":300,"height":70,"caption":"AmberHuman"},"image":{"@id":"https:\/\/amberhuman.lt\/#\/schema\/logo\/image\/"}}]}},"_links":{"self":[{"href":"https:\/\/amberhuman.lt\/en\/wp-json\/wp\/v2\/product\/2760","targetHints":{"allow":["GET"]}}],"collection":[{"href":"https:\/\/amberhuman.lt\/en\/wp-json\/wp\/v2\/product"}],"about":[{"href":"https:\/\/amberhuman.lt\/en\/wp-json\/wp\/v2\/types\/product"}],"wp:featuredmedia":[{"embeddable":true,"href":"https:\/\/amberhuman.lt\/en\/wp-json\/wp\/v2\/media\/2218"}],"wp:attachment":[{"href":"https:\/\/amberhuman.lt\/en\/wp-json\/wp\/v2\/media?parent=2760"}],"wp:term":[{"taxonomy":"product_brand","embeddable":true,"href":"https:\/\/amberhuman.lt\/en\/wp-json\/wp\/v2\/product_brand?post=2760"},{"taxonomy":"product_cat","embeddable":true,"href":"https:\/\/amberhuman.lt\/en\/wp-json\/wp\/v2\/product_cat?post=2760"},{"taxonomy":"product_tag","embeddable":true,"href":"https:\/\/amberhuman.lt\/en\/wp-json\/wp\/v2\/product_tag?post=2760"}],"curies":[{"name":"wp","href":"https:\/\/api.w.org\/{rel}","templated":true}]}}