{"id":2651,"date":"2021-02-19T18:50:04","date_gmt":"2021-02-19T18:50:05","guid":{"rendered":"https:\/\/amberhuman.lt\/?post_type=product&#038;p=2651"},"modified":"2021-02-24T14:51:13","modified_gmt":"2021-02-24T14:51:13","slug":"gintaro-geliu-sage-arba-pakabukas-5","status":"publish","type":"product","link":"https:\/\/amberhuman.lt\/en\/product\/gintaro-geliu-sage-arba-pakabukas-5\/","title":{"rendered":"&quot;Amber Flower&quot; brooch - pendant."},"content":{"rendered":"","protected":false},"excerpt":{"rendered":"<p>Poliruota, spalvinga Baltijos gintaro grynuoli\u0173 seg\u0117 &#8211; pakabukas ir juodos odos dir\u017eelis.<\/p>","protected":false},"featured_media":2585,"template":"","meta":[],"product_brand":[],"product_cat":[159,170,166,157],"product_tag":[],"class_list":{"0":"post-2651","1":"product","2":"type-product","3":"status-publish","4":"has-post-thumbnail","6":"product_cat-moterims","7":"product_cat-pakabukai","8":"product_cat-seges-smeigtukai","9":"product_cat-gintaro-papuosalai-suaugusiems","10":"pa_spalva-daugiaspalve","12":"first","13":"instock","14":"taxable","15":"shipping-taxable","16":"purchasable","17":"product-type-variable"},"yoast_head":"<!-- This site is optimized with the Yoast SEO plugin v27.4 - https:\/\/yoast.com\/product\/yoast-seo-wordpress\/ -->\n<title>&quot;Gintarin\u0117 g\u0117l\u0117&quot; seg\u0117 - pakabukas. - AmberHuman<\/title>\n<meta name=\"robots\" content=\"index, follow, max-snippet:-1, max-image-preview:large, max-video-preview:-1\" \/>\n<link rel=\"canonical\" href=\"https:\/\/amberhuman.lt\/en\/product\/gintaro-geliu-sage-arba-pakabukas-5\/\" \/>\n<meta property=\"og:locale\" content=\"en_GB\" \/>\n<meta property=\"og:type\" content=\"article\" \/>\n<meta property=\"og:title\" content=\"&quot;Gintarin\u0117 g\u0117l\u0117&quot; seg\u0117 - pakabukas. - AmberHuman\" \/>\n<meta property=\"og:description\" content=\"Poliruota, spalvinga Baltijos gintaro grynuoli\u0173 seg\u0117 - pakabukas ir juodos odos dir\u017eelis.\" \/>\n<meta property=\"og:url\" content=\"https:\/\/amberhuman.lt\/en\/product\/gintaro-geliu-sage-arba-pakabukas-5\/\" \/>\n<meta property=\"og:site_name\" content=\"AmberHuman\" \/>\n<meta property=\"article:modified_time\" content=\"2021-02-24T14:51:13+00:00\" \/>\n<meta property=\"og:image\" content=\"https:\/\/amberhuman.lt\/wp-content\/uploads\/2021\/02\/03-gintarine-sege-1.jpg\" \/>\n\t<meta property=\"og:image:width\" content=\"2000\" \/>\n\t<meta property=\"og:image:height\" content=\"2000\" \/>\n\t<meta property=\"og:image:type\" content=\"image\/jpeg\" \/>\n<meta name=\"twitter:card\" content=\"summary_large_image\" \/>\n<script type=\"application\/ld+json\" class=\"yoast-schema-graph\">{\"@context\":\"https:\\\/\\\/schema.org\",\"@graph\":[{\"@type\":\"WebPage\",\"@id\":\"https:\\\/\\\/amberhuman.lt\\\/product\\\/gintaro-geliu-sage-arba-pakabukas-5\\\/\",\"url\":\"https:\\\/\\\/amberhuman.lt\\\/product\\\/gintaro-geliu-sage-arba-pakabukas-5\\\/\",\"name\":\"\\\"Gintarin\u0117 g\u0117l\u0117\\\" seg\u0117 - pakabukas. - AmberHuman\",\"isPartOf\":{\"@id\":\"https:\\\/\\\/amberhuman.lt\\\/#website\"},\"primaryImageOfPage\":{\"@id\":\"https:\\\/\\\/amberhuman.lt\\\/product\\\/gintaro-geliu-sage-arba-pakabukas-5\\\/#primaryimage\"},\"image\":{\"@id\":\"https:\\\/\\\/amberhuman.lt\\\/product\\\/gintaro-geliu-sage-arba-pakabukas-5\\\/#primaryimage\"},\"thumbnailUrl\":\"https:\\\/\\\/amberhuman.lt\\\/wp-content\\\/uploads\\\/2021\\\/02\\\/03-gintarine-sege-1.jpg\",\"datePublished\":\"2021-02-19T18:50:05+00:00\",\"dateModified\":\"2021-02-24T14:51:13+00:00\",\"breadcrumb\":{\"@id\":\"https:\\\/\\\/amberhuman.lt\\\/product\\\/gintaro-geliu-sage-arba-pakabukas-5\\\/#breadcrumb\"},\"inLanguage\":\"en-GB\",\"potentialAction\":[{\"@type\":\"ReadAction\",\"target\":[\"https:\\\/\\\/amberhuman.lt\\\/product\\\/gintaro-geliu-sage-arba-pakabukas-5\\\/\"]}]},{\"@type\":\"ImageObject\",\"inLanguage\":\"en-GB\",\"@id\":\"https:\\\/\\\/amberhuman.lt\\\/product\\\/gintaro-geliu-sage-arba-pakabukas-5\\\/#primaryimage\",\"url\":\"https:\\\/\\\/amberhuman.lt\\\/wp-content\\\/uploads\\\/2021\\\/02\\\/03-gintarine-sege-1.jpg\",\"contentUrl\":\"https:\\\/\\\/amberhuman.lt\\\/wp-content\\\/uploads\\\/2021\\\/02\\\/03-gintarine-sege-1.jpg\",\"width\":2000,\"height\":2000,\"caption\":\"\\\"Gintarin\u0117 g\u0117l\u0117\\\" seg\u0117 - pakabukas.\"},{\"@type\":\"BreadcrumbList\",\"@id\":\"https:\\\/\\\/amberhuman.lt\\\/product\\\/gintaro-geliu-sage-arba-pakabukas-5\\\/#breadcrumb\",\"itemListElement\":[{\"@type\":\"ListItem\",\"position\":1,\"name\":\"Home\",\"item\":\"https:\\\/\\\/amberhuman.lt\\\/\"},{\"@type\":\"ListItem\",\"position\":2,\"name\":\"Parduotuv\u0117\",\"item\":\"https:\\\/\\\/amberhuman.lt\\\/parduotuve\\\/\"},{\"@type\":\"ListItem\",\"position\":3,\"name\":\"&#8222;Gintarin\u0117 g\u0117l\u0117&#8221; seg\u0117 &#8211; pakabukas.\"}]},{\"@type\":\"WebSite\",\"@id\":\"https:\\\/\\\/amberhuman.lt\\\/#website\",\"url\":\"https:\\\/\\\/amberhuman.lt\\\/\",\"name\":\"amberhuman.lt\",\"description\":\"\",\"publisher\":{\"@id\":\"https:\\\/\\\/amberhuman.lt\\\/#organization\"},\"potentialAction\":[{\"@type\":\"SearchAction\",\"target\":{\"@type\":\"EntryPoint\",\"urlTemplate\":\"https:\\\/\\\/amberhuman.lt\\\/?s={search_term_string}\"},\"query-input\":{\"@type\":\"PropertyValueSpecification\",\"valueRequired\":true,\"valueName\":\"search_term_string\"}}],\"inLanguage\":\"en-GB\"},{\"@type\":\"Organization\",\"@id\":\"https:\\\/\\\/amberhuman.lt\\\/#organization\",\"name\":\"AmberHuman\",\"url\":\"https:\\\/\\\/amberhuman.lt\\\/\",\"logo\":{\"@type\":\"ImageObject\",\"inLanguage\":\"en-GB\",\"@id\":\"https:\\\/\\\/amberhuman.lt\\\/#\\\/schema\\\/logo\\\/image\\\/\",\"url\":\"https:\\\/\\\/amberhuman.lt\\\/wp-content\\\/uploads\\\/2021\\\/03\\\/logo2.png\",\"contentUrl\":\"https:\\\/\\\/amberhuman.lt\\\/wp-content\\\/uploads\\\/2021\\\/03\\\/logo2.png\",\"width\":300,\"height\":70,\"caption\":\"AmberHuman\"},\"image\":{\"@id\":\"https:\\\/\\\/amberhuman.lt\\\/#\\\/schema\\\/logo\\\/image\\\/\"}}]}<\/script>\n<!-- \/ Yoast SEO plugin. -->","yoast_head_json":{"title":"\"Gintarin\u0117 g\u0117l\u0117\" seg\u0117 - pakabukas. - AmberHuman","robots":{"index":"index","follow":"follow","max-snippet":"max-snippet:-1","max-image-preview":"max-image-preview:large","max-video-preview":"max-video-preview:-1"},"canonical":"https:\/\/amberhuman.lt\/en\/product\/gintaro-geliu-sage-arba-pakabukas-5\/","og_locale":"en_GB","og_type":"article","og_title":"\"Gintarin\u0117 g\u0117l\u0117\" seg\u0117 - pakabukas. - AmberHuman","og_description":"Poliruota, spalvinga Baltijos gintaro grynuoli\u0173 seg\u0117 - pakabukas ir juodos odos dir\u017eelis.","og_url":"https:\/\/amberhuman.lt\/en\/product\/gintaro-geliu-sage-arba-pakabukas-5\/","og_site_name":"AmberHuman","article_modified_time":"2021-02-24T14:51:13+00:00","og_image":[{"width":2000,"height":2000,"url":"https:\/\/amberhuman.lt\/wp-content\/uploads\/2021\/02\/03-gintarine-sege-1.jpg","type":"image\/jpeg"}],"twitter_card":"summary_large_image","schema":{"@context":"https:\/\/schema.org","@graph":[{"@type":"WebPage","@id":"https:\/\/amberhuman.lt\/product\/gintaro-geliu-sage-arba-pakabukas-5\/","url":"https:\/\/amberhuman.lt\/product\/gintaro-geliu-sage-arba-pakabukas-5\/","name":"\"Gintarin\u0117 g\u0117l\u0117\" seg\u0117 - pakabukas. - AmberHuman","isPartOf":{"@id":"https:\/\/amberhuman.lt\/#website"},"primaryImageOfPage":{"@id":"https:\/\/amberhuman.lt\/product\/gintaro-geliu-sage-arba-pakabukas-5\/#primaryimage"},"image":{"@id":"https:\/\/amberhuman.lt\/product\/gintaro-geliu-sage-arba-pakabukas-5\/#primaryimage"},"thumbnailUrl":"https:\/\/amberhuman.lt\/wp-content\/uploads\/2021\/02\/03-gintarine-sege-1.jpg","datePublished":"2021-02-19T18:50:05+00:00","dateModified":"2021-02-24T14:51:13+00:00","breadcrumb":{"@id":"https:\/\/amberhuman.lt\/product\/gintaro-geliu-sage-arba-pakabukas-5\/#breadcrumb"},"inLanguage":"en-GB","potentialAction":[{"@type":"ReadAction","target":["https:\/\/amberhuman.lt\/product\/gintaro-geliu-sage-arba-pakabukas-5\/"]}]},{"@type":"ImageObject","inLanguage":"en-GB","@id":"https:\/\/amberhuman.lt\/product\/gintaro-geliu-sage-arba-pakabukas-5\/#primaryimage","url":"https:\/\/amberhuman.lt\/wp-content\/uploads\/2021\/02\/03-gintarine-sege-1.jpg","contentUrl":"https:\/\/amberhuman.lt\/wp-content\/uploads\/2021\/02\/03-gintarine-sege-1.jpg","width":2000,"height":2000,"caption":"\"Gintarin\u0117 g\u0117l\u0117\" seg\u0117 - pakabukas."},{"@type":"BreadcrumbList","@id":"https:\/\/amberhuman.lt\/product\/gintaro-geliu-sage-arba-pakabukas-5\/#breadcrumb","itemListElement":[{"@type":"ListItem","position":1,"name":"Home","item":"https:\/\/amberhuman.lt\/"},{"@type":"ListItem","position":2,"name":"Parduotuv\u0117","item":"https:\/\/amberhuman.lt\/parduotuve\/"},{"@type":"ListItem","position":3,"name":"&#8222;Gintarin\u0117 g\u0117l\u0117&#8221; seg\u0117 &#8211; pakabukas."}]},{"@type":"WebSite","@id":"https:\/\/amberhuman.lt\/#website","url":"https:\/\/amberhuman.lt\/","name":"amberhuman.lt","description":"","publisher":{"@id":"https:\/\/amberhuman.lt\/#organization"},"potentialAction":[{"@type":"SearchAction","target":{"@type":"EntryPoint","urlTemplate":"https:\/\/amberhuman.lt\/?s={search_term_string}"},"query-input":{"@type":"PropertyValueSpecification","valueRequired":true,"valueName":"search_term_string"}}],"inLanguage":"en-GB"},{"@type":"Organization","@id":"https:\/\/amberhuman.lt\/#organization","name":"AmberHuman","url":"https:\/\/amberhuman.lt\/","logo":{"@type":"ImageObject","inLanguage":"en-GB","@id":"https:\/\/amberhuman.lt\/#\/schema\/logo\/image\/","url":"https:\/\/amberhuman.lt\/wp-content\/uploads\/2021\/03\/logo2.png","contentUrl":"https:\/\/amberhuman.lt\/wp-content\/uploads\/2021\/03\/logo2.png","width":300,"height":70,"caption":"AmberHuman"},"image":{"@id":"https:\/\/amberhuman.lt\/#\/schema\/logo\/image\/"}}]}},"_links":{"self":[{"href":"https:\/\/amberhuman.lt\/en\/wp-json\/wp\/v2\/product\/2651","targetHints":{"allow":["GET"]}}],"collection":[{"href":"https:\/\/amberhuman.lt\/en\/wp-json\/wp\/v2\/product"}],"about":[{"href":"https:\/\/amberhuman.lt\/en\/wp-json\/wp\/v2\/types\/product"}],"wp:featuredmedia":[{"embeddable":true,"href":"https:\/\/amberhuman.lt\/en\/wp-json\/wp\/v2\/media\/2585"}],"wp:attachment":[{"href":"https:\/\/amberhuman.lt\/en\/wp-json\/wp\/v2\/media?parent=2651"}],"wp:term":[{"taxonomy":"product_brand","embeddable":true,"href":"https:\/\/amberhuman.lt\/en\/wp-json\/wp\/v2\/product_brand?post=2651"},{"taxonomy":"product_cat","embeddable":true,"href":"https:\/\/amberhuman.lt\/en\/wp-json\/wp\/v2\/product_cat?post=2651"},{"taxonomy":"product_tag","embeddable":true,"href":"https:\/\/amberhuman.lt\/en\/wp-json\/wp\/v2\/product_tag?post=2651"}],"curies":[{"name":"wp","href":"https:\/\/api.w.org\/{rel}","templated":true}]}}