{"id":3203,"date":"2021-03-04T19:12:38","date_gmt":"2021-03-04T19:12:38","guid":{"rendered":"https:\/\/amberhuman.lt\/pristatymas-ir-grazinimas\/"},"modified":"2025-07-28T18:17:06","modified_gmt":"2025-07-28T18:17:06","slug":"pristatymas-ir-grazinimas","status":"publish","type":"page","link":"https:\/\/amberhuman.lt\/en\/pristatymas-ir-grazinimas\/","title":{"rendered":"Delivery and returns"},"content":{"rendered":"<h3>Delivery<\/h3>\r\n<p><em>Goods are shipped within 2 business days of payment confirmation.<\/em><\/p>\r\n<ul>\r\n<li><strong>Delivery via Lithuanian Post, registered priority. 2-5 business days.<\/strong><\/li>\r\n<\/ul>\r\n<p>Delivery of goods by Lithuanian Post.<br\/>Goods are delivered to your home or picked up at the post office (depending on the post office).<br\/>Delivery time is from 2 to 5 business days.<br\/>Delivery cost 2.5\u20ac.<\/p>\r\n<ul>\r\n<li><strong>Delivery via courier service to your home or work door. 1-2 business days<\/strong><\/li>\r\n<\/ul>\r\n<p>The goods are delivered by DPD courier to the address you specified (home or work).<br\/>Delivery time: 1-2 business days, depending on the time of order.\r\n<br\/>Delivery cost 4.5\u20ac.<\/p>\r\n<ul>\r\n<li><strong>Delivery via OMNIVA or LP EXPRESS parcel machines<\/strong><\/li>\r\n<\/ul>\r\n<p>Delivery of goods to LPEXPRESS or OMNIVA parcel lockers.\r\n<br\/>Delivery time is 2-3 business days, depending on the time of order.<br\/>Delivery cost 3\u20ac<\/p>\r\n<p><em>Delivery times may be longer during the holiday season.<\/em><\/p>\r\n<p>\u00a0<\/p>\r\n<h3>Return<\/h3>","protected":false},"excerpt":{"rendered":"<p>Pristatymas Prek\u0117s i\u0161siun\u010diamos per 2 darbo dienas nuo apmok\u0117jimo patvirtinimo Pristatymas Lietuvos pa\u0161tu, registruotu pirmenybiniu b\u016bdu. 2-5 darbo dienos. Preki\u0173 pristatymas Lietuvos pa\u0161tu.Prek\u0117s pristatomos \u012f namus arba atsiimamos pa\u0161te (priklausomai nuo pa\u0161to).Pristatymo laikas \u2013 nuo 2 iki 5 darbo dien\u0173 dien\u0173.Pristatymo kaina 2.5\u20ac. Pristatymas per kurjeri\u0173 tarnyb\u0105 iki pat nam\u0173 ar darbo dur\u0173. 1-2 darbo [&#8230;]\n","protected":false},"author":1,"featured_media":0,"parent":0,"menu_order":0,"comment_status":"closed","ping_status":"closed","template":"","meta":{"footnotes":""},"class_list":["post-3203","page","type-page","status-publish","hentry"],"yoast_head":"<!-- This site is optimized with the Yoast SEO plugin v27.4 - https:\/\/yoast.com\/product\/yoast-seo-wordpress\/ -->\n<title>Pristatymas ir gr\u0105\u017einimas - AmberHuman<\/title>\n<meta name=\"description\" content=\"Su\u017einokite apie pristatymo s\u0105lygas ir preki\u0173 gr\u0105\u017einimo tvark\u0105. Greitas pristatymas ir ai\u0161kios gr\u0105\u017einimo taisykl\u0117s AmberHuman klientams.\" \/>\n<meta name=\"robots\" content=\"index, follow, max-snippet:-1, max-image-preview:large, max-video-preview:-1\" \/>\n<link rel=\"canonical\" href=\"https:\/\/amberhuman.lt\/en\/pristatymas-ir-grazinimas\/\" \/>\n<meta property=\"og:locale\" content=\"en_GB\" \/>\n<meta property=\"og:type\" content=\"article\" \/>\n<meta property=\"og:title\" content=\"Pristatymas ir gr\u0105\u017einimas - AmberHuman\" \/>\n<meta property=\"og:description\" content=\"Su\u017einokite apie pristatymo s\u0105lygas ir preki\u0173 gr\u0105\u017einimo tvark\u0105. Greitas pristatymas ir ai\u0161kios gr\u0105\u017einimo taisykl\u0117s AmberHuman klientams.\" \/>\n<meta property=\"og:url\" content=\"https:\/\/amberhuman.lt\/en\/pristatymas-ir-grazinimas\/\" \/>\n<meta property=\"og:site_name\" content=\"AmberHuman\" \/>\n<meta property=\"article:modified_time\" content=\"2025-07-28T18:17:06+00:00\" \/>\n<meta name=\"twitter:card\" content=\"summary_large_image\" \/>\n<meta name=\"twitter:label1\" content=\"Estimated reading time\" \/>\n\t<meta name=\"twitter:data1\" content=\"1 minute\" \/>\n<script type=\"application\/ld+json\" class=\"yoast-schema-graph\">{\"@context\":\"https:\\\/\\\/schema.org\",\"@graph\":[{\"@type\":\"WebPage\",\"@id\":\"https:\\\/\\\/amberhuman.lt\\\/pristatymas-ir-grazinimas\\\/\",\"url\":\"https:\\\/\\\/amberhuman.lt\\\/pristatymas-ir-grazinimas\\\/\",\"name\":\"Pristatymas ir gr\u0105\u017einimas - AmberHuman\",\"isPartOf\":{\"@id\":\"https:\\\/\\\/amberhuman.lt\\\/#website\"},\"datePublished\":\"2021-03-04T19:12:38+00:00\",\"dateModified\":\"2025-07-28T18:17:06+00:00\",\"description\":\"Su\u017einokite apie pristatymo s\u0105lygas ir preki\u0173 gr\u0105\u017einimo tvark\u0105. Greitas pristatymas ir ai\u0161kios gr\u0105\u017einimo taisykl\u0117s AmberHuman klientams.\",\"breadcrumb\":{\"@id\":\"https:\\\/\\\/amberhuman.lt\\\/pristatymas-ir-grazinimas\\\/#breadcrumb\"},\"inLanguage\":\"en-GB\",\"potentialAction\":[{\"@type\":\"ReadAction\",\"target\":[\"https:\\\/\\\/amberhuman.lt\\\/pristatymas-ir-grazinimas\\\/\"]}]},{\"@type\":\"BreadcrumbList\",\"@id\":\"https:\\\/\\\/amberhuman.lt\\\/pristatymas-ir-grazinimas\\\/#breadcrumb\",\"itemListElement\":[{\"@type\":\"ListItem\",\"position\":1,\"name\":\"Home\",\"item\":\"https:\\\/\\\/amberhuman.lt\\\/\"},{\"@type\":\"ListItem\",\"position\":2,\"name\":\"Pristatymas ir gr\u0105\u017einimas\"}]},{\"@type\":\"WebSite\",\"@id\":\"https:\\\/\\\/amberhuman.lt\\\/#website\",\"url\":\"https:\\\/\\\/amberhuman.lt\\\/\",\"name\":\"amberhuman.lt\",\"description\":\"\",\"publisher\":{\"@id\":\"https:\\\/\\\/amberhuman.lt\\\/#organization\"},\"potentialAction\":[{\"@type\":\"SearchAction\",\"target\":{\"@type\":\"EntryPoint\",\"urlTemplate\":\"https:\\\/\\\/amberhuman.lt\\\/?s={search_term_string}\"},\"query-input\":{\"@type\":\"PropertyValueSpecification\",\"valueRequired\":true,\"valueName\":\"search_term_string\"}}],\"inLanguage\":\"en-GB\"},{\"@type\":\"Organization\",\"@id\":\"https:\\\/\\\/amberhuman.lt\\\/#organization\",\"name\":\"AmberHuman\",\"url\":\"https:\\\/\\\/amberhuman.lt\\\/\",\"logo\":{\"@type\":\"ImageObject\",\"inLanguage\":\"en-GB\",\"@id\":\"https:\\\/\\\/amberhuman.lt\\\/#\\\/schema\\\/logo\\\/image\\\/\",\"url\":\"https:\\\/\\\/amberhuman.lt\\\/wp-content\\\/uploads\\\/2021\\\/03\\\/logo2.png\",\"contentUrl\":\"https:\\\/\\\/amberhuman.lt\\\/wp-content\\\/uploads\\\/2021\\\/03\\\/logo2.png\",\"width\":300,\"height\":70,\"caption\":\"AmberHuman\"},\"image\":{\"@id\":\"https:\\\/\\\/amberhuman.lt\\\/#\\\/schema\\\/logo\\\/image\\\/\"}}]}<\/script>\n<!-- \/ Yoast SEO plugin. -->","yoast_head_json":{"title":"Pristatymas ir gr\u0105\u017einimas - AmberHuman","description":"Su\u017einokite apie pristatymo s\u0105lygas ir preki\u0173 gr\u0105\u017einimo tvark\u0105. Greitas pristatymas ir ai\u0161kios gr\u0105\u017einimo taisykl\u0117s AmberHuman klientams.","robots":{"index":"index","follow":"follow","max-snippet":"max-snippet:-1","max-image-preview":"max-image-preview:large","max-video-preview":"max-video-preview:-1"},"canonical":"https:\/\/amberhuman.lt\/en\/pristatymas-ir-grazinimas\/","og_locale":"en_GB","og_type":"article","og_title":"Pristatymas ir gr\u0105\u017einimas - AmberHuman","og_description":"Su\u017einokite apie pristatymo s\u0105lygas ir preki\u0173 gr\u0105\u017einimo tvark\u0105. Greitas pristatymas ir ai\u0161kios gr\u0105\u017einimo taisykl\u0117s AmberHuman klientams.","og_url":"https:\/\/amberhuman.lt\/en\/pristatymas-ir-grazinimas\/","og_site_name":"AmberHuman","article_modified_time":"2025-07-28T18:17:06+00:00","twitter_card":"summary_large_image","twitter_misc":{"Estimated reading time":"1 minute"},"schema":{"@context":"https:\/\/schema.org","@graph":[{"@type":"WebPage","@id":"https:\/\/amberhuman.lt\/pristatymas-ir-grazinimas\/","url":"https:\/\/amberhuman.lt\/pristatymas-ir-grazinimas\/","name":"Pristatymas ir gr\u0105\u017einimas - AmberHuman","isPartOf":{"@id":"https:\/\/amberhuman.lt\/#website"},"datePublished":"2021-03-04T19:12:38+00:00","dateModified":"2025-07-28T18:17:06+00:00","description":"Su\u017einokite apie pristatymo s\u0105lygas ir preki\u0173 gr\u0105\u017einimo tvark\u0105. Greitas pristatymas ir ai\u0161kios gr\u0105\u017einimo taisykl\u0117s AmberHuman klientams.","breadcrumb":{"@id":"https:\/\/amberhuman.lt\/pristatymas-ir-grazinimas\/#breadcrumb"},"inLanguage":"en-GB","potentialAction":[{"@type":"ReadAction","target":["https:\/\/amberhuman.lt\/pristatymas-ir-grazinimas\/"]}]},{"@type":"BreadcrumbList","@id":"https:\/\/amberhuman.lt\/pristatymas-ir-grazinimas\/#breadcrumb","itemListElement":[{"@type":"ListItem","position":1,"name":"Home","item":"https:\/\/amberhuman.lt\/"},{"@type":"ListItem","position":2,"name":"Pristatymas ir gr\u0105\u017einimas"}]},{"@type":"WebSite","@id":"https:\/\/amberhuman.lt\/#website","url":"https:\/\/amberhuman.lt\/","name":"amberhuman.lt","description":"","publisher":{"@id":"https:\/\/amberhuman.lt\/#organization"},"potentialAction":[{"@type":"SearchAction","target":{"@type":"EntryPoint","urlTemplate":"https:\/\/amberhuman.lt\/?s={search_term_string}"},"query-input":{"@type":"PropertyValueSpecification","valueRequired":true,"valueName":"search_term_string"}}],"inLanguage":"en-GB"},{"@type":"Organization","@id":"https:\/\/amberhuman.lt\/#organization","name":"AmberHuman","url":"https:\/\/amberhuman.lt\/","logo":{"@type":"ImageObject","inLanguage":"en-GB","@id":"https:\/\/amberhuman.lt\/#\/schema\/logo\/image\/","url":"https:\/\/amberhuman.lt\/wp-content\/uploads\/2021\/03\/logo2.png","contentUrl":"https:\/\/amberhuman.lt\/wp-content\/uploads\/2021\/03\/logo2.png","width":300,"height":70,"caption":"AmberHuman"},"image":{"@id":"https:\/\/amberhuman.lt\/#\/schema\/logo\/image\/"}}]}},"_links":{"self":[{"href":"https:\/\/amberhuman.lt\/en\/wp-json\/wp\/v2\/pages\/3203","targetHints":{"allow":["GET"]}}],"collection":[{"href":"https:\/\/amberhuman.lt\/en\/wp-json\/wp\/v2\/pages"}],"about":[{"href":"https:\/\/amberhuman.lt\/en\/wp-json\/wp\/v2\/types\/page"}],"author":[{"embeddable":true,"href":"https:\/\/amberhuman.lt\/en\/wp-json\/wp\/v2\/users\/1"}],"replies":[{"embeddable":true,"href":"https:\/\/amberhuman.lt\/en\/wp-json\/wp\/v2\/comments?post=3203"}],"version-history":[{"count":1,"href":"https:\/\/amberhuman.lt\/en\/wp-json\/wp\/v2\/pages\/3203\/revisions"}],"predecessor-version":[{"id":8262,"href":"https:\/\/amberhuman.lt\/en\/wp-json\/wp\/v2\/pages\/3203\/revisions\/8262"}],"wp:attachment":[{"href":"https:\/\/amberhuman.lt\/en\/wp-json\/wp\/v2\/media?parent=3203"}],"curies":[{"name":"wp","href":"https:\/\/api.w.org\/{rel}","templated":true}]}}